{"id":14474,"date":"2026-04-24T18:07:07","date_gmt":"2026-04-24T21:07:07","guid":{"rendered":"https:\/\/br44.com\/us\/product\/v0062-090a-patch-bordado-eua-250-anos-1776-america-estilo-militar\/"},"modified":"2026-04-30T19:01:03","modified_gmt":"2026-04-30T22:01:03","slug":"v0062-090a-embroidered-patch-usa-250-years-1776-america-military-style","status":"publish","type":"product","link":"https:\/\/br44.com\/us\/product\/v0062-090a-embroidered-patch-usa-250-years-1776-america-military-style\/","title":{"rendered":"V0062-090A Patch Bordado EUA 250 anos 1776 Am\u00e9rica-Estilo Militar"},"content":{"rendered":"<p><strong><span style=\"color: #111111;font-family: Lato, sans-serif;font-size: medium\">\u00a0<\/span><\/strong><\/p>\n<p><strong>\u00a0<span style=\"color: #4a4a4a;font-family: Arial, Helvetica, sans-serif;font-size: 16px\">Aut\u00eantico BR44 (Desde 1987)<\/span><\/strong><\/p>\n<p style=\"font-size: 16px;margin-bottom: 20px;padding: 0px;border: 0px;line-height: inherit;vertical-align: baseline;font-family: Arial, Helvetica, sans-serif;color: #4a4a4a\"><strong>Tamanho: 7,5 x 6,3 cm.<\/strong><\/p>\n<p style=\"font-size: 16px;margin-bottom: 20px;padding: 0px;border: 0px;line-height: inherit;vertical-align: baseline;font-family: Arial, Helvetica, sans-serif;color: #4a4a4a\"><strong>2 op\u00e7\u00f5es:<\/strong><\/p>\n<p style=\"font-size: 16px;margin-bottom: 20px;padding: 0px;border: 0px;line-height: inherit;vertical-align: baseline;font-family: Arial, Helvetica, sans-serif;color: #4a4a4a\"><strong>1- Termo adesivo <\/strong><\/p>\n<p style=\"font-size: 16px;margin-bottom: 20px;padding: 0px;border: 0px;line-height: inherit;vertical-align: baseline;font-family: Arial, Helvetica, sans-serif;color: #4a4a4a\"><strong>2- Costura<\/strong><\/p>\n<p style=\"font-size: 16px;margin-bottom: 20px;padding: 0px;border: 0px;line-height: inherit;vertical-align: baseline;font-family: Arial, Helvetica, sans-serif;color: #4a4a4a\"><strong>Bordado de alta qualidade.100% BORDADO, resistente as lavagens e ao desbotamento, bordado com fios de poli\u00e9ster de alto brilho.<\/strong><\/p>\n<p style=\"margin-bottom: 20px;padding: 0px;border: 0px;line-height: inherit;vertical-align: baseline\">Sugest\u00f5es de USO:\u00a0 Bon\u00e9s, Mochilas e Uniformes t\u00e1ticos.<\/p>\n","protected":false},"excerpt":{"rendered":"<p>\u00a0 \u00a0Aut\u00eantico BR44 (Desde 1987) Tamanho: 7,5 x 6,3 cm. 2 op\u00e7\u00f5es: 1- Termo adesivo 2- Costura Bordado de alta qualidade.100% BORDADO, resistente as lavagens e ao desbotamento, bordado com fios de poli\u00e9ster de alto brilho. Sugest\u00f5es de USO:\u00a0 Bon\u00e9s, Mochilas e Uniformes t\u00e1ticos.<\/p>\n","protected":false},"featured_media":14488,"comment_status":"open","ping_status":"closed","template":"","meta":{"_kadence_starter_templates_imported_post":false,"_kad_post_transparent":"default","_kad_post_title":"","_kad_post_layout":"default","_kad_post_sidebar_id":"","_kad_post_content_style":"default","_kad_post_vertical_padding":"default","_kad_post_feature":"","_kad_post_feature_position":"","_kad_post_header":false,"_kad_post_footer":false,"_kad_post_classname":""},"product_brand":[],"product_cat":[16,23],"product_tag":[],"class_list":{"0":"post-14474","1":"product","2":"type-product","3":"status-publish","4":"has-post-thumbnail","6":"product_cat-embroidery-patch","7":"product_cat-military","8":"product_shipping_class-light","10":"first","11":"onbackorder","12":"shipping-taxable","13":"purchasable","14":"product-type-variable","15":"entry","16":"content-bg","17":"loop-entry"},"_links":{"self":[{"href":"https:\/\/br44.com\/us\/wp-json\/wp\/v2\/product\/14474","targetHints":{"allow":["GET"]}}],"collection":[{"href":"https:\/\/br44.com\/us\/wp-json\/wp\/v2\/product"}],"about":[{"href":"https:\/\/br44.com\/us\/wp-json\/wp\/v2\/types\/product"}],"replies":[{"embeddable":true,"href":"https:\/\/br44.com\/us\/wp-json\/wp\/v2\/comments?post=14474"}],"wp:featuredmedia":[{"embeddable":true,"href":"https:\/\/br44.com\/us\/wp-json\/wp\/v2\/media\/14488"}],"wp:attachment":[{"href":"https:\/\/br44.com\/us\/wp-json\/wp\/v2\/media?parent=14474"}],"wp:term":[{"taxonomy":"product_brand","embeddable":true,"href":"https:\/\/br44.com\/us\/wp-json\/wp\/v2\/product_brand?post=14474"},{"taxonomy":"product_cat","embeddable":true,"href":"https:\/\/br44.com\/us\/wp-json\/wp\/v2\/product_cat?post=14474"},{"taxonomy":"product_tag","embeddable":true,"href":"https:\/\/br44.com\/us\/wp-json\/wp\/v2\/product_tag?post=14474"}],"curies":[{"name":"wp","href":"https:\/\/api.w.org\/{rel}","templated":true}]}}