{"id":14460,"date":"2026-03-26T14:48:52","date_gmt":"2026-03-26T17:48:52","guid":{"rendered":"https:\/\/br44.com\/us\/product\/mot290-101a-give-respect-get-respect-patch-bordado-101x38\/"},"modified":"2026-03-30T10:58:55","modified_gmt":"2026-03-30T13:58:55","slug":"mot290-101a-give-respect-get-respect-patch-bordado-101x38","status":"publish","type":"product","link":"https:\/\/br44.com\/us\/product\/mot290-101a-give-respect-get-respect-patch-bordado-101x38\/","title":{"rendered":"MOT290-101A Give Respect Get Respect Patch Bordado 10,1&#215;3,8"},"content":{"rendered":"<ul style=\"margin: 0px 0px 1.5em 1.5em;padding: 0px;color: #111111;font-family: Lato, sans-serif;font-size: 16px;font-style: normal;font-weight: 400;letter-spacing: normal;text-align: start;text-indent: 0px;text-transform: none;background-color: #ffffff\"><\/ul>\n<p><span style=\"color: #111111;font-family: Lato, sans-serif;font-size: medium\"><span>\u00a0<\/span><\/span><\/p>\n<p>\u00a0<span style=\"color: #4a4a4a;font-family: Arial, Helvetica, sans-serif;font-size: 16px\">Aut\u00eantico BR44 (Desde 1987)<\/span><\/p>\n<p style=\"font-size: 16px;margin-bottom: 20px;padding: 0px;border: 0px;line-height: inherit;vertical-align: baseline;font-family: Arial, Helvetica, sans-serif;color: #4a4a4a\">Tamanho: 7,5 x 6,3 cm.<\/p>\n<p style=\"font-size: 16px;margin-bottom: 20px;padding: 0px;border: 0px;line-height: inherit;vertical-align: baseline;font-family: Arial, Helvetica, sans-serif;color: #4a4a4a\">4 op\u00e7\u00f5es:<\/p>\n<p style=\"font-size: 16px;margin-bottom: 20px;padding: 0px;border: 0px;line-height: inherit;vertical-align: baseline;font-family: Arial, Helvetica, sans-serif;color: #4a4a4a\">1- Termo adesivo ou costura.<\/p>\n<p style=\"font-size: 16px;margin-bottom: 20px;padding: 0px;border: 0px;line-height: inherit;vertical-align: baseline;font-family: Arial, Helvetica, sans-serif;color: #4a4a4a\">2- Fecho de contato.<\/p>\n<p style=\"font-size: 16px;margin-bottom: 20px;padding: 0px;border: 0px;line-height: inherit;vertical-align: baseline;font-family: Arial, Helvetica, sans-serif;color: #4a4a4a\">3- Chaveiro.<\/p>\n<p style=\"font-size: 16px;margin-bottom: 20px;padding: 0px;border: 0px;line-height: inherit;vertical-align: baseline;font-family: Arial, Helvetica, sans-serif;color: #4a4a4a\">4- Arquivo Matriz para bordar em m\u00e1quina eletr\u00f4nica, formato: DSB, DST, EXP, HUS, JEF, PCS, PES, SEW, VP3, XXX.<\/p>\n<p style=\"font-size: 16px;margin-bottom: 20px;padding: 0px;border: 0px;line-height: inherit;vertical-align: baseline;font-family: Arial, Helvetica, sans-serif;color: #4a4a4a\">Bordado de alta qualidade.100% BORDADO, resistente as lavagens e ao desbotamento, bordado com fios de poli\u00e9ster de alto brilho.<\/p>\n<p style=\"font-size: 16px;margin-bottom: 20px;padding: 0px;border: 0px;line-height: inherit;vertical-align: baseline;font-family: Arial, Helvetica, sans-serif;color: #4a4a4a\">Sugest\u00f5es de uso: Aplicar em bon\u00e9s, chap\u00e9us, quimonos, camisas, mochilas e equipamentos t\u00e1ticos. ou qualquer outra pe\u00e7a de roupa para dar o seu toque pessoal e \u00fanico.<\/p>\n<p style=\"font-size: 16px;margin-bottom: 20px;padding: 0px;border: 0px;line-height: inherit;vertical-align: baseline;font-family: Arial, Helvetica, sans-serif;color: #4a4a4a\">Temos a melhor qualidade e o melhor atendimento do mercado.<\/p>\n<p style=\"font-size: 16px;margin-bottom: 20px;padding: 0px;border: 0px;line-height: inherit;vertical-align: baseline;font-family: Arial, Helvetica, sans-serif;color: #4a4a4a\">Clique em comprar e conhe\u00e7a nosso trabalho.<\/p>\n","protected":false},"excerpt":{"rendered":"<p>\u00a0 \u00a0Aut\u00eantico BR44 (Desde 1987) Tamanho: 7,5 x 6,3 cm. 4 op\u00e7\u00f5es: 1- Termo adesivo ou costura. 2- Fecho de contato. 3- Chaveiro. 4- Arquivo Matriz para bordar em m\u00e1quina eletr\u00f4nica, formato: DSB, DST, EXP, HUS, JEF, PCS, PES, SEW, VP3, XXX. Bordado de alta qualidade.100% BORDADO, resistente as lavagens e ao desbotamento, bordado com&#8230;<\/p>\n","protected":false},"featured_media":0,"comment_status":"open","ping_status":"closed","template":"","meta":{"_kadence_starter_templates_imported_post":false,"_kad_post_transparent":"","_kad_post_title":"","_kad_post_layout":"","_kad_post_sidebar_id":"","_kad_post_content_style":"","_kad_post_vertical_padding":"","_kad_post_feature":"","_kad_post_feature_position":"","_kad_post_header":false,"_kad_post_footer":false,"_kad_post_classname":""},"product_brand":[],"product_cat":[16,21],"product_tag":[],"class_list":{"0":"post-14460","1":"product","2":"type-product","3":"status-publish","5":"product_cat-embroidery-patch","6":"product_cat-vehicles","8":"first","9":"instock","10":"shipping-taxable","11":"purchasable","12":"product-type-variable","13":"entry","14":"content-bg","15":"loop-entry"},"_links":{"self":[{"href":"https:\/\/br44.com\/us\/wp-json\/wp\/v2\/product\/14460","targetHints":{"allow":["GET"]}}],"collection":[{"href":"https:\/\/br44.com\/us\/wp-json\/wp\/v2\/product"}],"about":[{"href":"https:\/\/br44.com\/us\/wp-json\/wp\/v2\/types\/product"}],"replies":[{"embeddable":true,"href":"https:\/\/br44.com\/us\/wp-json\/wp\/v2\/comments?post=14460"}],"wp:attachment":[{"href":"https:\/\/br44.com\/us\/wp-json\/wp\/v2\/media?parent=14460"}],"wp:term":[{"taxonomy":"product_brand","embeddable":true,"href":"https:\/\/br44.com\/us\/wp-json\/wp\/v2\/product_brand?post=14460"},{"taxonomy":"product_cat","embeddable":true,"href":"https:\/\/br44.com\/us\/wp-json\/wp\/v2\/product_cat?post=14460"},{"taxonomy":"product_tag","embeddable":true,"href":"https:\/\/br44.com\/us\/wp-json\/wp\/v2\/product_tag?post=14460"}],"curies":[{"name":"wp","href":"https:\/\/api.w.org\/{rel}","templated":true}]}}