{"id":9351,"date":"2024-01-08T11:32:49","date_gmt":"2024-01-08T14:32:49","guid":{"rendered":"https:\/\/br44.com\/br\/product\/bp0030-001-bandeira-italia-patch-bordado-75x50cm\/"},"modified":"2026-02-25T07:19:31","modified_gmt":"2026-02-25T10:19:31","slug":"bp0030-001-bandeira-italia-patch-bordado","status":"publish","type":"product","link":"https:\/\/br44.com\/br\/product\/bp0030-001-bandeira-italia-patch-bordado\/","title":{"rendered":"Bandeira Da It\u00e1lia Patch Bordado 7,5&#215;5 cm"},"content":{"rendered":"<h4>Desvendando a Eleg\u00e2ncia: Bandeira da It\u00e1lia Patch Bordado<\/h4>\n<p>Antes de tudo, descubra a sofistica\u00e7\u00e3o \u00fanica do Bandeira da It\u00e1lia Patch Bordado. \u00c0 primeira vista, esse adorno exclusivo destaca-se pela riqueza de detalhes e simbolismo. Desde j\u00e1, explore conosco o fascinante mundo do turismo na It\u00e1lia e como esse patch pode agregar estilo \u00e0 sua jornada.<\/p>\n<h4><strong>Turismo na It\u00e1lia: Uma Viagem Inesquec\u00edvel:<\/strong><\/h4>\n<p>Em primeiro lugar, a It\u00e1lia \u00e9 um destino que antecipa experi\u00eancias extraordin\u00e1rias. Ainda assim, suas cidades hist\u00f3ricas como Roma, Floren\u00e7a e Veneza encantam visitantes com monumentos e arte inigual\u00e1veis. Al\u00e9m disso, a deliciosa gastronomia italiana \u00e9 um convite irresist\u00edvel aos amantes da boa comida.<\/p>\n<p><strong>Detalhes do Patch: Uma Obra de Arte Bordada:<\/strong> Do mesmo modo que a It\u00e1lia \u00e9 famosa por sua arte, o Bandeira da It\u00e1lia Patch Bordado reflete essa tradi\u00e7\u00e3o. Em outras palavras, cada ponto \u00e9 uma express\u00e3o de qualidade e paix\u00e3o pela cultura italiana. Juntamente com a riqueza hist\u00f3rica, o patch \u00e9 uma homenagem \u00e0 beleza que o pa\u00eds oferece.<\/p>\n<p><strong>Explorando as Regi\u00f5es: Uma Viagem Multifacetada:<\/strong> Atualmente, a It\u00e1lia \u00e9 um pa\u00eds que constantemente surpreende. Desde que voc\u00ea explore a paisagem deslumbrante da Toscana at\u00e9 as praias da Costa Amalfitana, a diversidade \u00e9 impressionante. Enquanto isso, o Bandeira da It\u00e1lia representa todas essas facetas em um s\u00edmbolo \u00fanico.<\/p>\n<p><strong>Adquira Seu Pr\u00f3prio Tesouro Italiano:<\/strong> Em conclus\u00e3o, se voc\u00ea busca um peda\u00e7o tang\u00edvel da experi\u00eancia italiana, o Bandeira da It\u00e1lia Patch Bordado \u00e9 a escolha ideal. Acima de tudo, adicione um toque de eleg\u00e2ncia ao seu estilo e carregue consigo as lembran\u00e7as de uma terra encantadora. N\u00e3o perca a oportunidade de ter essa obra de arte bordada que representa n\u00e3o apenas uma bandeira, mas uma na\u00e7\u00e3o rica em hist\u00f3ria e cultura.<\/p>\n<p><strong>Tags para SEO:<\/strong> Bandeira da It\u00e1lia, Patch Bordado, Turismo na It\u00e1lia, Eleg\u00e2ncia Italiana, Arte Bordada, S\u00edmbolos Culturais, Viagem \u00e0 It\u00e1lia, Patches Exclusivos, Lembran\u00e7as Italianas.<\/p>\n","protected":false},"excerpt":{"rendered":"<ul style=\"margin: 0px 0px 1.5em 1.5em; padding: 0px; color: #111111; font-family: Lato, sans-serif; font-size: 16px; font-style: normal; font-weight: 400; letter-spacing: normal; text-align: start; text-indent: 0px; text-transform: none; background-color: #ffffff;\">\n<li><span style=\"color: #333333; font-family: Georgia, 'Times New Roman', 'Bitstream Charter', Times, serif;\">4 op\u00e7\u00f5es:<\/span><\/li>\n<li><span style=\"color: #333333; font-family: Georgia, 'Times New Roman', 'Bitstream Charter', Times, serif;\">A- Termo adesivo ou costura.<\/span><\/li>\n<li><span style=\"color: #333333; font-family: Georgia, 'Times New Roman', 'Bitstream Charter', Times, serif;\">B- Fecho de contato gancho da marca Velcro atr\u00e1s.<\/span><\/li>\n<li><span style=\"color: #333333; font-family: Georgia, 'Times New Roman', 'Bitstream Charter', Times, serif;\">C- Chaveiro.<\/span><\/li>\n<li><span style=\"color: #333333; font-family: Georgia, 'Times New Roman', 'Bitstream Charter', Times, serif;\">D- Arquivo Matriz para bordar em m\u00e1quina eletr\u00f4nica, formato: DSB, DST, EXP, HUS, JEF, PCS, PES, SEW, VP3, XXX.<\/span><\/li>\n<\/ul>\n","protected":false},"featured_media":9356,"comment_status":"open","ping_status":"closed","template":"","meta":{"_kadence_starter_templates_imported_post":false,"_kad_post_transparent":"default","_kad_post_title":"","_kad_post_layout":"default","_kad_post_sidebar_id":"","_kad_post_content_style":"default","_kad_post_vertical_padding":"default","_kad_post_feature":"","_kad_post_feature_position":"","_kad_post_header":false,"_kad_post_footer":false,"_kad_post_classname":""},"product_brand":[],"product_cat":[97,17,16],"product_tag":[89],"class_list":{"0":"post-9351","1":"product","2":"type-product","3":"status-publish","4":"has-post-thumbnail","6":"product_cat-75x50mm","7":"product_cat-bandeira","8":"product_cat-bordado","9":"product_tag-bandeiras-europa","10":"product_shipping_class-light","12":"first","13":"instock","14":"shipping-taxable","15":"purchasable","16":"product-type-variable","17":"entry","18":"content-bg","19":"loop-entry"},"_links":{"self":[{"href":"https:\/\/br44.com\/br\/wp-json\/wp\/v2\/product\/9351","targetHints":{"allow":["GET"]}}],"collection":[{"href":"https:\/\/br44.com\/br\/wp-json\/wp\/v2\/product"}],"about":[{"href":"https:\/\/br44.com\/br\/wp-json\/wp\/v2\/types\/product"}],"replies":[{"embeddable":true,"href":"https:\/\/br44.com\/br\/wp-json\/wp\/v2\/comments?post=9351"}],"wp:featuredmedia":[{"embeddable":true,"href":"https:\/\/br44.com\/br\/wp-json\/wp\/v2\/media\/9356"}],"wp:attachment":[{"href":"https:\/\/br44.com\/br\/wp-json\/wp\/v2\/media?parent=9351"}],"wp:term":[{"taxonomy":"product_brand","embeddable":true,"href":"https:\/\/br44.com\/br\/wp-json\/wp\/v2\/product_brand?post=9351"},{"taxonomy":"product_cat","embeddable":true,"href":"https:\/\/br44.com\/br\/wp-json\/wp\/v2\/product_cat?post=9351"},{"taxonomy":"product_tag","embeddable":true,"href":"https:\/\/br44.com\/br\/wp-json\/wp\/v2\/product_tag?post=9351"}],"curies":[{"name":"wp","href":"https:\/\/api.w.org\/{rel}","templated":true}]}}