{"id":9300,"date":"2024-01-04T07:58:22","date_gmt":"2024-01-04T10:58:22","guid":{"rendered":"https:\/\/br44.com\/br\/product\/bp0089-001-bandeira-angola-patch-bordado-75x50cm\/"},"modified":"2025-05-12T10:59:02","modified_gmt":"2025-05-12T13:59:02","slug":"bp0089-001-bandeira-angola-patch-bordado","status":"publish","type":"product","link":"https:\/\/br44.com\/br\/product\/bp0089-001-bandeira-angola-patch-bordado\/","title":{"rendered":"Bandeira De Angola Patch Bordado 7,5&#215;5 cm"},"content":{"rendered":"<p><strong>Explorando a Experi\u00eancia Cultural: Bandeira de Angola Patch Bordado para Viajantes<\/strong><\/p>\n<p><em>Antes de tudo, mergulhe na rica cultura de Angola com nossos patches bordados exclusivos. Desde j\u00e1, descubra a hist\u00f3ria por tr\u00e1s dessas pe\u00e7as \u00fanicas. Principalmente, uma viagem pela tradi\u00e7\u00e3o angolana.<\/em><\/p>\n<p><strong>Descubra a Hist\u00f3ria: Bandeira de Angola Patch Bordado<\/strong><\/p>\n<p><em>\u00c0 primeira vista, a bandeira de Angola \u00e9 rica em simbolismo. Por exemplo, as cores representam a luta pela independ\u00eancia. Do mesmo modo, nossos patches capturam essa ess\u00eancia. Juntamente com a qualidade, eles contam uma hist\u00f3ria \u00fanica.<\/em><\/p>\n<p><strong>Turismo em Angola: Destinos Inesquec\u00edveis<\/strong><\/p>\n<p><em>Antecipadamente, ao planejar sua viagem a Angola, explore os destinos imperd\u00edveis. Sobretudo, as Cataratas do Ruacan\u00e1 oferecem uma experi\u00eancia deslumbrante. Al\u00e9m disso, a Ilha de Luanda cativa com sua arquitetura colonial.<\/em><\/p>\n<p><strong>A Cultura Local: Gastronomia e Artesanato<\/strong><\/p>\n<p><em>Na culin\u00e1ria angolana, experimente pratos como o &#8220;muamba de galinha&#8221;. Al\u00e9m disso, leve para casa lembran\u00e7as aut\u00eanticas, como artesanato local. Ainda assim, nossos patches bordados s\u00e3o uma lembran\u00e7a \u00fanica e exclusiva.<\/em><\/p>\n<p><strong>Conclus\u00e3o: Patch Bordado &#8211; Um Tesouro Cultural<\/strong><\/p>\n<p><em>Em conclus\u00e3o, os patches bordados da bandeira de Angola s\u00e3o mais do que acess\u00f3rios. Como resultado, eles s\u00e3o tesouros culturais. Definitivamente, uma maneira \u00fanica de celebrar e lembrar sua jornada por essa terra vibrante.<\/em><\/p>\n<p><em>Adquira sua Bandeira de Angola agora e leve consigo um peda\u00e7o da tradi\u00e7\u00e3o para onde quer que v\u00e1.<\/em><\/p>\n<p><em>Tags: Bandeira de Angola, Patch Bordado, Turismo em Angola, Cultura Angolana, Patches Exclusivos.<\/em><\/p>\n","protected":false},"excerpt":{"rendered":"<ul style=\"margin: 0px 0px 1.5em 1.5em; padding: 0px; color: #111111; font-family: Lato, sans-serif; font-size: 16px; font-style: normal; font-weight: 400; letter-spacing: normal; text-align: start; text-indent: 0px; text-transform: none; background-color: #ffffff;\">\n<li><span style=\"color: #333333; font-family: Georgia, 'Times New Roman', 'Bitstream Charter', Times, serif;\">4 op\u00e7\u00f5es:<\/span><\/li>\n<li><span style=\"color: #333333; font-family: Georgia, 'Times New Roman', 'Bitstream Charter', Times, serif;\">A- Termo adesivo ou costura.<\/span><\/li>\n<li><span style=\"color: #333333; font-family: Georgia, 'Times New Roman', 'Bitstream Charter', Times, serif;\">B- Fecho de contato gancho da marca Velcro atr\u00e1s.<\/span><\/li>\n<li><span style=\"color: #333333; font-family: Georgia, 'Times New Roman', 'Bitstream Charter', Times, serif;\">C- Chaveiro.<\/span><\/li>\n<li><span style=\"color: #333333; font-family: Georgia, 'Times New Roman', 'Bitstream Charter', Times, serif;\">D- Arquivo Matriz para bordar em m\u00e1quina eletr\u00f4nica, formato: DSB, DST, EXP, HUS, JEF, PCS, PES, SEW, VP3, XXX.<\/span><\/li>\n<\/ul>\n","protected":false},"featured_media":9309,"comment_status":"open","ping_status":"closed","template":"","meta":{"_kadence_starter_templates_imported_post":false,"_kad_post_transparent":"default","_kad_post_title":"","_kad_post_layout":"default","_kad_post_sidebar_id":"","_kad_post_content_style":"default","_kad_post_vertical_padding":"default","_kad_post_feature":"","_kad_post_feature_position":"","_kad_post_header":false,"_kad_post_footer":false,"_kad_post_classname":""},"product_brand":[],"product_cat":[97,17,16],"product_tag":[109],"class_list":{"0":"post-9300","1":"product","2":"type-product","3":"status-publish","4":"has-post-thumbnail","6":"product_cat-75x50mm","7":"product_cat-bandeira","8":"product_cat-bordado","9":"product_tag-bandeira-africa","10":"product_shipping_class-light","12":"first","13":"instock","14":"shipping-taxable","15":"purchasable","16":"product-type-variable","17":"entry","18":"content-bg","19":"loop-entry"},"_links":{"self":[{"href":"https:\/\/br44.com\/br\/wp-json\/wp\/v2\/product\/9300","targetHints":{"allow":["GET"]}}],"collection":[{"href":"https:\/\/br44.com\/br\/wp-json\/wp\/v2\/product"}],"about":[{"href":"https:\/\/br44.com\/br\/wp-json\/wp\/v2\/types\/product"}],"replies":[{"embeddable":true,"href":"https:\/\/br44.com\/br\/wp-json\/wp\/v2\/comments?post=9300"}],"wp:featuredmedia":[{"embeddable":true,"href":"https:\/\/br44.com\/br\/wp-json\/wp\/v2\/media\/9309"}],"wp:attachment":[{"href":"https:\/\/br44.com\/br\/wp-json\/wp\/v2\/media?parent=9300"}],"wp:term":[{"taxonomy":"product_brand","embeddable":true,"href":"https:\/\/br44.com\/br\/wp-json\/wp\/v2\/product_brand?post=9300"},{"taxonomy":"product_cat","embeddable":true,"href":"https:\/\/br44.com\/br\/wp-json\/wp\/v2\/product_cat?post=9300"},{"taxonomy":"product_tag","embeddable":true,"href":"https:\/\/br44.com\/br\/wp-json\/wp\/v2\/product_tag?post=9300"}],"curies":[{"name":"wp","href":"https:\/\/api.w.org\/{rel}","templated":true}]}}