{"id":9282,"date":"2023-12-20T09:07:08","date_gmt":"2023-12-20T12:07:08","guid":{"rendered":"https:\/\/br44.com\/br\/product\/m0143-001-dont-tread-on-me-patch-bordado-75x5cm\/"},"modified":"2026-04-20T06:55:30","modified_gmt":"2026-04-20T09:55:30","slug":"m0143-001-dont-tread-on-me-patch-bordado","status":"publish","type":"product","link":"https:\/\/br44.com\/br\/product\/m0143-001-dont-tread-on-me-patch-bordado\/","title":{"rendered":"M0143-001 Don&#8217;t Tread On Me Patch Bordado 7,5&#215;5 cm"},"content":{"rendered":"<h2><strong>Desbravando a Hist\u00f3ria da Bandeira Don&#8217;t Tread On Me<\/strong><\/h2>\n<p><em>Antes de mais nada, vamos explorar a rica hist\u00f3ria da bandeira &#8220;Don&#8217;t Tread On Me&#8221;.<\/em><\/p>\n<h4><strong>A Origem Inicial<\/strong><\/h4>\n<p><em>\u00c0 primeira vista, a bandeira Don&#8217;t Tread On Me surgiu durante a Revolu\u00e7\u00e3o Americana, simbolizando a resist\u00eancia e a luta pela liberdade. Desde ent\u00e3o, tornou-se um \u00edcone poderoso.<\/em><\/p>\n<h4><strong>Um Grito por Liberdade<\/strong><\/h4>\n<p><em>Principalmente utilizada pela Marinha dos Estados Unidos, a bandeira &#8220;Don&#8217;t Tread On Me&#8221; \u00e9 primordialmente associada \u00e0 coragem e independ\u00eancia. Ela representa um apelo para n\u00e3o ser oprimido, uma express\u00e3o de autonomia.<\/em><\/p>\n<h4><strong>S\u00edmbolo na Atualidade<\/strong><\/h4>\n<p><em>Atualmente, al\u00e9m de seu significado hist\u00f3rico, a bandeira &#8220;Don&#8217;t Tread On Me&#8221; \u00e9 usada de diversas formas, incluindo patches bordados. Esses distintivos s\u00e3o uma forma de expressar individualidade e resili\u00eancia.<\/em><\/p>\n<h4><strong>Don&#8217;t Tread On Me Patch Bordado: Mais do que Moda<\/strong><\/h4>\n<p><em>Do mesmo modo que a bandeira, o patch bordado &#8220;Don&#8217;t Tread On Me&#8221; transcende a moda. Em outras palavras, ele \u00e9 uma declara\u00e7\u00e3o de identidade e comprometimento com os valores de liberdade.<\/em><\/p>\n<h4><strong>Onde Encontrar Patches de Qualidade<\/strong><\/h4>\n<p><em>Se voc\u00ea busca patches de qualidade, pode encontrar diversas op\u00e7\u00f5es no mercado. Ainda assim, \u00e9 fundamental escolher fornecedores confi\u00e1veis. Juntamente com a est\u00e9tica, a durabilidade \u00e9 crucial.<\/em><\/p>\n<h4><strong>Conclus\u00e3o: Don&#8217;t Tread On Me \u00e9 Mais do que Uma Bandeira<\/strong><\/h4>\n<p><em>Em conclus\u00e3o, a bandeira Don&#8217;t Tread On Me vai al\u00e9m de suas origens hist\u00f3ricas. Analogamente, os patches bordados que a reproduzem s\u00e3o s\u00edmbolos poderosos de coragem e liberdade. Seja parte dessa tradi\u00e7\u00e3o e carregue o esp\u00edrito da independ\u00eancia.<\/em><\/p>\n<p><em>Tags para SEO: Don&#8217;t Tread On Me, Bandeira Hist\u00f3rica, Patches Bordados, Revolu\u00e7\u00e3o Americana, Liberdade, Identidade, Moda Patri\u00f3tica.<\/em><\/p>\n","protected":false},"excerpt":{"rendered":"<ul style=\"margin: 0px 0px 1.5em 1.5em; padding: 0px; color: #111111; font-family: Lato, sans-serif; font-size: 16px; font-style: normal; font-weight: 400; letter-spacing: normal; text-align: start; text-indent: 0px; text-transform: none; background-color: #ffffff;\">\n<li><span style=\"color: #333333; font-family: Georgia, 'Times New Roman', 'Bitstream Charter', Times, serif;\">4 op\u00e7\u00f5es:<\/span><\/li>\n<li><span style=\"color: #333333; font-family: Georgia, 'Times New Roman', 'Bitstream Charter', Times, serif;\">A- Termo adesivo ou costura.<\/span><\/li>\n<li><span style=\"color: #333333; font-family: Georgia, 'Times New Roman', 'Bitstream Charter', Times, serif;\">B- Fecho de contato gancho da marca Velcro atr\u00e1s.<\/span><\/li>\n<li><span style=\"color: #333333; font-family: Georgia, 'Times New Roman', 'Bitstream Charter', Times, serif;\">C- Chaveiro.<\/span><\/li>\n<li><span style=\"color: #333333; font-family: Georgia, 'Times New Roman', 'Bitstream Charter', Times, serif;\">D- Arquivo Matriz para bordar em m\u00e1quina eletr\u00f4nica, formato: DSB, DST, EXP, HUS, JEF, PCS, PES, SEW, VP3, XXX.<\/span><\/li>\n<\/ul>\n","protected":false},"featured_media":9287,"comment_status":"open","ping_status":"closed","template":"","meta":{"_kadence_starter_templates_imported_post":false,"_kad_post_transparent":"default","_kad_post_title":"","_kad_post_layout":"default","_kad_post_sidebar_id":"","_kad_post_content_style":"default","_kad_post_vertical_padding":"default","_kad_post_feature":"","_kad_post_feature_position":"","_kad_post_header":false,"_kad_post_footer":false,"_kad_post_classname":""},"product_brand":[],"product_cat":[23,16],"product_tag":[124],"class_list":{"0":"post-9282","1":"product","2":"type-product","3":"status-publish","4":"has-post-thumbnail","6":"product_cat-militar","7":"product_cat-bordado","8":"product_tag-military","9":"product_shipping_class-light","11":"first","12":"instock","13":"shipping-taxable","14":"purchasable","15":"product-type-variable","16":"entry","17":"content-bg","18":"loop-entry"},"_links":{"self":[{"href":"https:\/\/br44.com\/br\/wp-json\/wp\/v2\/product\/9282","targetHints":{"allow":["GET"]}}],"collection":[{"href":"https:\/\/br44.com\/br\/wp-json\/wp\/v2\/product"}],"about":[{"href":"https:\/\/br44.com\/br\/wp-json\/wp\/v2\/types\/product"}],"replies":[{"embeddable":true,"href":"https:\/\/br44.com\/br\/wp-json\/wp\/v2\/comments?post=9282"}],"wp:featuredmedia":[{"embeddable":true,"href":"https:\/\/br44.com\/br\/wp-json\/wp\/v2\/media\/9287"}],"wp:attachment":[{"href":"https:\/\/br44.com\/br\/wp-json\/wp\/v2\/media?parent=9282"}],"wp:term":[{"taxonomy":"product_brand","embeddable":true,"href":"https:\/\/br44.com\/br\/wp-json\/wp\/v2\/product_brand?post=9282"},{"taxonomy":"product_cat","embeddable":true,"href":"https:\/\/br44.com\/br\/wp-json\/wp\/v2\/product_cat?post=9282"},{"taxonomy":"product_tag","embeddable":true,"href":"https:\/\/br44.com\/br\/wp-json\/wp\/v2\/product_tag?post=9282"}],"curies":[{"name":"wp","href":"https:\/\/api.w.org\/{rel}","templated":true}]}}