{"id":9184,"date":"2023-12-08T10:03:23","date_gmt":"2023-12-08T13:03:23","guid":{"rendered":"https:\/\/br44.com\/br\/product\/bp0429e-011-bandeira-ira-patch-bordado-57x68cm\/"},"modified":"2025-05-15T14:11:40","modified_gmt":"2025-05-15T17:11:40","slug":"bp0429e-011-bandeira-ira-patch-bordado","status":"publish","type":"product","link":"https:\/\/br44.com\/br\/product\/bp0429e-011-bandeira-ira-patch-bordado\/","title":{"rendered":"Bandeira Do Ir\u00e3 Patch Bordado 5,7&#215;6,8 cm"},"content":{"rendered":"<h2><strong>Explorando o Encanto do Ir\u00e3 com o Patch Bordado da Bandeira: Uma Jornada Cultural Inigual\u00e1vel<\/strong><\/h2>\n<p><em>Introdu\u00e7\u00e3o:<\/em> Antecipadamente, mergulhe na riqueza hist\u00f3rica do Ir\u00e3 com a Bandeira. \u00c0 primeira vista, descubra um s\u00edmbolo aut\u00eantico de orgulho e tradi\u00e7\u00e3o.<\/p>\n<p><em>Descobrindo o Ir\u00e3:<\/em> Em primeiro lugar, explore os tesouros arquitet\u00f4nicos, como a antiga cidade de Pers\u00e9polis. Al\u00e9m disso, maravilhe-se com a diversidade geogr\u00e1fica, desde desertos at\u00e9 montanhas majestosas.<\/p>\n<p><em>Cultura e Tradi\u00e7\u00e3o:<\/em> Sobretudo, a cultura persa \u00e9 conhecida por sua arte, literatura e m\u00fasica. Desde j\u00e1, entenda as tradi\u00e7\u00f5es que permeiam a sociedade iraniana, proporcionando uma experi\u00eancia \u00fanica.<\/p>\n<p><em>Turismo Irresist\u00edvel:<\/em> Al\u00e9m disso, o Ir\u00e3 oferece uma experi\u00eancia tur\u00edstica \u00fanica. Do mesmo modo, explore os bazares vibrantes e delicie-se com a culin\u00e1ria local, uma verdadeira jornada para os sentidos.<\/p>\n<p><em>Arte Representada:<\/em> Por analogia, assim como um tapete persa tecido com precis\u00e3o, o Patch Bordado da Bandeira \u00e9 uma obra de arte que representa a identidade e a hist\u00f3ria do pa\u00eds.<\/p>\n<p><em>Conclus\u00e3o Magn\u00edfica:<\/em> Definitivamente, mergulhe na fascinante hist\u00f3ria do Ir\u00e3 com o Patch Bordado da Bandeira. Em conclus\u00e3o, uma adi\u00e7\u00e3o \u00fanica para colecionadores e amantes da cultura persa.<\/p>\n<p><em>Tags para SEO: Ir\u00e3, Turismo no Ir\u00e3, Bandeira do Ir\u00e3, Cultura Persa, Patch Bordado, S\u00edmbolos Culturais, Viagem Cultural.<\/em><\/p>\n","protected":false},"excerpt":{"rendered":"<ul style=\"margin: 0px 0px 1.5em 1.5em; padding: 0px; color: #111111; font-family: Lato, sans-serif; font-size: 16px; font-style: normal; font-weight: 400; letter-spacing: normal; text-align: start; text-indent: 0px; text-transform: none; background-color: #ffffff;\">\n<li><span style=\"color: #333333; font-family: Georgia, 'Times New Roman', 'Bitstream Charter', Times, serif;\">4 op\u00e7\u00f5es:<\/span><\/li>\n<li><span style=\"color: #333333; font-family: Georgia, 'Times New Roman', 'Bitstream Charter', Times, serif;\">A- Termo adesivo ou costura.<\/span><\/li>\n<li><span style=\"color: #333333; font-family: Georgia, 'Times New Roman', 'Bitstream Charter', Times, serif;\">B- Fecho de contato gancho da marca Velcro atr\u00e1s.<\/span><\/li>\n<li><span style=\"color: #333333; font-family: Georgia, 'Times New Roman', 'Bitstream Charter', Times, serif;\">C- Chaveiro.<\/span><\/li>\n<li><span style=\"color: #333333; font-family: Georgia, 'Times New Roman', 'Bitstream Charter', Times, serif;\">D- Arquivo Matriz para bordar em m\u00e1quina eletr\u00f4nica, formato: DSB, DST, EXP, HUS, JEF, PCS, PES, SEW, VP3, XXX.&lt;\/span&gt;<\/span><\/li>\n<\/ul>\n","protected":false},"featured_media":9189,"comment_status":"open","ping_status":"closed","template":"","meta":{"_kadence_starter_templates_imported_post":false,"_kad_post_transparent":"default","_kad_post_title":"","_kad_post_layout":"default","_kad_post_sidebar_id":"","_kad_post_content_style":"default","_kad_post_vertical_padding":"default","_kad_post_feature":"","_kad_post_feature_position":"","_kad_post_header":false,"_kad_post_footer":false,"_kad_post_classname":""},"product_brand":[],"product_cat":[106,17,16],"product_tag":[113],"class_list":{"0":"post-9184","1":"product","2":"type-product","3":"status-publish","4":"has-post-thumbnail","6":"product_cat-57x68mm","7":"product_cat-bandeira","8":"product_cat-bordado","9":"product_tag-bandeiras-asia","10":"product_shipping_class-light","12":"first","13":"instock","14":"shipping-taxable","15":"purchasable","16":"product-type-variable","17":"entry","18":"content-bg","19":"loop-entry"},"_links":{"self":[{"href":"https:\/\/br44.com\/br\/wp-json\/wp\/v2\/product\/9184","targetHints":{"allow":["GET"]}}],"collection":[{"href":"https:\/\/br44.com\/br\/wp-json\/wp\/v2\/product"}],"about":[{"href":"https:\/\/br44.com\/br\/wp-json\/wp\/v2\/types\/product"}],"replies":[{"embeddable":true,"href":"https:\/\/br44.com\/br\/wp-json\/wp\/v2\/comments?post=9184"}],"wp:featuredmedia":[{"embeddable":true,"href":"https:\/\/br44.com\/br\/wp-json\/wp\/v2\/media\/9189"}],"wp:attachment":[{"href":"https:\/\/br44.com\/br\/wp-json\/wp\/v2\/media?parent=9184"}],"wp:term":[{"taxonomy":"product_brand","embeddable":true,"href":"https:\/\/br44.com\/br\/wp-json\/wp\/v2\/product_brand?post=9184"},{"taxonomy":"product_cat","embeddable":true,"href":"https:\/\/br44.com\/br\/wp-json\/wp\/v2\/product_cat?post=9184"},{"taxonomy":"product_tag","embeddable":true,"href":"https:\/\/br44.com\/br\/wp-json\/wp\/v2\/product_tag?post=9184"}],"curies":[{"name":"wp","href":"https:\/\/api.w.org\/{rel}","templated":true}]}}