{"id":9158,"date":"2023-12-07T11:36:18","date_gmt":"2023-12-07T14:36:18","guid":{"rendered":"https:\/\/br44.com\/br\/product\/bp0145e-001-bandeira-republica-dominicana-patch-bordado-68x80cm\/"},"modified":"2026-01-29T10:35:04","modified_gmt":"2026-01-29T13:35:04","slug":"bp0145e-001-bandeira-republica-dominicana-patch-bordado","status":"publish","type":"product","link":"https:\/\/br44.com\/br\/product\/bp0145e-001-bandeira-republica-dominicana-patch-bordado\/","title":{"rendered":"Bandeira Da Rep\u00fablica Dominicana Patch Bordado 6,8&#215;8 cm"},"content":{"rendered":"<h2><strong>Explorando o Encanto da Rep\u00fablica Dominicana com o Patch Bordado da Bandeira: Uma Jornada Tur\u00edstica Vibrante<\/strong><\/h2>\n<p><em>Introdu\u00e7\u00e3o<\/em> Antes de tudo, mergulhe na beleza caribenha antecipadamente. A Rep\u00fablica Dominicana, \u00e0 primeira vista, revela uma mistura \u00fanica de hist\u00f3ria e praias deslumbrantes.<\/p>\n<p><em>Descobrindo a Rep\u00fablica Dominicana<\/em> Desde j\u00e1, descubra a Rep\u00fablica Dominicana, um destino que, acima de tudo, cativa com sua cultura vibrante e cen\u00e1rios paradis\u00edacos. Em primeiro lugar, as praias desempenham um papel principal, oferecendo uma experi\u00eancia \u00fanica.<\/p>\n<p><em>Patrim\u00f4nio e Cultura<\/em> Principalmente, explore o patrim\u00f4nio hist\u00f3rico da Rep\u00fablica Dominicana. Primordialmente, cidades como Santo Domingo transportam os visitantes para o passado, com arquitetura colonial e museus fascinantes.<\/p>\n<p><em>Natureza Exuberante<\/em> Sobretudo, a natureza exuberante do pa\u00eds \u00e9 um espet\u00e1culo por si s\u00f3. Primeiramente, as montanhas, como a Cordilheira Central, proporcionam aventuras emocionantes para os amantes da natureza.<\/p>\n<p><em>Gastronomia Irresist\u00edvel<\/em> Em outras palavras, a gastronomia dominicana \u00e9 uma fus\u00e3o deliciosa de sabores. Juntamente com pratos t\u00edpicos, desde j\u00e1, experimente a variedade de frutas tropicais frescas.<\/p>\n<p><em>Vida Noturna Animada<\/em> Al\u00e9m disso, a Rep\u00fablica Dominicana brilha durante a noite. Nesse sentido, destinos como Punta Cana oferecem uma vida noturna agitada, com festas na praia e m\u00fasica envolvente.<\/p>\n<p><em>Turismo sustent\u00e1vel <\/em>ou seja, a Rep\u00fablica Dominicana est\u00e1 comprometida com o turismo sustent\u00e1vel. Por exemplo, iniciativas de preserva\u00e7\u00e3o ambiental s\u00e3o constantemente promovidas, visando um equil\u00edbrio entre o turismo e a conserva\u00e7\u00e3o.<\/p>\n<p><em>Conclus\u00e3o<\/em> Em conclus\u00e3o, a Rep\u00fablica Dominicana \u00e9 um destino que acima de tudo, cativa os visitantes com sua diversidade. Por fim, embarque nessa jornada \u00fanica e traga consigo o Patch Bordado da Bandeira para lembrar cada momento dessa experi\u00eancia extraordin\u00e1ria.<\/p>\n<p><em>Tags para SEO<\/em> Rep\u00fablica Dominicana, Turismo na Rep\u00fablica Dominicana, Destinos Caribenhos, Praias Paradis\u00edacas, Hist\u00f3ria Dominicana, Cultura Caribenha, Gastronomia T\u00edpica, Natureza Exuberante, Vida Noturna em Punta Cana, Turismo Sustent\u00e1vel.<\/p>\n","protected":false},"excerpt":{"rendered":"<ul style=\"margin: 0px 0px 1.5em 1.5em; padding: 0px; color: #111111; font-family: Lato, sans-serif; font-size: 16px; font-style: normal; font-weight: 400; letter-spacing: normal; text-align: start; text-indent: 0px; text-transform: none; background-color: #ffffff;\">\n<li><span style=\"color: #333333; font-family: Georgia, 'Times New Roman', 'Bitstream Charter', Times, serif;\">4 op\u00e7\u00f5es:<\/span><\/li>\n<li><span style=\"color: #333333; font-family: Georgia, 'Times New Roman', 'Bitstream Charter', Times, serif;\">A) Termo adesivo ou costura.<\/span><\/li>\n<li><span style=\"color: #333333; font-family: Georgia, 'Times New Roman', 'Bitstream Charter', Times, serif;\">B) Fecho de contato gancho da marca Velcro atr\u00e1s.<\/span><\/li>\n<li><span style=\"color: #333333; font-family: Georgia, 'Times New Roman', 'Bitstream Charter', Times, serif;\">C) Chaveiro.<\/span><\/li>\n<li><span style=\"color: #333333; font-family: Georgia, 'Times New Roman', 'Bitstream Charter', Times, serif;\">D) Arquivo Matriz para bordar em m\u00e1quina eletr\u00f4nica, formato: DSB, DST, EXP, HUS, JEF, PCS, PES, SEW, VP3, XXX.<\/span><\/li>\n<\/ul>\n","protected":false},"featured_media":9163,"comment_status":"open","ping_status":"closed","template":"","meta":{"_kadence_starter_templates_imported_post":false,"_kad_post_transparent":"default","_kad_post_title":"","_kad_post_layout":"default","_kad_post_sidebar_id":"","_kad_post_content_style":"default","_kad_post_vertical_padding":"default","_kad_post_feature":"","_kad_post_feature_position":"","_kad_post_header":false,"_kad_post_footer":false,"_kad_post_classname":""},"product_brand":[],"product_cat":[103,17,16],"product_tag":[136],"class_list":{"0":"post-9158","1":"product","2":"type-product","3":"status-publish","4":"has-post-thumbnail","6":"product_cat-68x80mm","7":"product_cat-bandeira","8":"product_cat-bordado","9":"product_tag-caribe","10":"product_shipping_class-light","12":"first","13":"instock","14":"shipping-taxable","15":"purchasable","16":"product-type-variable","17":"entry","18":"content-bg","19":"loop-entry"},"_links":{"self":[{"href":"https:\/\/br44.com\/br\/wp-json\/wp\/v2\/product\/9158","targetHints":{"allow":["GET"]}}],"collection":[{"href":"https:\/\/br44.com\/br\/wp-json\/wp\/v2\/product"}],"about":[{"href":"https:\/\/br44.com\/br\/wp-json\/wp\/v2\/types\/product"}],"replies":[{"embeddable":true,"href":"https:\/\/br44.com\/br\/wp-json\/wp\/v2\/comments?post=9158"}],"wp:featuredmedia":[{"embeddable":true,"href":"https:\/\/br44.com\/br\/wp-json\/wp\/v2\/media\/9163"}],"wp:attachment":[{"href":"https:\/\/br44.com\/br\/wp-json\/wp\/v2\/media?parent=9158"}],"wp:term":[{"taxonomy":"product_brand","embeddable":true,"href":"https:\/\/br44.com\/br\/wp-json\/wp\/v2\/product_brand?post=9158"},{"taxonomy":"product_cat","embeddable":true,"href":"https:\/\/br44.com\/br\/wp-json\/wp\/v2\/product_cat?post=9158"},{"taxonomy":"product_tag","embeddable":true,"href":"https:\/\/br44.com\/br\/wp-json\/wp\/v2\/product_tag?post=9158"}],"curies":[{"name":"wp","href":"https:\/\/api.w.org\/{rel}","templated":true}]}}