{"id":9145,"date":"2023-12-07T09:27:22","date_gmt":"2023-12-07T12:27:22","guid":{"rendered":"https:\/\/br44.com\/br\/product\/bp0220-001-bandeira-sao-cristovao-e-neves-patch-bordado-75x50cm\/"},"modified":"2026-02-11T13:45:25","modified_gmt":"2026-02-11T16:45:25","slug":"bp0220-001-bandeira-sao-cristovao-e-neves-patch-bordado","status":"publish","type":"product","link":"https:\/\/br44.com\/br\/product\/bp0220-001-bandeira-sao-cristovao-e-neves-patch-bordado\/","title":{"rendered":"Bandeira De S\u00e3o Crist\u00f3v\u00e3o e Neves Patch Bordado 7,5&#215;5 cm"},"content":{"rendered":"<h2><strong>Explorando S\u00e3o Crist\u00f3v\u00e3o e Neves com a Bandeira Patch Bordado: Uma Jornada de Cores e Cultura<\/strong><\/h2>\n<p><em>Introdu\u00e7\u00e3o:<\/em> Antes de tudo, conhe\u00e7a a beleza \u00fanica de S\u00e3o Crist\u00f3v\u00e3o e Neves. A princ\u00edpio, descubra os encantos dessa na\u00e7\u00e3o caribenha atrav\u00e9s do Patch Bordado da Bandeira.<\/p>\n<p><em>Explorando a Cultura:<\/em> Sobretudo, S\u00e3o Crist\u00f3v\u00e3o e Neves t\u00eam uma rica heran\u00e7a cultural. Desde j\u00e1, mergulhe na tradi\u00e7\u00e3o e diversidade que esse pequeno para\u00edso carrega consigo.<\/p>\n<p><em>Turismo Exclusivo:<\/em> Ainda assim, o turismo em S\u00e3o Crist\u00f3v\u00e3o e Neves oferece experi\u00eancias \u00fanicas. Portanto, esteja preparado para uma aventura extraordin\u00e1ria.<\/p>\n<p><em>Patch Bordado:<\/em> Al\u00e9m disso, celebre a cultura local com o Patch Bordado da Bandeira. Em outras palavras, tenha um s\u00edmbolo aut\u00eantico para lembrar sua visita.<\/p>\n<p><em>Belezas Naturais:<\/em> Ao mesmo tempo, explore as praias deslumbrantes e paisagens exuberantes. Em contrapartida, desfrute de uma atmosfera tranquila e acolhedora.<\/p>\n<p><em>Culin\u00e1ria Local:<\/em> Por exemplo, experimente a deliciosa culin\u00e1ria local. Do mesmo modo, mergulhe nos sabores aut\u00eanticos da regi\u00e3o.<\/p>\n<p><em>Hospitalidade \u00cdmpar:<\/em> Sob o mesmo ponto de vista, a hospitalidade do povo de S\u00e3o Crist\u00f3v\u00e3o e Neves \u00e9 incompar\u00e1vel. Tal qual, sinta-se em casa enquanto explora suas maravilhas.<\/p>\n<p><em>Conclus\u00e3o:<\/em> Em conclus\u00e3o, S\u00e3o Crist\u00f3v\u00e3o e Neves s\u00e3o verdadeiros tesouros caribenhos. Como resultado, leve consigo n\u00e3o apenas mem\u00f3rias, mas tamb\u00e9m o Patch Bordado da Bandeira como lembran\u00e7a.<\/p>\n<p><em>Tags para SEO:<\/em> S\u00e3o Crist\u00f3v\u00e3o e Neves, Turismo Caribenho, Bandeira Patch Bordado, Cultura Local, Experi\u00eancias \u00danicas, Belezas Naturais, Hospitalidade Caribenha.<\/p>\n","protected":false},"excerpt":{"rendered":"<ul style=\"margin: 0px 0px 1.5em 1.5em; padding: 0px; color: #111111; font-family: Lato, sans-serif; font-size: 16px; font-style: normal; font-weight: 400; letter-spacing: normal; text-align: start; text-indent: 0px; text-transform: none; background-color: #ffffff;\">\n<li><span style=\"color: #333333; font-family: Georgia, 'Times New Roman', 'Bitstream Charter', Times, serif;\">4 op\u00e7\u00f5es:<\/span><\/li>\n<li><span style=\"color: #333333; font-family: Georgia, 'Times New Roman', 'Bitstream Charter', Times, serif;\">A- Termo adesivo ou costura.<\/span><\/li>\n<li><span style=\"color: #333333; font-family: Georgia, 'Times New Roman', 'Bitstream Charter', Times, serif;\">B- Fecho de contato gancho da marca Velcro atr\u00e1s.<\/span><\/li>\n<li><span style=\"color: #333333; font-family: Georgia, 'Times New Roman', 'Bitstream Charter', Times, serif;\">C- Chaveiro.<\/span><\/li>\n<li><span style=\"color: #333333; font-family: Georgia, 'Times New Roman', 'Bitstream Charter', Times, serif;\">D- Arquivo Matriz para bordar em m\u00e1quina eletr\u00f4nica, formato: DSB, DST, EXP, HUS, JEF, PCS, PES, SEW, VP3, XXX.<\/span><\/li>\n<\/ul>\n","protected":false},"featured_media":9152,"comment_status":"open","ping_status":"closed","template":"","meta":{"_kadence_starter_templates_imported_post":false,"_kad_post_transparent":"default","_kad_post_title":"","_kad_post_layout":"default","_kad_post_sidebar_id":"","_kad_post_content_style":"default","_kad_post_vertical_padding":"default","_kad_post_feature":"","_kad_post_feature_position":"","_kad_post_header":false,"_kad_post_footer":false,"_kad_post_classname":""},"product_brand":[],"product_cat":[97,17,16],"product_tag":[89],"class_list":{"0":"post-9145","1":"product","2":"type-product","3":"status-publish","4":"has-post-thumbnail","6":"product_cat-75x50mm","7":"product_cat-bandeira","8":"product_cat-bordado","9":"product_tag-bandeiras-europa","10":"product_shipping_class-light","12":"first","13":"instock","14":"shipping-taxable","15":"purchasable","16":"product-type-variable","17":"entry","18":"content-bg","19":"loop-entry"},"_links":{"self":[{"href":"https:\/\/br44.com\/br\/wp-json\/wp\/v2\/product\/9145","targetHints":{"allow":["GET"]}}],"collection":[{"href":"https:\/\/br44.com\/br\/wp-json\/wp\/v2\/product"}],"about":[{"href":"https:\/\/br44.com\/br\/wp-json\/wp\/v2\/types\/product"}],"replies":[{"embeddable":true,"href":"https:\/\/br44.com\/br\/wp-json\/wp\/v2\/comments?post=9145"}],"wp:featuredmedia":[{"embeddable":true,"href":"https:\/\/br44.com\/br\/wp-json\/wp\/v2\/media\/9152"}],"wp:attachment":[{"href":"https:\/\/br44.com\/br\/wp-json\/wp\/v2\/media?parent=9145"}],"wp:term":[{"taxonomy":"product_brand","embeddable":true,"href":"https:\/\/br44.com\/br\/wp-json\/wp\/v2\/product_brand?post=9145"},{"taxonomy":"product_cat","embeddable":true,"href":"https:\/\/br44.com\/br\/wp-json\/wp\/v2\/product_cat?post=9145"},{"taxonomy":"product_tag","embeddable":true,"href":"https:\/\/br44.com\/br\/wp-json\/wp\/v2\/product_tag?post=9145"}],"curies":[{"name":"wp","href":"https:\/\/api.w.org\/{rel}","templated":true}]}}