{"id":9085,"date":"2023-11-28T16:53:19","date_gmt":"2023-11-28T19:53:19","guid":{"rendered":"https:\/\/br44.com\/br\/product\/bp0009-002-bandeira-israel-patch-bordado-75x50cm\/"},"modified":"2026-04-01T10:34:45","modified_gmt":"2026-04-01T13:34:45","slug":"bp0009-002-bandeira-israel-patch-bordado","status":"publish","type":"product","link":"https:\/\/br44.com\/br\/product\/bp0009-002-bandeira-israel-patch-bordado\/","title":{"rendered":"Bandeira de Israel Patch Bordado 7,5&#215;5 cm"},"content":{"rendered":"<h2><strong>Explorando a Identidade: Bandeira de Israel Patch Bordado<\/strong><\/h2>\n<p><em>Antes de tudo<\/em>, mergulhe na riqueza simb\u00f3lica da <strong>Bandeira de Israel Patch Bordado<\/strong>. <em>Desde j\u00e1<\/em>, descubra a tradi\u00e7\u00e3o bordada que reflete a hist\u00f3ria \u00fanica do pa\u00eds.<\/p>\n<h2><strong>Descobrindo a Tradi\u00e7\u00e3o Bordada de Israel<\/strong><\/h2>\n<p><em>Em primeiro lugar<\/em>, a bandeira incorpora elementos \u00fanicos, como a Estrela de Davi. <em>Al\u00e9m disso<\/em>, cada ponto conta uma hist\u00f3ria de resili\u00eancia e identidade. <em>Por exemplo<\/em>, os detalhes bordados revelam s\u00edmbolos que remontam a s\u00e9culos.<\/p>\n<h2><strong>A Sutileza dos Detalhes e a Resili\u00eancia Hist\u00f3rica<\/strong><\/h2>\n<p><em>Do mesmo modo<\/em>, o Patch destaca a diversidade de culturas em Israel. <em>Contudo<\/em>, sua sutileza conta hist\u00f3rias de lutas superadas e conquistas celebradas. <em>Nesse sentido<\/em>, cada tra\u00e7o bordado simboliza uma conex\u00e3o mais profunda.<\/p>\n<h2><strong>O Patch Como Express\u00e3o de Identidade Nacional<\/strong><\/h2>\n<p><em>Eventualmente<\/em>, ao adquirir a Bandeira de Israel, voc\u00ea se conecta com a cultura do pa\u00eds. <em>Por\u00e9m<\/em>, vai al\u00e9m de uma pe\u00e7a, \u00e9 um elo com a hist\u00f3ria. <em>Frequentemente<\/em>, quem a possui leva consigo n\u00e3o apenas um acess\u00f3rio, mas um peda\u00e7o da identidade israelense.<\/p>\n<h2><strong>Adquira Sua Pe\u00e7a \u00danica e Viva a Experi\u00eancia Bordada de Israel<\/strong><\/h2>\n<p><em>Finalmente<\/em>, adquira sua Bandeira de Israel Patch Bordado e <em>acima de tudo<\/em>, celebre a singularidade de um pa\u00eds por meio de uma pe\u00e7a \u00fanica. <em>Portanto<\/em>, sua jornada pelo significado bordado ser\u00e1 t\u00e3o extraordin\u00e1ria quanto a hist\u00f3ria que ela representa. <em>Por \u00faltimo<\/em>, conecte-se com Israel de uma maneira \u00fanica e aut\u00eantica.<\/p>\n","protected":false},"excerpt":{"rendered":"<ul style=\"margin: 0px 0px 1.5em 1.5em; padding: 0px; color: #111111; font-family: Lato, sans-serif; font-size: 16px; font-style: normal; font-weight: 400; letter-spacing: normal; text-align: start; text-indent: 0px; text-transform: none; background-color: #ffffff;\">\n<li><span style=\"color: #333333; font-family: Georgia, 'Times New Roman', 'Bitstream Charter', Times, serif;\">4 op\u00e7\u00f5es:<\/span><\/li>\n<li><span style=\"color: #333333; font-family: Georgia, 'Times New Roman', 'Bitstream Charter', Times, serif;\">A- Termo adesivo ou costura.<\/span><\/li>\n<li><span style=\"color: #333333; font-family: Georgia, 'Times New Roman', 'Bitstream Charter', Times, serif;\">B- Fecho de contato gancho da marca Velcro atr\u00e1s.<\/span><\/li>\n<li><span style=\"color: #333333; font-family: Georgia, 'Times New Roman', 'Bitstream Charter', Times, serif;\">C- Chaveiro.<\/span><\/li>\n<li><span style=\"color: #333333; font-family: Georgia, 'Times New Roman', 'Bitstream Charter', Times, serif;\">D- Arquivo Matriz para bordar em m\u00e1quina eletr\u00f4nica, formato: DSB, DST, EXP, HUS, JEF, PCS, PES, SEW, VP3, XXX.<\/span><\/li>\n<\/ul>\n","protected":false},"featured_media":9090,"comment_status":"open","ping_status":"closed","template":"","meta":{"_kadence_starter_templates_imported_post":false,"_kad_post_transparent":"default","_kad_post_title":"","_kad_post_layout":"default","_kad_post_sidebar_id":"","_kad_post_content_style":"default","_kad_post_vertical_padding":"default","_kad_post_feature":"","_kad_post_feature_position":"","_kad_post_header":false,"_kad_post_footer":false,"_kad_post_classname":""},"product_brand":[],"product_cat":[97,17,16],"product_tag":[123,124],"class_list":{"0":"post-9085","1":"product","2":"type-product","3":"status-publish","4":"has-post-thumbnail","6":"product_cat-75x50mm","7":"product_cat-bandeira","8":"product_cat-bordado","9":"product_tag-israel","10":"product_tag-military","11":"product_shipping_class-light","13":"first","14":"instock","15":"shipping-taxable","16":"purchasable","17":"product-type-variable","18":"entry","19":"content-bg","20":"loop-entry"},"_links":{"self":[{"href":"https:\/\/br44.com\/br\/wp-json\/wp\/v2\/product\/9085","targetHints":{"allow":["GET"]}}],"collection":[{"href":"https:\/\/br44.com\/br\/wp-json\/wp\/v2\/product"}],"about":[{"href":"https:\/\/br44.com\/br\/wp-json\/wp\/v2\/types\/product"}],"replies":[{"embeddable":true,"href":"https:\/\/br44.com\/br\/wp-json\/wp\/v2\/comments?post=9085"}],"wp:featuredmedia":[{"embeddable":true,"href":"https:\/\/br44.com\/br\/wp-json\/wp\/v2\/media\/9090"}],"wp:attachment":[{"href":"https:\/\/br44.com\/br\/wp-json\/wp\/v2\/media?parent=9085"}],"wp:term":[{"taxonomy":"product_brand","embeddable":true,"href":"https:\/\/br44.com\/br\/wp-json\/wp\/v2\/product_brand?post=9085"},{"taxonomy":"product_cat","embeddable":true,"href":"https:\/\/br44.com\/br\/wp-json\/wp\/v2\/product_cat?post=9085"},{"taxonomy":"product_tag","embeddable":true,"href":"https:\/\/br44.com\/br\/wp-json\/wp\/v2\/product_tag?post=9085"}],"curies":[{"name":"wp","href":"https:\/\/api.w.org\/{rel}","templated":true}]}}