{"id":8767,"date":"2023-10-30T14:01:36","date_gmt":"2023-10-30T17:01:36","guid":{"rendered":"https:\/\/br44.com\/br\/product\/bsc0001-001-brasao-jerusalem-israel-patch-bordado-62x87cm\/"},"modified":"2026-04-01T20:34:21","modified_gmt":"2026-04-01T23:34:21","slug":"bsc0001-001-brasao-jerusalem-israel-patch-bordado","status":"publish","type":"product","link":"https:\/\/br44.com\/br\/product\/bsc0001-001-brasao-jerusalem-israel-patch-bordado\/","title":{"rendered":"Bras\u00e3o Jerusal\u00e9m Israel Patch Bordado 6,2&#215;8,7cm"},"content":{"rendered":"<p>Aut\u00eantico BR44 (Desde 1987)<br \/>\nTamanho:\u00a06,2 x 8,7 cm.<br \/>\n4 op\u00e7\u00f5es:<br \/>\n1- Termo adesivo ou costura.<br \/>\n2- Fecho de contato.<br \/>\n3- Chaveiro.<br \/>\n4- Arquivo Matriz para bordar em m\u00e1quina eletr\u00f4nica, formato: DSB, DST, EXP, HUS, JEF, PCS, PES, SEW, VP3, XXX.<\/p>\n<p>Bordado de alta qualidade.100% BORDADO, resistente as lavagens e ao desbotamento, bordado com fios de poli\u00e9ster de alto brilho.<\/p>\n<p>Sugest\u00f5es de uso: Aplicar em bon\u00e9s, chap\u00e9us, quimonos, camisas, mochilas e equipamentos t\u00e1ticos. ou qualquer outra pe\u00e7a de roupa para dar o seu toque pessoal e \u00fanico.<br \/>\nTemos a melhor qualidade e o melhor atendimento do mercado.<br \/>\nClique em comprar e conhe\u00e7a nosso trabalho.<\/p>\n","protected":false},"excerpt":{"rendered":"<p>Aut\u00eantico BR44 (Desde 1987) Tamanho:\u00a06,2 x 8,7 cm. 4 op\u00e7\u00f5es: 1- Termo adesivo ou costura. 2- Fecho de contato. 3- Chaveiro. 4- Arquivo Matriz para bordar em m\u00e1quina eletr\u00f4nica, formato: DSB, DST, EXP, HUS, JEF, PCS, PES, SEW, VP3, XXX. Bordado de alta qualidade.100% BORDADO, resistente as lavagens e ao desbotamento, bordado com fios de&#8230;<\/p>\n","protected":false},"featured_media":8762,"comment_status":"open","ping_status":"closed","template":"","meta":{"_kadence_starter_templates_imported_post":false,"_kad_post_transparent":"default","_kad_post_title":"","_kad_post_layout":"default","_kad_post_sidebar_id":"","_kad_post_content_style":"default","_kad_post_vertical_padding":"default","_kad_post_feature":"","_kad_post_feature_position":"","_kad_post_header":false,"_kad_post_footer":false,"_kad_post_classname":""},"product_brand":[],"product_cat":[16],"product_tag":[137,123],"class_list":{"0":"post-8767","1":"product","2":"type-product","3":"status-publish","4":"has-post-thumbnail","6":"product_cat-bordado","7":"product_tag-brasao","8":"product_tag-israel","9":"product_shipping_class-light","11":"first","12":"instock","13":"shipping-taxable","14":"purchasable","15":"product-type-variable","16":"entry","17":"content-bg","18":"loop-entry"},"_links":{"self":[{"href":"https:\/\/br44.com\/br\/wp-json\/wp\/v2\/product\/8767","targetHints":{"allow":["GET"]}}],"collection":[{"href":"https:\/\/br44.com\/br\/wp-json\/wp\/v2\/product"}],"about":[{"href":"https:\/\/br44.com\/br\/wp-json\/wp\/v2\/types\/product"}],"replies":[{"embeddable":true,"href":"https:\/\/br44.com\/br\/wp-json\/wp\/v2\/comments?post=8767"}],"wp:featuredmedia":[{"embeddable":true,"href":"https:\/\/br44.com\/br\/wp-json\/wp\/v2\/media\/8762"}],"wp:attachment":[{"href":"https:\/\/br44.com\/br\/wp-json\/wp\/v2\/media?parent=8767"}],"wp:term":[{"taxonomy":"product_brand","embeddable":true,"href":"https:\/\/br44.com\/br\/wp-json\/wp\/v2\/product_brand?post=8767"},{"taxonomy":"product_cat","embeddable":true,"href":"https:\/\/br44.com\/br\/wp-json\/wp\/v2\/product_cat?post=8767"},{"taxonomy":"product_tag","embeddable":true,"href":"https:\/\/br44.com\/br\/wp-json\/wp\/v2\/product_tag?post=8767"}],"curies":[{"name":"wp","href":"https:\/\/api.w.org\/{rel}","templated":true}]}}