{"id":8168,"date":"2023-01-27T09:30:38","date_gmt":"2023-01-27T12:30:38","guid":{"rendered":"https:\/\/br44.com\/br\/product\/ncbr0000-03-tarja-bordada-com-seu-texto-patch-114x25-cm\/"},"modified":"2025-11-16T21:28:58","modified_gmt":"2025-11-17T00:28:58","slug":"ncbr0000-03-tarja-bordada-com-seu-texto-patch-114x25-cm","status":"publish","type":"product","link":"https:\/\/br44.com\/br\/product\/ncbr0000-03-tarja-bordada-com-seu-texto-patch-114x25-cm\/","title":{"rendered":"NCBR0000-03 Tarja Bordada Com Seu Texto Patch 11,4&#215;2,5 cm."},"content":{"rendered":"<ul style=\"margin: 0px 0px 1.5em 1.5em;padding: 0px;color: #111111;font-family: Lato, sans-serif;font-size: 16px;font-style: normal;font-weight: 400;letter-spacing: normal;text-align: start;text-indent: 0px;text-transform: none;background-color: #ffffff\">\n<li>ATEN\u00c7\u00c3O!<br \/>INFORME O NOME E TIPO SANGU\u00cdNEO DESEJADO NO CAMPO DE MENSAGENS DA COMPRA.\n<\/li>\n<li>CASO N\u00c3O INFORME O NOME EM AT\u00c9 24 HORAS AP\u00d3S A COMPRA, ENVIAREMOS CONFORME A IMAGEM QUE CONSTA NO AN\u00daNCIO.<\/li>\n<li>\u00a0<\/li>\n<li><span style=\"vertical-align: inherit\">Aut\u00eantico BR44 (Desde 1987)<\/span><\/li>\n<li><span class=\"a-list-item\">Patch de alta qualidade.<\/span><\/li>\n<li><span style=\"vertical-align: inherit\">Tamanho:\u00a0<\/span>(11,4 x 2,5 cm.) (4,5 \u00d7 1 in.)<\/li>\n<li><span style=\"vertical-align: inherit\">Perfeito para costurar ou passar a ferro em seu uniforme, quimono, mochila ou camisa.<\/span><\/li>\n<li>Fecho de contato gancho da marca Velcro atr\u00e1s,\u00a0para fixa\u00e7\u00e3o em chap\u00e9us e equipamentos t\u00e1ticos.<\/li>\n<\/ul>\n<p>\u00a0<\/p>\n","protected":false},"excerpt":{"rendered":"<p>ATEN\u00c7\u00c3O!INFORME O NOME E TIPO SANGU\u00cdNEO DESEJADO NO CAMPO DE MENSAGENS DA COMPRA. CASO N\u00c3O INFORME O NOME EM AT\u00c9 24 HORAS AP\u00d3S A COMPRA, ENVIAREMOS CONFORME A IMAGEM QUE CONSTA NO AN\u00daNCIO. \u00a0 Aut\u00eantico BR44 (Desde 1987) Patch de alta qualidade. Tamanho:\u00a0(11,4 x 2,5 cm.) (4,5 \u00d7 1 in.) Perfeito para costurar ou passar&#8230;<\/p>\n","protected":false},"featured_media":8166,"comment_status":"open","ping_status":"closed","template":"","meta":{"_kadence_starter_templates_imported_post":false,"_kad_post_transparent":"","_kad_post_title":"","_kad_post_layout":"","_kad_post_sidebar_id":"","_kad_post_content_style":"","_kad_post_vertical_padding":"","_kad_post_feature":"","_kad_post_feature_position":"","_kad_post_header":false,"_kad_post_footer":false,"_kad_post_classname":""},"product_brand":[],"product_cat":[16,25,54],"product_tag":[],"class_list":{"0":"post-8168","1":"product","2":"type-product","3":"status-publish","4":"has-post-thumbnail","6":"product_cat-bordado","7":"product_cat-personalizado","8":"product_cat-vestuario","9":"product_shipping_class-light","11":"first","12":"instock","13":"shipping-taxable","14":"purchasable","15":"product-type-variable","16":"entry","17":"content-bg","18":"loop-entry"},"_links":{"self":[{"href":"https:\/\/br44.com\/br\/wp-json\/wp\/v2\/product\/8168","targetHints":{"allow":["GET"]}}],"collection":[{"href":"https:\/\/br44.com\/br\/wp-json\/wp\/v2\/product"}],"about":[{"href":"https:\/\/br44.com\/br\/wp-json\/wp\/v2\/types\/product"}],"replies":[{"embeddable":true,"href":"https:\/\/br44.com\/br\/wp-json\/wp\/v2\/comments?post=8168"}],"wp:featuredmedia":[{"embeddable":true,"href":"https:\/\/br44.com\/br\/wp-json\/wp\/v2\/media\/8166"}],"wp:attachment":[{"href":"https:\/\/br44.com\/br\/wp-json\/wp\/v2\/media?parent=8168"}],"wp:term":[{"taxonomy":"product_brand","embeddable":true,"href":"https:\/\/br44.com\/br\/wp-json\/wp\/v2\/product_brand?post=8168"},{"taxonomy":"product_cat","embeddable":true,"href":"https:\/\/br44.com\/br\/wp-json\/wp\/v2\/product_cat?post=8168"},{"taxonomy":"product_tag","embeddable":true,"href":"https:\/\/br44.com\/br\/wp-json\/wp\/v2\/product_tag?post=8168"}],"curies":[{"name":"wp","href":"https:\/\/api.w.org\/{rel}","templated":true}]}}