{"id":7830,"date":"2022-11-17T08:37:49","date_gmt":"2022-11-17T11:37:49","guid":{"rendered":"https:\/\/br44.com\/br\/product\/nt0500tv05-tarja-bordada-com-seu-nome-patch-10x25-cm\/"},"modified":"2026-04-06T07:54:06","modified_gmt":"2026-04-06T10:54:06","slug":"nt0500tv05-tarja-bordada-com-seu-nome-patch","status":"publish","type":"product","link":"https:\/\/br44.com\/br\/product\/nt0500tv05-tarja-bordada-com-seu-nome-patch\/","title":{"rendered":"Tarja Bordada Com Seu Nome Patch 10&#215;2,5 cm."},"content":{"rendered":"<ul style=\"margin: 0px 0px 1.5em 1.5em; padding: 0px; color: #111111; font-family: Lato, sans-serif; font-size: 16px; font-style: normal; font-weight: 400; letter-spacing: normal; text-align: start; text-indent: 0px; text-transform: none; background-color: #ffffff;\">\n<li><span style=\"vertical-align: inherit;\">Aut\u00eantico BR44 (Desde 1987)<\/span><\/li>\n<li><span class=\"a-list-item\">Patch de alta qualidade.<\/span><\/li>\n<li><span style=\"vertical-align: inherit;\">Tamanho:\u00a0<\/span>(10 x 2,5 cm.) (4 \u00d7 1 in.)<\/li>\n<li><span style=\"vertical-align: inherit;\">Perfeito para costurar ou passar a ferro em seu uniforme, quimono, mochila ou camisa.<\/span><\/li>\n<li>Fecho de contato gancho da marca Velcro atr\u00e1s,\u00a0para fixa\u00e7\u00e3o em chap\u00e9us e equipamentos t\u00e1ticos.<\/li>\n<\/ul>\n","protected":false},"excerpt":{"rendered":"<p>Aut\u00eantico BR44 (Desde 1987) Patch de alta qualidade. Tamanho:\u00a0(10 x 2,5 cm.) (4 \u00d7 1 in.) Perfeito para costurar ou passar a ferro em seu uniforme, quimono, mochila ou camisa. Fecho de contato gancho da marca Velcro atr\u00e1s,\u00a0para fixa\u00e7\u00e3o em chap\u00e9us e equipamentos t\u00e1ticos.<\/p>\n","protected":false},"featured_media":7819,"comment_status":"open","ping_status":"closed","template":"","meta":{"_kadence_starter_templates_imported_post":false,"_kad_post_transparent":"default","_kad_post_title":"","_kad_post_layout":"default","_kad_post_sidebar_id":"","_kad_post_content_style":"default","_kad_post_vertical_padding":"default","_kad_post_feature":"","_kad_post_feature_position":"","_kad_post_header":false,"_kad_post_footer":false,"_kad_post_classname":""},"product_brand":[],"product_cat":[16,25,21,54],"product_tag":[],"class_list":{"0":"post-7830","1":"product","2":"type-product","3":"status-publish","4":"has-post-thumbnail","6":"product_cat-bordado","7":"product_cat-personalizado","8":"product_cat-veiculos","9":"product_cat-vestuario","10":"product_shipping_class-light","11":"wcpa_has_options","13":"first","14":"instock","15":"shipping-taxable","16":"purchasable","17":"product-type-variable","18":"entry","19":"content-bg","20":"loop-entry"},"_links":{"self":[{"href":"https:\/\/br44.com\/br\/wp-json\/wp\/v2\/product\/7830","targetHints":{"allow":["GET"]}}],"collection":[{"href":"https:\/\/br44.com\/br\/wp-json\/wp\/v2\/product"}],"about":[{"href":"https:\/\/br44.com\/br\/wp-json\/wp\/v2\/types\/product"}],"replies":[{"embeddable":true,"href":"https:\/\/br44.com\/br\/wp-json\/wp\/v2\/comments?post=7830"}],"wp:featuredmedia":[{"embeddable":true,"href":"https:\/\/br44.com\/br\/wp-json\/wp\/v2\/media\/7819"}],"wp:attachment":[{"href":"https:\/\/br44.com\/br\/wp-json\/wp\/v2\/media?parent=7830"}],"wp:term":[{"taxonomy":"product_brand","embeddable":true,"href":"https:\/\/br44.com\/br\/wp-json\/wp\/v2\/product_brand?post=7830"},{"taxonomy":"product_cat","embeddable":true,"href":"https:\/\/br44.com\/br\/wp-json\/wp\/v2\/product_cat?post=7830"},{"taxonomy":"product_tag","embeddable":true,"href":"https:\/\/br44.com\/br\/wp-json\/wp\/v2\/product_tag?post=7830"}],"curies":[{"name":"wp","href":"https:\/\/api.w.org\/{rel}","templated":true}]}}