{"id":7557,"date":"2022-09-28T20:36:59","date_gmt":"2022-09-28T23:36:59","guid":{"rendered":"https:\/\/br44.com\/br\/product\/bp0055ev04-bandeira-eua-patch-bordado-fecho-contato\/"},"modified":"2025-05-12T11:02:16","modified_gmt":"2025-05-12T14:02:16","slug":"bp0055ev04-pais-eua-estados-unidos-da-america-bandeira-tatica-bordada-com-velcro","status":"publish","type":"product","link":"https:\/\/br44.com\/br\/product\/bp0055ev04-pais-eua-estados-unidos-da-america-bandeira-tatica-bordada-com-velcro\/","title":{"rendered":"Pa\u00eds EUA Bandeira T\u00e1tica Bordada Patch Com Velcro\u00ae\ufe0f 6,8\u00d78 cm."},"content":{"rendered":"<ul class=\"a-unordered-list a-vertical a-spacing-mini\" style=\"margin: 0px 0px 1.5em 1.5em; padding: 0px; color: #111111; font-family: Lato, sans-serif;\">\n<li><span style=\"vertical-align: inherit;\">Aut\u00eantico BR44 (Desde 1987)<\/span><\/li>\n<li><span style=\"color: #333333; font-family: Georgia, 'Times New Roman', 'Bitstream Charter', Times, serif;\">Tamanho:\u00a0<\/span>(6,8 \u00d7 8 cm.) (2,68 x 3,15 in.)<\/li>\n<li><span style=\"color: #333333; font-family: Georgia, 'Times New Roman', 'Bitstream Charter', Times, serif;\">Fecho de contato gancho da marca Velcro\u00ae\ufe0f atr\u00e1s,\u00a0<\/span>para fixa\u00e7\u00e3o em chap\u00e9us e equipamentos t\u00e1ticos.<\/li>\n<li><span style=\"vertical-align: inherit;\">100% bordado.<\/span><\/li>\n<li><span class=\"a-list-item\">Patch de alta qualidade.<\/span><\/li>\n<\/ul>\n","protected":false},"excerpt":{"rendered":"<p>Estados Unidos da Am\u00e9rica<br \/>\nRep\u00fablica Presidencial Federal<br \/>\nIndependente desde 1776<br \/>\nRegi\u00e3o: Am\u00e9rica do Norte<br \/>\n\u00c1rea: 9.831.510 km\u00b2<br \/>\nCapital: Washington, D.C.<\/p>\n","protected":false},"featured_media":7551,"comment_status":"open","ping_status":"closed","template":"","meta":{"_kadence_starter_templates_imported_post":false,"_kad_post_transparent":"default","_kad_post_title":"","_kad_post_layout":"default","_kad_post_sidebar_id":"","_kad_post_content_style":"default","_kad_post_vertical_padding":"default","_kad_post_feature":"","_kad_post_feature_position":"","_kad_post_header":false,"_kad_post_footer":false,"_kad_post_classname":""},"product_brand":[],"product_cat":[103,17,16,54],"product_tag":[112],"class_list":{"0":"post-7557","1":"product","2":"type-product","3":"status-publish","4":"has-post-thumbnail","6":"product_cat-68x80mm","7":"product_cat-bandeira","8":"product_cat-bordado","9":"product_cat-vestuario","10":"product_tag-bandeira-america-do-norte","11":"product_shipping_class-light","13":"first","14":"instock","15":"shipping-taxable","16":"purchasable","17":"product-type-simple","18":"entry","19":"content-bg","20":"loop-entry"},"_links":{"self":[{"href":"https:\/\/br44.com\/br\/wp-json\/wp\/v2\/product\/7557","targetHints":{"allow":["GET"]}}],"collection":[{"href":"https:\/\/br44.com\/br\/wp-json\/wp\/v2\/product"}],"about":[{"href":"https:\/\/br44.com\/br\/wp-json\/wp\/v2\/types\/product"}],"replies":[{"embeddable":true,"href":"https:\/\/br44.com\/br\/wp-json\/wp\/v2\/comments?post=7557"}],"wp:featuredmedia":[{"embeddable":true,"href":"https:\/\/br44.com\/br\/wp-json\/wp\/v2\/media\/7551"}],"wp:attachment":[{"href":"https:\/\/br44.com\/br\/wp-json\/wp\/v2\/media?parent=7557"}],"wp:term":[{"taxonomy":"product_brand","embeddable":true,"href":"https:\/\/br44.com\/br\/wp-json\/wp\/v2\/product_brand?post=7557"},{"taxonomy":"product_cat","embeddable":true,"href":"https:\/\/br44.com\/br\/wp-json\/wp\/v2\/product_cat?post=7557"},{"taxonomy":"product_tag","embeddable":true,"href":"https:\/\/br44.com\/br\/wp-json\/wp\/v2\/product_tag?post=7557"}],"curies":[{"name":"wp","href":"https:\/\/api.w.org\/{rel}","templated":true}]}}