{"id":7253,"date":"2022-09-14T21:35:54","date_gmt":"2022-09-15T00:35:54","guid":{"rendered":"https:\/\/br44.com\/br\/product\/bpnzt031-bandeira-nova-zelandia-patch-bordado-termo-adesivo\/"},"modified":"2026-04-14T07:25:33","modified_gmt":"2026-04-14T10:25:33","slug":"bpnzt031-nova-zelandia-bandeira-bordada-patch-termo-adesivo-ou-costura","status":"publish","type":"product","link":"https:\/\/br44.com\/br\/product\/bpnzt031-nova-zelandia-bandeira-bordada-patch-termo-adesivo-ou-costura\/","title":{"rendered":"Nova Zel\u00e2ndia Bandeira Bordada Patch Termo Adesivo ou Costura 3,8\u00d72,5 cm."},"content":{"rendered":"<ul>\n<li>Aut\u00eantico BR44 (Desde 1987)<\/li>\n<li>Tamanho:\u00a0(3,8 x 2,5 cm.) (1,5 x 1 in.)<\/li>\n<li>Perfeito para costurar ou passar a ferro em seu uniforme t\u00e1tico, quimono, mochila ou camisa.<\/li>\n<li>100% bordado.<\/li>\n<li><span class=\"a-list-item\">Patch de alta qualidade.<\/span><\/li>\n<\/ul>\n","protected":false},"excerpt":{"rendered":"<p>Democracia Parlamentar (sob Monarquia Constitucional)<br \/>\nIndependente desde 1907<br \/>\nNome local: New Zealand\/Aotearoa<br \/>\nRegi\u00e3o: Austr\u00e1lia e Nova Zel\u00e2ndia<br \/>\n\u00c1rea: 267.710 km\u00b2<br \/>\nCapital: Wellington<\/p>\n","protected":false},"featured_media":7250,"comment_status":"open","ping_status":"closed","template":"","meta":{"_kadence_starter_templates_imported_post":false,"_kad_post_transparent":"default","_kad_post_title":"","_kad_post_layout":"default","_kad_post_sidebar_id":"","_kad_post_content_style":"default","_kad_post_vertical_padding":"default","_kad_post_feature":"","_kad_post_feature_position":"","_kad_post_header":false,"_kad_post_footer":false,"_kad_post_classname":""},"product_brand":[],"product_cat":[100,17,16,54],"product_tag":[111],"class_list":{"0":"post-7253","1":"product","2":"type-product","3":"status-publish","4":"has-post-thumbnail","6":"product_cat-38x25mm","7":"product_cat-bandeira","8":"product_cat-bordado","9":"product_cat-vestuario","10":"product_tag-bandeira-oceania","11":"product_shipping_class-light","13":"first","14":"instock","15":"shipping-taxable","16":"purchasable","17":"product-type-simple","18":"entry","19":"content-bg","20":"loop-entry"},"_links":{"self":[{"href":"https:\/\/br44.com\/br\/wp-json\/wp\/v2\/product\/7253","targetHints":{"allow":["GET"]}}],"collection":[{"href":"https:\/\/br44.com\/br\/wp-json\/wp\/v2\/product"}],"about":[{"href":"https:\/\/br44.com\/br\/wp-json\/wp\/v2\/types\/product"}],"replies":[{"embeddable":true,"href":"https:\/\/br44.com\/br\/wp-json\/wp\/v2\/comments?post=7253"}],"wp:featuredmedia":[{"embeddable":true,"href":"https:\/\/br44.com\/br\/wp-json\/wp\/v2\/media\/7250"}],"wp:attachment":[{"href":"https:\/\/br44.com\/br\/wp-json\/wp\/v2\/media?parent=7253"}],"wp:term":[{"taxonomy":"product_brand","embeddable":true,"href":"https:\/\/br44.com\/br\/wp-json\/wp\/v2\/product_brand?post=7253"},{"taxonomy":"product_cat","embeddable":true,"href":"https:\/\/br44.com\/br\/wp-json\/wp\/v2\/product_cat?post=7253"},{"taxonomy":"product_tag","embeddable":true,"href":"https:\/\/br44.com\/br\/wp-json\/wp\/v2\/product_tag?post=7253"}],"curies":[{"name":"wp","href":"https:\/\/api.w.org\/{rel}","templated":true}]}}