{"id":7023,"date":"2022-09-02T13:28:25","date_gmt":"2022-09-02T16:28:25","guid":{"rendered":"https:\/\/br44.com\/br\/product\/am0234t05-judo-bandeira-brasil-patch-bordado-termo-adesivo\/"},"modified":"2025-06-20T07:46:52","modified_gmt":"2025-06-20T10:46:52","slug":"am0234t05-judo-bandeira-brasil-patch-bordado-termo-adesivo","status":"publish","type":"product","link":"https:\/\/br44.com\/br\/product\/am0234t05-judo-bandeira-brasil-patch-bordado-termo-adesivo\/","title":{"rendered":"AM0234T05 Jud\u00f4 Bandeira Brasil Patch Bordado Termo Adesivo"},"content":{"rendered":"<p>Fabricante: BR44 (Desde 1987)<\/p>\n<p>Modelo: AM0234T 05 Judo Brazil flag embroidered patch<\/p>\n<p>Tamanho: (9 \u00d7 8 cm.) (3,54 x 3,15 in.)<\/p>\n<p>Patch bordado, termo adesivo, pode ser fixado com ferro quente ou costura.<\/p>\n<p>Ideal para kimono, camisa, colete, jaqueta e outros.<\/p>\n","protected":false},"excerpt":{"rendered":"<p>Instru\u00e7\u00f5es sobre como fixar o bordado corretamente est\u00e3o na parte inferior da p\u00e1gina.<\/p>\n","protected":false},"featured_media":7022,"comment_status":"open","ping_status":"closed","template":"","meta":{"_kadence_starter_templates_imported_post":false,"_kad_post_transparent":"","_kad_post_title":"","_kad_post_layout":"","_kad_post_sidebar_id":"","_kad_post_content_style":"","_kad_post_vertical_padding":"","_kad_post_feature":"","_kad_post_feature_position":"","_kad_post_header":false,"_kad_post_footer":false,"_kad_post_classname":""},"product_brand":[],"product_cat":[18,16,54],"product_tag":[],"class_list":{"0":"post-7023","1":"product","2":"type-product","3":"status-publish","4":"has-post-thumbnail","6":"product_cat-arte-marcial","7":"product_cat-bordado","8":"product_cat-vestuario","9":"product_shipping_class-light","11":"first","12":"instock","13":"shipping-taxable","14":"purchasable","15":"product-type-simple","16":"entry","17":"content-bg","18":"loop-entry"},"_links":{"self":[{"href":"https:\/\/br44.com\/br\/wp-json\/wp\/v2\/product\/7023","targetHints":{"allow":["GET"]}}],"collection":[{"href":"https:\/\/br44.com\/br\/wp-json\/wp\/v2\/product"}],"about":[{"href":"https:\/\/br44.com\/br\/wp-json\/wp\/v2\/types\/product"}],"replies":[{"embeddable":true,"href":"https:\/\/br44.com\/br\/wp-json\/wp\/v2\/comments?post=7023"}],"wp:featuredmedia":[{"embeddable":true,"href":"https:\/\/br44.com\/br\/wp-json\/wp\/v2\/media\/7022"}],"wp:attachment":[{"href":"https:\/\/br44.com\/br\/wp-json\/wp\/v2\/media?parent=7023"}],"wp:term":[{"taxonomy":"product_brand","embeddable":true,"href":"https:\/\/br44.com\/br\/wp-json\/wp\/v2\/product_brand?post=7023"},{"taxonomy":"product_cat","embeddable":true,"href":"https:\/\/br44.com\/br\/wp-json\/wp\/v2\/product_cat?post=7023"},{"taxonomy":"product_tag","embeddable":true,"href":"https:\/\/br44.com\/br\/wp-json\/wp\/v2\/product_tag?post=7023"}],"curies":[{"name":"wp","href":"https:\/\/api.w.org\/{rel}","templated":true}]}}