{"id":6991,"date":"2022-09-01T09:40:59","date_gmt":"2022-09-01T12:40:59","guid":{"rendered":"https:\/\/br44.com\/br\/product\/bp0219ev03-bandeira-oma-patch-bordado-fecho-contato\/"},"modified":"2025-05-12T11:03:56","modified_gmt":"2025-05-12T14:03:56","slug":"bp0219ev03-pais-oma-bandeira-bordada-patch-com-velcro","status":"publish","type":"product","link":"https:\/\/br44.com\/br\/product\/bp0219ev03-pais-oma-bandeira-bordada-patch-com-velcro\/","title":{"rendered":"Pa\u00eds Om\u00e3 Bandeira T\u00e1tica Bordada Patch Com Velcro\u00ae\ufe0f 6,8\u00d78 cm."},"content":{"rendered":"<ul class=\"a-unordered-list a-vertical a-spacing-mini\">\n<li>Aut\u00eantico BR44 (Desde 1987)<\/li>\n<li>Tamanho:\u00a0(6,8 \u00d7 8 cm.) (2,68 x 3,15 in.)<\/li>\n<li>Fecho de contato gancho da marca Velcro\u00ae\ufe0f atr\u00e1s,\u00a0para fixa\u00e7\u00e3o em chap\u00e9us e equipamentos t\u00e1ticos.<\/li>\n<li>100% bordado.<\/li>\n<li><span class=\"a-list-item\">Patch de alta qualidade.<\/span><\/li>\n<\/ul>\n","protected":false},"excerpt":{"rendered":"<p>Monarquia absoluta<br \/>\nIndependente desde 1951<br \/>\nOficial: Sultanato de Om\u00e3<br \/>\nNome local: \u00b4Uman<br \/>\nRegi\u00e3o: Pr\u00f3ximo Oriente \u00c1sia<br \/>\n\u00c1rea: 309.500 km\u00b2<br \/>\nCapital: Moscatel<\/p>\n","protected":false},"featured_media":6987,"comment_status":"open","ping_status":"closed","template":"","meta":{"_kadence_starter_templates_imported_post":false,"_kad_post_transparent":"default","_kad_post_title":"","_kad_post_layout":"default","_kad_post_sidebar_id":"","_kad_post_content_style":"default","_kad_post_vertical_padding":"default","_kad_post_feature":"","_kad_post_feature_position":"","_kad_post_header":false,"_kad_post_footer":false,"_kad_post_classname":""},"product_brand":[],"product_cat":[103,17,16,54],"product_tag":[113],"class_list":{"0":"post-6991","1":"product","2":"type-product","3":"status-publish","4":"has-post-thumbnail","6":"product_cat-68x80mm","7":"product_cat-bandeira","8":"product_cat-bordado","9":"product_cat-vestuario","10":"product_tag-bandeiras-asia","11":"product_shipping_class-light","13":"first","14":"instock","15":"shipping-taxable","16":"purchasable","17":"product-type-simple","18":"entry","19":"content-bg","20":"loop-entry"},"_links":{"self":[{"href":"https:\/\/br44.com\/br\/wp-json\/wp\/v2\/product\/6991","targetHints":{"allow":["GET"]}}],"collection":[{"href":"https:\/\/br44.com\/br\/wp-json\/wp\/v2\/product"}],"about":[{"href":"https:\/\/br44.com\/br\/wp-json\/wp\/v2\/types\/product"}],"replies":[{"embeddable":true,"href":"https:\/\/br44.com\/br\/wp-json\/wp\/v2\/comments?post=6991"}],"wp:featuredmedia":[{"embeddable":true,"href":"https:\/\/br44.com\/br\/wp-json\/wp\/v2\/media\/6987"}],"wp:attachment":[{"href":"https:\/\/br44.com\/br\/wp-json\/wp\/v2\/media?parent=6991"}],"wp:term":[{"taxonomy":"product_brand","embeddable":true,"href":"https:\/\/br44.com\/br\/wp-json\/wp\/v2\/product_brand?post=6991"},{"taxonomy":"product_cat","embeddable":true,"href":"https:\/\/br44.com\/br\/wp-json\/wp\/v2\/product_cat?post=6991"},{"taxonomy":"product_tag","embeddable":true,"href":"https:\/\/br44.com\/br\/wp-json\/wp\/v2\/product_tag?post=6991"}],"curies":[{"name":"wp","href":"https:\/\/api.w.org\/{rel}","templated":true}]}}