{"id":6720,"date":"2022-08-24T17:32:49","date_gmt":"2022-08-24T20:32:49","guid":{"rendered":"https:\/\/br44.com\/br\/product\/pistola-colt-1911-patch-bordado-com-fecho-de-contato-gancho\/"},"modified":"2026-01-21T07:20:29","modified_gmt":"2026-01-21T10:20:29","slug":"pistola-colt-1911-patch-bordado-com-fecho-de-contato-gancho","status":"publish","type":"product","link":"https:\/\/br44.com\/br\/product\/pistola-colt-1911-patch-bordado-com-fecho-de-contato-gancho\/","title":{"rendered":"Pistola Colt 1911 Patch Bordado com Fecho de Contato Gancho"},"content":{"rendered":"<p>Fabricante: BR44 patch (desde 1987)<\/p>\n<p>Modelo: EML127V Pistol Colt 1911 embroidery patch fastener in back.<\/p>\n<p>Tamanho: 8 \u00d7 5,5 cm.\u00a0 3,15 \u00d7 2,16 in.<\/p>\n<p>Patch 100% bordado, prendedor gancho atr\u00e1s.<\/p>\n<p>Ideal para bon\u00e9, camisa, colete, jaqueta e outros.<\/p>\n","protected":false},"excerpt":{"rendered":"<p>Instru\u00e7\u00f5es sobre como fixar o bordado corretamente est\u00e3o na parte inferior da p\u00e1gina.<\/p>\n","protected":false},"featured_media":6719,"comment_status":"open","ping_status":"closed","template":"","meta":{"_kadence_starter_templates_imported_post":false,"_kad_post_transparent":"","_kad_post_title":"","_kad_post_layout":"","_kad_post_sidebar_id":"","_kad_post_content_style":"","_kad_post_vertical_padding":"","_kad_post_feature":"","_kad_post_feature_position":"","_kad_post_header":false,"_kad_post_footer":false,"_kad_post_classname":""},"product_brand":[],"product_cat":[23,16,54],"product_tag":[],"class_list":{"0":"post-6720","1":"product","2":"type-product","3":"status-publish","4":"has-post-thumbnail","6":"product_cat-militar","7":"product_cat-bordado","8":"product_cat-vestuario","9":"product_shipping_class-light","11":"first","12":"onbackorder","13":"shipping-taxable","14":"purchasable","15":"product-type-simple","16":"entry","17":"content-bg","18":"loop-entry"},"_links":{"self":[{"href":"https:\/\/br44.com\/br\/wp-json\/wp\/v2\/product\/6720","targetHints":{"allow":["GET"]}}],"collection":[{"href":"https:\/\/br44.com\/br\/wp-json\/wp\/v2\/product"}],"about":[{"href":"https:\/\/br44.com\/br\/wp-json\/wp\/v2\/types\/product"}],"replies":[{"embeddable":true,"href":"https:\/\/br44.com\/br\/wp-json\/wp\/v2\/comments?post=6720"}],"wp:featuredmedia":[{"embeddable":true,"href":"https:\/\/br44.com\/br\/wp-json\/wp\/v2\/media\/6719"}],"wp:attachment":[{"href":"https:\/\/br44.com\/br\/wp-json\/wp\/v2\/media?parent=6720"}],"wp:term":[{"taxonomy":"product_brand","embeddable":true,"href":"https:\/\/br44.com\/br\/wp-json\/wp\/v2\/product_brand?post=6720"},{"taxonomy":"product_cat","embeddable":true,"href":"https:\/\/br44.com\/br\/wp-json\/wp\/v2\/product_cat?post=6720"},{"taxonomy":"product_tag","embeddable":true,"href":"https:\/\/br44.com\/br\/wp-json\/wp\/v2\/product_tag?post=6720"}],"curies":[{"name":"wp","href":"https:\/\/api.w.org\/{rel}","templated":true}]}}