{"id":6191,"date":"2022-08-12T15:55:54","date_gmt":"2022-08-12T18:55:54","guid":{"rendered":"https:\/\/br44.com\/br\/product\/bp0010v03-bandeira-cuba-patch-bordado-fecho-contato\/"},"modified":"2025-05-12T11:06:46","modified_gmt":"2025-05-12T14:06:46","slug":"bp0010v03-pais-cuba-bandeira-tatica-bordada-patch-com-velcro","status":"publish","type":"product","link":"https:\/\/br44.com\/br\/product\/bp0010v03-pais-cuba-bandeira-tatica-bordada-patch-com-velcro\/","title":{"rendered":"Pa\u00eds Cuba Bandeira T\u00e1tica Bordada Patch Com Velcro\u00ae\ufe0f 7,5\u00d75 cm."},"content":{"rendered":"<ul>\n<li>Aut\u00eantico BR44 (Desde 1987)<\/li>\n<li>Tamanho:\u00a0(7,5 x 5 cm.) (3 \u00d7 2 in.)<\/li>\n<li>Fecho de contato gancho da marca Velcro\u00ae\ufe0f atr\u00e1s.<\/li>\n<li>Ideal para fixa\u00e7\u00e3o em chap\u00e9us e equipamentos t\u00e1ticos.<\/li>\n<li><span class=\"a-list-item\">Patch\u00a0de alta qualidade 100% bordado.<\/span><\/li>\n<\/ul>\n","protected":false},"excerpt":{"rendered":"<p>Rep\u00fablica (sistema comunista unipartid\u00e1rio)<br \/>\nIndependente desde 1902<br \/>\nOficial: Rep\u00fablica de Cuba<br \/>\nNome local: Cuba<br \/>\nRegi\u00e3o: Caribe<br \/>\n\u00c1rea: 109.880 km\u00b2<br \/>\nCapital: Havana<\/p>\n","protected":false},"featured_media":8336,"comment_status":"open","ping_status":"closed","template":"","meta":{"_kadence_starter_templates_imported_post":false,"_kad_post_transparent":"default","_kad_post_title":"","_kad_post_layout":"default","_kad_post_sidebar_id":"","_kad_post_content_style":"default","_kad_post_vertical_padding":"default","_kad_post_feature":"","_kad_post_feature_position":"","_kad_post_header":false,"_kad_post_footer":false,"_kad_post_classname":""},"product_brand":[],"product_cat":[97,17,16,54],"product_tag":[112],"class_list":{"0":"post-6191","1":"product","2":"type-product","3":"status-publish","4":"has-post-thumbnail","6":"product_cat-75x50mm","7":"product_cat-bandeira","8":"product_cat-bordado","9":"product_cat-vestuario","10":"product_tag-bandeira-america-do-norte","11":"product_shipping_class-light","13":"first","14":"instock","15":"shipping-taxable","16":"purchasable","17":"product-type-simple","18":"entry","19":"content-bg","20":"loop-entry"},"_links":{"self":[{"href":"https:\/\/br44.com\/br\/wp-json\/wp\/v2\/product\/6191","targetHints":{"allow":["GET"]}}],"collection":[{"href":"https:\/\/br44.com\/br\/wp-json\/wp\/v2\/product"}],"about":[{"href":"https:\/\/br44.com\/br\/wp-json\/wp\/v2\/types\/product"}],"replies":[{"embeddable":true,"href":"https:\/\/br44.com\/br\/wp-json\/wp\/v2\/comments?post=6191"}],"wp:featuredmedia":[{"embeddable":true,"href":"https:\/\/br44.com\/br\/wp-json\/wp\/v2\/media\/8336"}],"wp:attachment":[{"href":"https:\/\/br44.com\/br\/wp-json\/wp\/v2\/media?parent=6191"}],"wp:term":[{"taxonomy":"product_brand","embeddable":true,"href":"https:\/\/br44.com\/br\/wp-json\/wp\/v2\/product_brand?post=6191"},{"taxonomy":"product_cat","embeddable":true,"href":"https:\/\/br44.com\/br\/wp-json\/wp\/v2\/product_cat?post=6191"},{"taxonomy":"product_tag","embeddable":true,"href":"https:\/\/br44.com\/br\/wp-json\/wp\/v2\/product_tag?post=6191"}],"curies":[{"name":"wp","href":"https:\/\/api.w.org\/{rel}","templated":true}]}}