{"id":6083,"date":"2022-08-11T16:23:14","date_gmt":"2022-08-11T19:23:14","guid":{"rendered":"https:\/\/br44.com\/br\/product\/bp0195v04-bandeira-china-patch-bordado-fecho-contato\/"},"modified":"2026-04-01T15:23:16","modified_gmt":"2026-04-01T18:23:16","slug":"bp0195v04-pais-china-bandeira-tatica-bordada-patch-com-velcro","status":"publish","type":"product","link":"https:\/\/br44.com\/br\/product\/bp0195v04-pais-china-bandeira-tatica-bordada-patch-com-velcro\/","title":{"rendered":"Pa\u00eds China Bandeira T\u00e1tica Bordada Patch Com Velcro\u00ae\ufe0f 7,5\u00d75 cm."},"content":{"rendered":"<ul>\n<li>Aut\u00eantico BR44 (Desde 1987)<\/li>\n<li>Tamanho:\u00a0(7,5 x 5 cm.) (3 \u00d7 2 in.)<\/li>\n<li>Fecho de contato gancho da marca Velcro\u00ae\ufe0f atr\u00e1s.<\/li>\n<li>Ideal para fixa\u00e7\u00e3o em chap\u00e9us e equipamentos t\u00e1ticos.<\/li>\n<li><span class=\"a-list-item\">Patch\u00a0de alta qualidade 100% bordado.<\/span><\/li>\n<\/ul>\n","protected":false},"excerpt":{"rendered":"<p>Rep\u00fablica Popular (sistema comunista de partido \u00fanico)<br \/>\nIndependente desde 1523 A.C.<br \/>\nOficial: Rep\u00fablica Popular da China<br \/>\nNome local: \u4e2d\u570b \/ \u4e2d\u56fd \/ Zh\u014dnggu\u00f3<br \/>\nRegi\u00e3o: Extremo Oriente da \u00c1sia<br \/>\n\u00c1rea: 9.562.910 km\u00b2<br \/>\nCapital: Pequim<\/p>\n","protected":false},"featured_media":8356,"comment_status":"open","ping_status":"closed","template":"","meta":{"_kadence_starter_templates_imported_post":false,"_kad_post_transparent":"default","_kad_post_title":"","_kad_post_layout":"default","_kad_post_sidebar_id":"","_kad_post_content_style":"default","_kad_post_vertical_padding":"default","_kad_post_feature":"","_kad_post_feature_position":"","_kad_post_header":false,"_kad_post_footer":false,"_kad_post_classname":""},"product_brand":[],"product_cat":[97,17,16,54],"product_tag":[113],"class_list":{"0":"post-6083","1":"product","2":"type-product","3":"status-publish","4":"has-post-thumbnail","6":"product_cat-75x50mm","7":"product_cat-bandeira","8":"product_cat-bordado","9":"product_cat-vestuario","10":"product_tag-bandeiras-asia","11":"product_shipping_class-light","13":"first","14":"instock","15":"shipping-taxable","16":"purchasable","17":"product-type-simple","18":"entry","19":"content-bg","20":"loop-entry"},"_links":{"self":[{"href":"https:\/\/br44.com\/br\/wp-json\/wp\/v2\/product\/6083","targetHints":{"allow":["GET"]}}],"collection":[{"href":"https:\/\/br44.com\/br\/wp-json\/wp\/v2\/product"}],"about":[{"href":"https:\/\/br44.com\/br\/wp-json\/wp\/v2\/types\/product"}],"replies":[{"embeddable":true,"href":"https:\/\/br44.com\/br\/wp-json\/wp\/v2\/comments?post=6083"}],"wp:featuredmedia":[{"embeddable":true,"href":"https:\/\/br44.com\/br\/wp-json\/wp\/v2\/media\/8356"}],"wp:attachment":[{"href":"https:\/\/br44.com\/br\/wp-json\/wp\/v2\/media?parent=6083"}],"wp:term":[{"taxonomy":"product_brand","embeddable":true,"href":"https:\/\/br44.com\/br\/wp-json\/wp\/v2\/product_brand?post=6083"},{"taxonomy":"product_cat","embeddable":true,"href":"https:\/\/br44.com\/br\/wp-json\/wp\/v2\/product_cat?post=6083"},{"taxonomy":"product_tag","embeddable":true,"href":"https:\/\/br44.com\/br\/wp-json\/wp\/v2\/product_tag?post=6083"}],"curies":[{"name":"wp","href":"https:\/\/api.w.org\/{rel}","templated":true}]}}