{"id":3627,"date":"2022-04-15T09:54:13","date_gmt":"2022-04-15T12:54:13","guid":{"rendered":"https:\/\/br44.com\/br\/product\/bandeira-florida-eua-patch-bordada-passar-a-ferro-ou-costura\/"},"modified":"2025-05-12T20:46:31","modified_gmt":"2025-05-12T23:46:31","slug":"bandeira-florida-eua-patch-bordada-passar-a-ferro-ou-costura","status":"publish","type":"product","link":"https:\/\/br44.com\/br\/product\/bandeira-florida-eua-patch-bordada-passar-a-ferro-ou-costura\/","title":{"rendered":"Bandeira Florida EUA Patch Bordada passar a ferro ou costura"},"content":{"rendered":"<p>Fabricante: BR44 (Desde 1987)<\/p>\n<p>Modelo: BE0007T 11 Florida State USA <span id=\"productTitle\" class=\"a-size-large product-title-word-break\" style=\"font-size: 24px !important;line-height: 32px !important\"><\/span>Flag <span id=\"productTitle\" class=\"a-size-large\" style=\"font-size: 21px !important;line-height: 1.3 !important\"><\/span> embroidered patch.<\/p>\n<p>Tamanho: (5,7 \u00d7 3,8 cm.)\u00a0 (2,25 \u00d7 1,5 in.)<\/p>\n<p>Patch 100% bordado, termo adesivo, pode ser fixado com ferro quente ou costura.<\/p>\n<p>Ideal para kimono, camisa, colete, jaqueta e outros.<\/p>\n","protected":false},"excerpt":{"rendered":"<p>Instru\u00e7\u00f5es sobre como fixar o bordado corretamente est\u00e3o na parte inferior da p\u00e1gina.<\/p>\n","protected":false},"featured_media":3622,"comment_status":"open","ping_status":"closed","template":"","meta":{"_kadence_starter_templates_imported_post":false,"_kad_post_transparent":"","_kad_post_title":"","_kad_post_layout":"","_kad_post_sidebar_id":"","_kad_post_content_style":"","_kad_post_vertical_padding":"","_kad_post_feature":"","_kad_post_feature_position":"","_kad_post_header":false,"_kad_post_footer":false,"_kad_post_classname":""},"product_brand":[],"product_cat":[17,16],"product_tag":[],"class_list":{"0":"post-3627","1":"product","2":"type-product","3":"status-publish","4":"has-post-thumbnail","6":"product_cat-bandeira","7":"product_cat-bordado","8":"product_shipping_class-light","10":"first","11":"onbackorder","12":"shipping-taxable","13":"purchasable","14":"product-type-simple","15":"entry","16":"content-bg","17":"loop-entry"},"_links":{"self":[{"href":"https:\/\/br44.com\/br\/wp-json\/wp\/v2\/product\/3627","targetHints":{"allow":["GET"]}}],"collection":[{"href":"https:\/\/br44.com\/br\/wp-json\/wp\/v2\/product"}],"about":[{"href":"https:\/\/br44.com\/br\/wp-json\/wp\/v2\/types\/product"}],"replies":[{"embeddable":true,"href":"https:\/\/br44.com\/br\/wp-json\/wp\/v2\/comments?post=3627"}],"wp:featuredmedia":[{"embeddable":true,"href":"https:\/\/br44.com\/br\/wp-json\/wp\/v2\/media\/3622"}],"wp:attachment":[{"href":"https:\/\/br44.com\/br\/wp-json\/wp\/v2\/media?parent=3627"}],"wp:term":[{"taxonomy":"product_brand","embeddable":true,"href":"https:\/\/br44.com\/br\/wp-json\/wp\/v2\/product_brand?post=3627"},{"taxonomy":"product_cat","embeddable":true,"href":"https:\/\/br44.com\/br\/wp-json\/wp\/v2\/product_cat?post=3627"},{"taxonomy":"product_tag","embeddable":true,"href":"https:\/\/br44.com\/br\/wp-json\/wp\/v2\/product_tag?post=3627"}],"curies":[{"name":"wp","href":"https:\/\/api.w.org\/{rel}","templated":true}]}}