{"id":1918,"date":"2022-03-15T11:22:12","date_gmt":"2022-03-15T14:22:12","guid":{"rendered":"https:\/\/br44.com\/br\/product\/bp0081v21-bandeira-alemanha-patch-bordado-fecho-contato\/"},"modified":"2025-11-24T07:19:00","modified_gmt":"2025-11-24T10:19:00","slug":"bp0081v21-bandeira-alemanha-patch-bordado-fecho-contato","status":"publish","type":"product","link":"https:\/\/br44.com\/br\/product\/bp0081v21-bandeira-alemanha-patch-bordado-fecho-contato\/","title":{"rendered":"Alemanha Bandeira Bordada Com Velcro\u00ae\ufe0f 10,2\u00d76,8 cm."},"content":{"rendered":"<ul class=\"a-unordered-list a-vertical a-spacing-mini\" style=\"margin: 0px 0px 1.5em 1.5em;padding: 0px;color: #111111;font-family: Lato, sans-serif\">\n<li><span style=\"vertical-align: inherit\">Aut\u00eantico BR44 (Desde 1987)<\/span><\/li>\n<li><span style=\"color: #333333;font-family: Georgia, 'Times New Roman', 'Bitstream Charter', Times, serif\">Tamanho:\u00a0<\/span>(10,2 \u00d7 6,8 cm.) (4,0 \u00d7 2,67 in.)<\/li>\n<li><span style=\"color: #333333;font-family: Georgia, 'Times New Roman', 'Bitstream Charter', Times, serif\">Fecho de contato gancho da marca Velcro\u00ae\ufe0f atr\u00e1s,\u00a0<\/span>para fixa\u00e7\u00e3o em chap\u00e9us e equipamentos t\u00e1ticos.<\/li>\n<li><span style=\"vertical-align: inherit\">100% bordado.<\/span><\/li>\n<li><span class=\"a-list-item\">Patch de alta qualidade.<\/span><\/li>\n<li><span style=\"color: #333333;font-family: Georgia, 'Times New Roman', 'Bitstream Charter', Times, serif\">Ideal tamb\u00e9m para quimono, camisa, colete, jaqueta e outros.<\/span><\/li>\n<\/ul>\n","protected":false},"excerpt":{"rendered":"<p>Aut\u00eantico BR44 (Desde 1987) Tamanho:\u00a0(10,2 \u00d7 6,8 cm.) (4,0 \u00d7 2,67 in.) Fecho de contato gancho da marca Velcro\u00ae\ufe0f atr\u00e1s,\u00a0para fixa\u00e7\u00e3o em chap\u00e9us e equipamentos t\u00e1ticos. 100% bordado. Patch de alta qualidade. Ideal tamb\u00e9m para quimono, camisa, colete, jaqueta e outros.<\/p>\n","protected":false},"featured_media":1915,"comment_status":"open","ping_status":"closed","template":"","meta":{"_kadence_starter_templates_imported_post":false,"_kad_post_transparent":"","_kad_post_title":"","_kad_post_layout":"","_kad_post_sidebar_id":"","_kad_post_content_style":"","_kad_post_vertical_padding":"","_kad_post_feature":"","_kad_post_feature_position":"","_kad_post_header":false,"_kad_post_footer":false,"_kad_post_classname":""},"product_brand":[],"product_cat":[17,16],"product_tag":[],"class_list":{"0":"post-1918","1":"product","2":"type-product","3":"status-publish","4":"has-post-thumbnail","6":"product_cat-bandeira","7":"product_cat-bordado","8":"product_shipping_class-light","10":"first","11":"instock","12":"shipping-taxable","13":"purchasable","14":"product-type-simple","15":"entry","16":"content-bg","17":"loop-entry"},"_links":{"self":[{"href":"https:\/\/br44.com\/br\/wp-json\/wp\/v2\/product\/1918","targetHints":{"allow":["GET"]}}],"collection":[{"href":"https:\/\/br44.com\/br\/wp-json\/wp\/v2\/product"}],"about":[{"href":"https:\/\/br44.com\/br\/wp-json\/wp\/v2\/types\/product"}],"replies":[{"embeddable":true,"href":"https:\/\/br44.com\/br\/wp-json\/wp\/v2\/comments?post=1918"}],"wp:featuredmedia":[{"embeddable":true,"href":"https:\/\/br44.com\/br\/wp-json\/wp\/v2\/media\/1915"}],"wp:attachment":[{"href":"https:\/\/br44.com\/br\/wp-json\/wp\/v2\/media?parent=1918"}],"wp:term":[{"taxonomy":"product_brand","embeddable":true,"href":"https:\/\/br44.com\/br\/wp-json\/wp\/v2\/product_brand?post=1918"},{"taxonomy":"product_cat","embeddable":true,"href":"https:\/\/br44.com\/br\/wp-json\/wp\/v2\/product_cat?post=1918"},{"taxonomy":"product_tag","embeddable":true,"href":"https:\/\/br44.com\/br\/wp-json\/wp\/v2\/product_tag?post=1918"}],"curies":[{"name":"wp","href":"https:\/\/api.w.org\/{rel}","templated":true}]}}