{"id":1724,"date":"2022-02-26T19:20:43","date_gmt":"2022-02-26T22:20:43","guid":{"rendered":"https:\/\/br44.com\/br\/product\/bp0010v21-bandeira-cuba-patch-bordado-fecho-contato\/"},"modified":"2026-03-23T07:19:05","modified_gmt":"2026-03-23T10:19:05","slug":"bp0010v21-bandeira-cuba-patch-bordado-fecho-contato","status":"publish","type":"product","link":"https:\/\/br44.com\/br\/product\/bp0010v21-bandeira-cuba-patch-bordado-fecho-contato\/","title":{"rendered":"Cuba Bandeira Bordada Com fecho de contato 10,2\u00d76,8 cm."},"content":{"rendered":"<ul class=\"a-unordered-list a-vertical a-spacing-mini\" style=\"margin: 0px 0px 1.5em 1.5em; padding: 0px; color: #111111; font-family: Lato, sans-serif;\">\n<li><span style=\"vertical-align: inherit;\">Aut\u00eantico BR44 (Desde 1987)<\/span><\/li>\n<li><span style=\"color: #333333; font-family: Georgia, 'Times New Roman', 'Bitstream Charter', Times, serif;\">Tamanho:\u00a0<\/span>(10,2 \u00d7 6,8 cm.)\u00a0 (4,0 \u00d7 2,67 in.)<\/li>\n<li><span style=\"color: #333333; font-family: Georgia, 'Times New Roman', 'Bitstream Charter', Times, serif;\">Fecho de contato gancho, para<\/span>\u00a0fixa\u00e7\u00e3o em chap\u00e9us e equipamentos t\u00e1ticos.<\/li>\n<li><span style=\"vertical-align: inherit;\">100% bordado.<\/span><\/li>\n<li><span class=\"a-list-item\">Patch de alta qualidade.<\/span><\/li>\n<li><span style=\"color: #333333; font-family: Georgia, 'Times New Roman', 'Bitstream Charter', Times, serif;\">Ideal tamb\u00e9m para quimono, camisa, colete, jaqueta e outros.<\/span><\/li>\n<\/ul>\n","protected":false},"excerpt":{"rendered":"<p>Aut\u00eantico BR44 (Desde 1987) Tamanho:\u00a0(10,2 \u00d7 6,8 cm.)\u00a0 (4,0 \u00d7 2,67 in.) Fecho de contato gancho, para\u00a0fixa\u00e7\u00e3o em chap\u00e9us e equipamentos t\u00e1ticos. 100% bordado. Patch de alta qualidade. Ideal tamb\u00e9m para quimono, camisa, colete, jaqueta e outros.<\/p>\n","protected":false},"featured_media":1721,"comment_status":"open","ping_status":"closed","template":"","meta":{"_kadence_starter_templates_imported_post":false,"_kad_post_transparent":"default","_kad_post_title":"","_kad_post_layout":"default","_kad_post_sidebar_id":"","_kad_post_content_style":"default","_kad_post_vertical_padding":"default","_kad_post_feature":"","_kad_post_feature_position":"","_kad_post_header":false,"_kad_post_footer":false,"_kad_post_classname":""},"product_brand":[],"product_cat":[17,16,54],"product_tag":[],"class_list":{"0":"post-1724","1":"product","2":"type-product","3":"status-publish","4":"has-post-thumbnail","6":"product_cat-bandeira","7":"product_cat-bordado","8":"product_cat-vestuario","9":"product_shipping_class-light","11":"first","12":"onbackorder","13":"shipping-taxable","14":"purchasable","15":"product-type-simple","16":"entry","17":"content-bg","18":"loop-entry"},"_links":{"self":[{"href":"https:\/\/br44.com\/br\/wp-json\/wp\/v2\/product\/1724","targetHints":{"allow":["GET"]}}],"collection":[{"href":"https:\/\/br44.com\/br\/wp-json\/wp\/v2\/product"}],"about":[{"href":"https:\/\/br44.com\/br\/wp-json\/wp\/v2\/types\/product"}],"replies":[{"embeddable":true,"href":"https:\/\/br44.com\/br\/wp-json\/wp\/v2\/comments?post=1724"}],"wp:featuredmedia":[{"embeddable":true,"href":"https:\/\/br44.com\/br\/wp-json\/wp\/v2\/media\/1721"}],"wp:attachment":[{"href":"https:\/\/br44.com\/br\/wp-json\/wp\/v2\/media?parent=1724"}],"wp:term":[{"taxonomy":"product_brand","embeddable":true,"href":"https:\/\/br44.com\/br\/wp-json\/wp\/v2\/product_brand?post=1724"},{"taxonomy":"product_cat","embeddable":true,"href":"https:\/\/br44.com\/br\/wp-json\/wp\/v2\/product_cat?post=1724"},{"taxonomy":"product_tag","embeddable":true,"href":"https:\/\/br44.com\/br\/wp-json\/wp\/v2\/product_tag?post=1724"}],"curies":[{"name":"wp","href":"https:\/\/api.w.org\/{rel}","templated":true}]}}