{"id":15919,"date":"2026-05-11T16:20:04","date_gmt":"2026-05-11T19:20:04","guid":{"rendered":"https:\/\/br44.com\/br\/product\/mot016-070a-patch-harley-davidson-caveira-laranj-bordado-7cm\/"},"modified":"2026-05-12T18:50:54","modified_gmt":"2026-05-12T21:50:54","slug":"mot016-070a-patch-harley-davidson-caveira-laranj-bordado-7cm","status":"publish","type":"product","link":"https:\/\/br44.com\/br\/product\/mot016-070a-patch-harley-davidson-caveira-laranj-bordado-7cm\/","title":{"rendered":"MOT016-070A Patch Harley Davidson Caveira Laranj Bordado 7cm"},"content":{"rendered":"<p><strong>Patch bordado estilo Harley Davidson com caveira laranja, acabamento premium e visual marcante. Medida aproximada de 7&#215;7 cm, ideal para aplica\u00e7\u00e3o em coletes, mochilas, jaquetas e acess\u00f3rios.<\/strong><\/p>\n","protected":false},"excerpt":{"rendered":"<p>Patch bordado estilo Harley Davidson com caveira laranja, acabamento premium e visual marcante. Medida aproximada de 7&#215;7 cm, ideal para aplica\u00e7\u00e3o em coletes, mochilas, jaquetas e acess\u00f3rios.<\/p>\n","protected":false},"featured_media":15922,"comment_status":"open","ping_status":"closed","template":"","meta":{"_kadence_starter_templates_imported_post":false,"_kad_post_transparent":"default","_kad_post_title":"","_kad_post_layout":"default","_kad_post_sidebar_id":"","_kad_post_content_style":"default","_kad_post_vertical_padding":"default","_kad_post_feature":"","_kad_post_feature_position":"","_kad_post_header":false,"_kad_post_footer":false,"_kad_post_classname":""},"product_brand":[],"product_cat":[16,21],"product_tag":[],"class_list":{"0":"post-15919","1":"product","2":"type-product","3":"status-publish","4":"has-post-thumbnail","6":"product_cat-bordado","7":"product_cat-veiculos","8":"product_shipping_class-light","10":"first","11":"instock","12":"shipping-taxable","13":"purchasable","14":"product-type-variable","15":"entry","16":"content-bg","17":"loop-entry"},"_links":{"self":[{"href":"https:\/\/br44.com\/br\/wp-json\/wp\/v2\/product\/15919","targetHints":{"allow":["GET"]}}],"collection":[{"href":"https:\/\/br44.com\/br\/wp-json\/wp\/v2\/product"}],"about":[{"href":"https:\/\/br44.com\/br\/wp-json\/wp\/v2\/types\/product"}],"replies":[{"embeddable":true,"href":"https:\/\/br44.com\/br\/wp-json\/wp\/v2\/comments?post=15919"}],"wp:featuredmedia":[{"embeddable":true,"href":"https:\/\/br44.com\/br\/wp-json\/wp\/v2\/media\/15922"}],"wp:attachment":[{"href":"https:\/\/br44.com\/br\/wp-json\/wp\/v2\/media?parent=15919"}],"wp:term":[{"taxonomy":"product_brand","embeddable":true,"href":"https:\/\/br44.com\/br\/wp-json\/wp\/v2\/product_brand?post=15919"},{"taxonomy":"product_cat","embeddable":true,"href":"https:\/\/br44.com\/br\/wp-json\/wp\/v2\/product_cat?post=15919"},{"taxonomy":"product_tag","embeddable":true,"href":"https:\/\/br44.com\/br\/wp-json\/wp\/v2\/product_tag?post=15919"}],"curies":[{"name":"wp","href":"https:\/\/api.w.org\/{rel}","templated":true}]}}