{"id":15886,"date":"2026-05-06T15:57:51","date_gmt":"2026-05-06T18:57:51","guid":{"rendered":"https:\/\/br44.com\/br\/product\/tifr005-patch-bordado-galo-franca-termocolante-60-x-90-cm\/"},"modified":"2026-05-06T19:01:59","modified_gmt":"2026-05-06T22:01:59","slug":"tifr005-patch-bordado-galo-franca-termocolante-60-x-90-cm","status":"publish","type":"product","link":"https:\/\/br44.com\/br\/product\/tifr005-patch-bordado-galo-franca-termocolante-60-x-90-cm\/","title":{"rendered":"TIFR005-060A Patch Bordado Galo Fran\u00e7a 1978 Termocolan 6x9cm"},"content":{"rendered":"<p>Patch Bordado Fran\u00e7a \u2013 Estilo Vintage Oficial<\/p>\n<p>Este patch representa um dos s\u00edmbolos mais ic\u00f4nicos do futebol mundial: o galo da Federa\u00e7\u00e3o Francesa de Futebol (FFF), utilizado em 1978, marcando o in\u00edcio da identidade visual da sele\u00e7\u00e3o francesa.<\/p>\n<p>Al\u00e9m disso, trata-se de um emblema hist\u00f3rico que remete \u00e0s primeiras gera\u00e7\u00f5es da Sele\u00e7\u00e3o Francesa, sendo altamente valorizado por colecionadores e apaixonados por futebol retr\u00f4.<\/p>\n<p>\u2714\ufe0f Bordado de alta defini\u00e7\u00e3o (acabamento premium)<\/p>\n<p>\u2714\ufe0f Design fiel ao s\u00edmbolo cl\u00e1ssico da Fran\u00e7a<\/p>\n<p>\u2714\ufe0f Estilo vintage \/ retr\u00f4<\/p>\n<p>\u2714\ufe0f Ideal para personaliza\u00e7\u00e3o ou cole\u00e7\u00e3o<\/p>\n<p>\u2714\ufe0f Alta durabilidade<\/p>\n<p>\ud83d\udccf ESPECIFICA\u00c7\u00d5ES<\/p>\n<p>\u2022 Tipo: Patch bordado<\/p>\n<p>\u2022 Aplica\u00e7\u00e3o: Costura ou termocolante<\/p>\n","protected":false},"excerpt":{"rendered":"<p><strong>Aut\u00eantico BR44 (Desde 1987)<\/strong><\/p>\n<p><strong>Tamanho: 6 x 9 cm.<\/strong><\/p>\n<p><strong>Bordado de alta qualidade.100% BORDADO, resistente as lavagens e ao desbotamento, bordado com fios de poli\u00e9ster de alto brilho.<\/strong><\/p>\n<p>Sugest\u00f5es de USO:\u00a0 Bon\u00e9s, Mochilas e camisetas.2 op\u00e7\u00f5es:<\/p>\n<p>A) Termocolante<\/p>\n<p>D)\u00a0 Arquivo Matriz para bordar em m\u00e1quina eletr\u00f4nica, formato: DSB, DST, EXP, HUS, JEF, PCS, PES, SEW, VP3, XXX.<\/p>\n","protected":false},"featured_media":15890,"comment_status":"open","ping_status":"closed","template":"","meta":{"_kadence_starter_templates_imported_post":false,"_kad_post_transparent":"default","_kad_post_title":"","_kad_post_layout":"default","_kad_post_sidebar_id":"","_kad_post_content_style":"default","_kad_post_vertical_padding":"default","_kad_post_feature":"","_kad_post_feature_position":"","_kad_post_header":false,"_kad_post_footer":false,"_kad_post_classname":""},"product_brand":[],"product_cat":[22,16],"product_tag":[],"class_list":{"0":"post-15886","1":"product","2":"type-product","3":"status-publish","4":"has-post-thumbnail","6":"product_cat-futebol","7":"product_cat-bordado","8":"product_shipping_class-light","10":"first","11":"instock","12":"shipping-taxable","13":"purchasable","14":"product-type-variable","15":"entry","16":"content-bg","17":"loop-entry"},"_links":{"self":[{"href":"https:\/\/br44.com\/br\/wp-json\/wp\/v2\/product\/15886","targetHints":{"allow":["GET"]}}],"collection":[{"href":"https:\/\/br44.com\/br\/wp-json\/wp\/v2\/product"}],"about":[{"href":"https:\/\/br44.com\/br\/wp-json\/wp\/v2\/types\/product"}],"replies":[{"embeddable":true,"href":"https:\/\/br44.com\/br\/wp-json\/wp\/v2\/comments?post=15886"}],"wp:featuredmedia":[{"embeddable":true,"href":"https:\/\/br44.com\/br\/wp-json\/wp\/v2\/media\/15890"}],"wp:attachment":[{"href":"https:\/\/br44.com\/br\/wp-json\/wp\/v2\/media?parent=15886"}],"wp:term":[{"taxonomy":"product_brand","embeddable":true,"href":"https:\/\/br44.com\/br\/wp-json\/wp\/v2\/product_brand?post=15886"},{"taxonomy":"product_cat","embeddable":true,"href":"https:\/\/br44.com\/br\/wp-json\/wp\/v2\/product_cat?post=15886"},{"taxonomy":"product_tag","embeddable":true,"href":"https:\/\/br44.com\/br\/wp-json\/wp\/v2\/product_tag?post=15886"}],"curies":[{"name":"wp","href":"https:\/\/api.w.org\/{rel}","templated":true}]}}