{"id":15825,"date":"2026-04-08T16:43:18","date_gmt":"2026-04-08T19:43:18","guid":{"rendered":"https:\/\/br44.com\/br\/product\/bp0048-011-bandeira-equador-patch-bordado-57x38cm\/"},"modified":"2026-04-08T16:43:19","modified_gmt":"2026-04-08T19:43:19","slug":"bp0048-011-bandeira-equador-patch-bordado-57x38cm","status":"publish","type":"product","link":"https:\/\/br44.com\/br\/product\/bp0048-011-bandeira-equador-patch-bordado-57x38cm\/","title":{"rendered":"BP0048-011 Bandeira Equador Patch Bordado 5,7&#215;3,8cm"},"content":{"rendered":"<ul style=\"margin: 0px 0px 1.5em 1.5em;padding: 0px;color: #111111;font-family: Lato, sans-serif;font-size: 16px;font-style: normal;font-weight: 400;letter-spacing: normal;text-align: start;text-indent: 0px;text-transform: none;background-color: #ffffff\">\n<li><span style=\"vertical-align: inherit\">Aut\u00eantico BR44 (Desde 1987)<\/span><\/li>\n<li><span style=\"vertical-align: inherit\">Tamanho: 5,7 x 3,8 cm.<br \/><\/span><\/li>\n<\/ul>\n<ul style=\"margin: 0px 0px 1.5em 1.5em;padding: 0px;color: #111111;font-family: Lato, sans-serif;font-size: 16px;font-style: normal;font-weight: 400;letter-spacing: normal;text-align: start;text-indent: 0px;text-transform: none;background-color: #ffffff\">\n<li><span style=\"color: #333333;font-family: Georgia, 'Times New Roman', 'Bitstream Charter', Times, serif\">4 op\u00e7\u00f5es:<\/span><\/li>\n<li><span style=\"color: #333333;font-family: Georgia, 'Times New Roman', 'Bitstream Charter', Times, serif\">1- Termo adesivo ou costura.<\/span><\/li>\n<li><span style=\"color: #333333;font-family: Georgia, 'Times New Roman', 'Bitstream Charter', Times, serif\">2- Fecho de contato gancho da marca Velcro atr\u00e1s.<\/span><\/li>\n<li><span style=\"color: #333333;font-family: Georgia, 'Times New Roman', 'Bitstream Charter', Times, serif\">3- Chaveiro.<\/span><\/li>\n<li><span style=\"color: #333333;font-family: Georgia, 'Times New Roman', 'Bitstream Charter', Times, serif\">4- Arquivo Matriz para bordar em m\u00e1quina eletr\u00f4nica, formato: DSB, DST, EXP, HUS, JEF, PCS, PES, SEW, VP3, XXX.<\/span><\/li>\n<\/ul>\n<ul style=\"margin: 0px 0px 1.5em 1.5em;padding: 0px;color: #111111;font-family: Lato, sans-serif;font-size: 16px;font-style: normal;font-weight: 400;letter-spacing: normal;text-align: start;text-indent: 0px;text-transform: none;background-color: #ffffff\">\n<li><span style=\"color: #333333;font-family: Georgia, 'Times New Roman', 'Bitstream Charter', Times, serif\">Ideal <\/span>para aplicar em bon\u00e9s, chap\u00e9us, quimonos, camisas, mochilas e equipamentos t\u00e1ticos.<\/li>\n<li><span class=\"a-list-item\">Patch bordado de alta qualidade.<\/span><\/li>\n<\/ul>\n<p>\u00a0<\/p>\n","protected":false},"excerpt":{"rendered":"<p>Aut\u00eantico BR44 (Desde 1987) Tamanho: 5,7 x 3,8 cm. 4 op\u00e7\u00f5es: 1- Termo adesivo ou costura. 2- Fecho de contato gancho da marca Velcro atr\u00e1s. 3- Chaveiro. 4- Arquivo Matriz para bordar em m\u00e1quina eletr\u00f4nica, formato: DSB, DST, EXP, HUS, JEF, PCS, PES, SEW, VP3, XXX. Ideal para aplicar em bon\u00e9s, chap\u00e9us, quimonos, camisas, mochilas&#8230;<\/p>\n","protected":false},"featured_media":0,"comment_status":"open","ping_status":"closed","template":"","meta":{"_kadence_starter_templates_imported_post":false,"_kad_post_transparent":"","_kad_post_title":"","_kad_post_layout":"","_kad_post_sidebar_id":"","_kad_post_content_style":"","_kad_post_vertical_padding":"","_kad_post_feature":"","_kad_post_feature_position":"","_kad_post_header":false,"_kad_post_footer":false,"_kad_post_classname":""},"product_brand":[],"product_cat":[17,16],"product_tag":[],"class_list":{"0":"post-15825","1":"product","2":"type-product","3":"status-publish","5":"product_cat-bandeira","6":"product_cat-bordado","8":"first","9":"instock","10":"shipping-taxable","11":"purchasable","12":"product-type-variable","13":"entry","14":"content-bg","15":"loop-entry"},"_links":{"self":[{"href":"https:\/\/br44.com\/br\/wp-json\/wp\/v2\/product\/15825","targetHints":{"allow":["GET"]}}],"collection":[{"href":"https:\/\/br44.com\/br\/wp-json\/wp\/v2\/product"}],"about":[{"href":"https:\/\/br44.com\/br\/wp-json\/wp\/v2\/types\/product"}],"replies":[{"embeddable":true,"href":"https:\/\/br44.com\/br\/wp-json\/wp\/v2\/comments?post=15825"}],"wp:attachment":[{"href":"https:\/\/br44.com\/br\/wp-json\/wp\/v2\/media?parent=15825"}],"wp:term":[{"taxonomy":"product_brand","embeddable":true,"href":"https:\/\/br44.com\/br\/wp-json\/wp\/v2\/product_brand?post=15825"},{"taxonomy":"product_cat","embeddable":true,"href":"https:\/\/br44.com\/br\/wp-json\/wp\/v2\/product_cat?post=15825"},{"taxonomy":"product_tag","embeddable":true,"href":"https:\/\/br44.com\/br\/wp-json\/wp\/v2\/product_tag?post=15825"}],"curies":[{"name":"wp","href":"https:\/\/api.w.org\/{rel}","templated":true}]}}