{"id":15802,"date":"2026-03-26T14:42:56","date_gmt":"2026-03-26T17:42:56","guid":{"rendered":"https:\/\/br44.com\/br\/product\/mot290-101a-give-respect-get-respect-patch-bordado-101x38\/"},"modified":"2026-03-30T10:58:54","modified_gmt":"2026-03-30T13:58:54","slug":"mot290-101a-give-respect-get-respect-patch-bordado-101x38","status":"publish","type":"product","link":"https:\/\/br44.com\/br\/product\/mot290-101a-give-respect-get-respect-patch-bordado-101x38\/","title":{"rendered":"MOT290-101A Give Respect Get Respect Patch Bordado 10,1&#215;3,8"},"content":{"rendered":"<p>Aut\u00eantico BR44 (Desde 1987)<\/p>\n<p>4 op\u00e7\u00f5es:<\/p>\n<p>1- Termo adesivo ou costura.<\/p>\n<p>2- Fecho de contato.<\/p>\n<p>3- Chaveiro.<\/p>\n<p>4- Arquivo Matriz para bordar em m\u00e1quina eletr\u00f4nica, formato: DSB, DST, EXP, HUS, JEF, PCS, PES, SEW, VP3, XXX.<\/p>\n<p data-start=\"0\" data-end=\"174\">D\u00ea atitude ao seu estilo com este patch bordado de alta qualidade, medindo 10,1 cm x 3,8 cm, perfeito para quem carrega personalidade forte e n\u00e3o abre m\u00e3o de marcar presen\u00e7a.<\/p>\n<p data-start=\"176\" data-end=\"484\">Com a frase \u201cGive Respect Get Respect\u201d em destaque, o bordado transmite uma mensagem direta e poderosa: respeito \u00e9 via de m\u00e3o dupla. Ideal para motoqueiros que vivem a liberdade das estradas, mas tamb\u00e9m combina perfeitamente com jaquetas, mochilas, coletes ou qualquer pe\u00e7a que mere\u00e7a um toque de identidade.<\/p>\n<p data-start=\"486\" data-end=\"788\">Produzido com acabamento refor\u00e7ado e bordado preciso, o patch apresenta cores contrastantes e dur\u00e1veis, garantindo \u00f3tima visibilidade e resist\u00eancia ao uso di\u00e1rio. O contorno em vermelho cria um destaque marcante sobre o fundo preto, enquanto a tipografia branca garante leitura clara mesmo \u00e0 dist\u00e2ncia.<\/p>\n<p data-start=\"790\" data-end=\"806\">Caracter\u00edsticas:<\/p>\n<ul data-start=\"807\" data-end=\"993\">\n<li data-section-id=\"1sxdodd\" data-start=\"807\" data-end=\"836\">Tamanho: 10,1 cm x 3,8 cm<\/li>\n<li data-section-id=\"15hjb9e\" data-start=\"837\" data-end=\"866\">Bordado de alta defini\u00e7\u00e3o<\/li>\n<li data-section-id=\"1in9w3v\" data-start=\"867\" data-end=\"900\">Material resistente e dur\u00e1vel<\/li>\n<li data-section-id=\"826lto\" data-start=\"901\" data-end=\"940\">F\u00e1cil aplica\u00e7\u00e3o em diversos tecidos<\/li>\n<li data-section-id=\"1f3k1gz\" data-start=\"941\" data-end=\"993\">Ideal para personaliza\u00e7\u00e3o de roupas e acess\u00f3rios<\/li>\n<\/ul>\n<p data-start=\"995\" data-end=\"1009\">Perfeito para:<\/p>\n<ul data-start=\"1010\" data-end=\"1179\">\n<li data-section-id=\"298lj\" data-start=\"1010\" data-end=\"1051\">Motoqueiros e amantes do estilo biker<\/li>\n<li data-section-id=\"1p0p7t8\" data-start=\"1052\" data-end=\"1089\">Quem curte streetwear com atitude<\/li>\n<li data-section-id=\"1d50zhd\" data-start=\"1090\" data-end=\"1147\">Personaliza\u00e7\u00e3o de jaquetas, coletes, mochilas e bon\u00e9s<\/li>\n<li data-section-id=\"niyem9\" data-start=\"1148\" data-end=\"1179\">Presentes com personalidade<\/li>\n<\/ul>\n<p>&nbsp;<\/p>\n","protected":false},"excerpt":{"rendered":"<p>Aut\u00eantico BR44 (Desde 1987) 4 op\u00e7\u00f5es: 1- Termo adesivo ou costura. 2- Fecho de contato. 3- Chaveiro. 4- Arquivo Matriz para bordar em m\u00e1quina eletr\u00f4nica, formato: DSB, DST, EXP, HUS, JEF, PCS, PES, SEW, VP3, XXX. D\u00ea atitude ao seu estilo com este patch bordado de alta qualidade, medindo 10,1 cm x 3,8 cm, perfeito&#8230;<\/p>\n","protected":false},"featured_media":15808,"comment_status":"open","ping_status":"closed","template":"","meta":{"_kadence_starter_templates_imported_post":false,"_kad_post_transparent":"default","_kad_post_title":"","_kad_post_layout":"default","_kad_post_sidebar_id":"","_kad_post_content_style":"default","_kad_post_vertical_padding":"default","_kad_post_feature":"","_kad_post_feature_position":"","_kad_post_header":false,"_kad_post_footer":false,"_kad_post_classname":""},"product_brand":[],"product_cat":[16,21],"product_tag":[138],"class_list":{"0":"post-15802","1":"product","2":"type-product","3":"status-publish","4":"has-post-thumbnail","6":"product_cat-bordado","7":"product_cat-veiculos","8":"product_tag-motoclube","10":"first","11":"instock","12":"shipping-taxable","13":"purchasable","14":"product-type-variable","15":"entry","16":"content-bg","17":"loop-entry"},"_links":{"self":[{"href":"https:\/\/br44.com\/br\/wp-json\/wp\/v2\/product\/15802","targetHints":{"allow":["GET"]}}],"collection":[{"href":"https:\/\/br44.com\/br\/wp-json\/wp\/v2\/product"}],"about":[{"href":"https:\/\/br44.com\/br\/wp-json\/wp\/v2\/types\/product"}],"replies":[{"embeddable":true,"href":"https:\/\/br44.com\/br\/wp-json\/wp\/v2\/comments?post=15802"}],"wp:featuredmedia":[{"embeddable":true,"href":"https:\/\/br44.com\/br\/wp-json\/wp\/v2\/media\/15808"}],"wp:attachment":[{"href":"https:\/\/br44.com\/br\/wp-json\/wp\/v2\/media?parent=15802"}],"wp:term":[{"taxonomy":"product_brand","embeddable":true,"href":"https:\/\/br44.com\/br\/wp-json\/wp\/v2\/product_brand?post=15802"},{"taxonomy":"product_cat","embeddable":true,"href":"https:\/\/br44.com\/br\/wp-json\/wp\/v2\/product_cat?post=15802"},{"taxonomy":"product_tag","embeddable":true,"href":"https:\/\/br44.com\/br\/wp-json\/wp\/v2\/product_tag?post=15802"}],"curies":[{"name":"wp","href":"https:\/\/api.w.org\/{rel}","templated":true}]}}