{"id":15752,"date":"2026-03-12T15:14:47","date_gmt":"2026-03-12T18:14:47","guid":{"rendered":"https:\/\/br44.com\/br\/product\/bp0048e-001-bandeira-equador-patch-bordado-68x80cm\/"},"modified":"2026-04-08T15:41:34","modified_gmt":"2026-04-08T18:41:34","slug":"bp0048e-001-bandeira-equador-patch-bordado-68x80cm","status":"publish","type":"product","link":"https:\/\/br44.com\/br\/product\/bp0048e-001-bandeira-equador-patch-bordado-68x80cm\/","title":{"rendered":"BP0048E-001 Bandeira Equador Patch Bordado 6,8&#215;8,0cm"},"content":{"rendered":"<h2><span class=\"s1\">Patch Bordado Bandeira do Equador<\/span><\/h2>\n<ul style=\"margin: 0px 0px 1.5em 1.5em; padding: 0px; color: #111111; font-family: Lato, sans-serif; font-size: 16px;\">\n<li><span style=\"vertical-align: inherit;\">Aut\u00eantico BR44 (Desde 1987)<\/span><\/li>\n<li><span style=\"color: #333333; font-family: Georgia, 'Times New Roman', 'Bitstream Charter', Times, serif;\">4 op\u00e7\u00f5es:<\/span><\/li>\n<li><span style=\"color: #333333; font-family: Georgia, 'Times New Roman', 'Bitstream Charter', Times, serif;\">1- Termo adesivo ou costura.<\/span><\/li>\n<li><span style=\"color: #333333; font-family: Georgia, 'Times New Roman', 'Bitstream Charter', Times, serif;\">2- Fecho de contato.<\/span><\/li>\n<li><span style=\"color: #333333; font-family: Georgia, 'Times New Roman', 'Bitstream Charter', Times, serif;\">3- Chaveiro.<\/span><\/li>\n<li><span style=\"color: #333333; font-family: Georgia, 'Times New Roman', 'Bitstream Charter', Times, serif;\">4- Arquivo Matriz para bordar em m\u00e1quina eletr\u00f4nica, formato: DSB, DST, EXP, HUS, JEF, PCS, PES, SEW, VP3, XXX.<\/span><\/li>\n<\/ul>\n<p class=\"p3\"><span class=\"s2\">Mostre seu orgulho pelo Brasil com este\u00a0<\/span><span class=\"s3\">patch bordado da bandeira brasileira<\/span><span class=\"s2\">, feito com acabamento de alta qualidade e cores vibrantes. Ideal para personalizar roupas e acess\u00f3rios com estilo e identidade.<\/span><\/p>\n<p class=\"p3\"><span class=\"s2\">O bordado possui excelente defini\u00e7\u00e3o dos detalhes da bandeira e borda refor\u00e7ada, garantindo durabilidade e um visual bonito por muito mais tempo.<\/span><\/p>\n<p class=\"p3\"><span class=\"s2\">Perfeito para quem gosta de customizar pe\u00e7as ou demonstrar sua paix\u00e3o pelo Brasil!<\/span><\/p>\n<h3><span class=\"s1\">&#8211; Especifica\u00e7\u00f5es<\/span><\/h3>\n<p class=\"p3\"><span class=\"s2\">\u2022 Tamanho aproximado:\u00a06,8<\/span><span class=\"s3\">\u00a0cm x 8 cm<\/span><\/p>\n<p class=\"p3\"><span class=\"s2\">\u2022 Tipo:\u00a0<\/span><span class=\"s3\">Patch bordado<\/span><\/p>\n<p class=\"p3\"><span class=\"s2\">\u2022 Acabamento:\u00a0<\/span><span class=\"s3\">Borda bordada refor\u00e7ada<\/span><\/p>\n<p class=\"p3\"><span class=\"s2\">\u2022 Cores vivas e \u00f3timo acabamento<\/span><\/p>\n<h3><span class=\"s1\">&#8211; Onde usar:<\/span><\/h3>\n<p class=\"p3\"><span class=\"s2\">\u2022 Camisetas<\/span><\/p>\n<p class=\"p3\"><span class=\"s2\">\u2022 Jaquetas<\/span><\/p>\n<p class=\"p3\"><span class=\"s2\">\u2022 Moletons<\/span><\/p>\n<p class=\"p3\"><span class=\"s2\">\u2022 Bon\u00e9s<\/span><\/p>\n<p class=\"p3\"><span class=\"s2\">\u2022 Mochilas<\/span><\/p>\n<p class=\"p3\"><span class=\"s2\">\u2022 Cal\u00e7as<\/span><\/p>\n<p class=\"p3\"><span class=\"s2\">\u2022 Coletes de motoqueiro<\/span><\/p>\n<p class=\"p3\"><span class=\"s2\">\u2022 Uniformes<\/span><\/p>\n<p class=\"p3\"><span class=\"s2\">\u2022 Bolsas e estojos<\/span><\/p>\n<p class=\"p3\"><span class=\"s2\">Tamb\u00e9m \u00e9 muito usado para\u00a0<\/span><span class=\"s3\">customiza\u00e7\u00e3o de roupas, estilo militar, motociclismo e colecionadores de patches<\/span><span class=\"s2\">.<\/span><\/p>\n<p class=\"p3\"><span class=\"s2\">&#8211;\u00a0<\/span><span class=\"s4\">Produto pronto para envio<\/span><\/p>\n<p class=\"p3\"><span class=\"s2\">&#8211;\u00a0<\/span><span class=\"s4\">Ideal para customiza\u00e7\u00e3o e cole\u00e7\u00e3o<\/span><\/p>\n<p class=\"p3\"><span class=\"s2\">&#8211;\u00a0<\/span><span class=\"s4\">Aproveite e personalize suas pe\u00e7as!<\/span><\/p>\n","protected":false},"excerpt":{"rendered":"<p>Patch Bordado Bandeira do Equador Aut\u00eantico BR44 (Desde 1987) 4 op\u00e7\u00f5es: 1- Termo adesivo ou costura. 2- Fecho de contato. 3- Chaveiro. 4- Arquivo Matriz para bordar em m\u00e1quina eletr\u00f4nica, formato: DSB, DST, EXP, HUS, JEF, PCS, PES, SEW, VP3, XXX. Mostre seu orgulho pelo Brasil com este\u00a0patch bordado da bandeira brasileira, feito com acabamento&#8230;<\/p>\n","protected":false},"featured_media":15767,"comment_status":"open","ping_status":"closed","template":"","meta":{"_kadence_starter_templates_imported_post":false,"_kad_post_transparent":"default","_kad_post_title":"","_kad_post_layout":"default","_kad_post_sidebar_id":"","_kad_post_content_style":"default","_kad_post_vertical_padding":"default","_kad_post_feature":"","_kad_post_feature_position":"","_kad_post_header":false,"_kad_post_footer":false,"_kad_post_classname":""},"product_brand":[],"product_cat":[17,16],"product_tag":[],"class_list":{"0":"post-15752","1":"product","2":"type-product","3":"status-publish","4":"has-post-thumbnail","6":"product_cat-bandeira","7":"product_cat-bordado","8":"product_shipping_class-light","10":"first","11":"instock","12":"shipping-taxable","13":"purchasable","14":"product-type-variable","15":"entry","16":"content-bg","17":"loop-entry"},"_links":{"self":[{"href":"https:\/\/br44.com\/br\/wp-json\/wp\/v2\/product\/15752","targetHints":{"allow":["GET"]}}],"collection":[{"href":"https:\/\/br44.com\/br\/wp-json\/wp\/v2\/product"}],"about":[{"href":"https:\/\/br44.com\/br\/wp-json\/wp\/v2\/types\/product"}],"replies":[{"embeddable":true,"href":"https:\/\/br44.com\/br\/wp-json\/wp\/v2\/comments?post=15752"}],"wp:featuredmedia":[{"embeddable":true,"href":"https:\/\/br44.com\/br\/wp-json\/wp\/v2\/media\/15767"}],"wp:attachment":[{"href":"https:\/\/br44.com\/br\/wp-json\/wp\/v2\/media?parent=15752"}],"wp:term":[{"taxonomy":"product_brand","embeddable":true,"href":"https:\/\/br44.com\/br\/wp-json\/wp\/v2\/product_brand?post=15752"},{"taxonomy":"product_cat","embeddable":true,"href":"https:\/\/br44.com\/br\/wp-json\/wp\/v2\/product_cat?post=15752"},{"taxonomy":"product_tag","embeddable":true,"href":"https:\/\/br44.com\/br\/wp-json\/wp\/v2\/product_tag?post=15752"}],"curies":[{"name":"wp","href":"https:\/\/api.w.org\/{rel}","templated":true}]}}