{"id":15693,"date":"2026-03-05T15:58:26","date_gmt":"2026-03-05T18:58:26","guid":{"rendered":"https:\/\/br44.com\/br\/product\/m0208-055e-molon-labe-spartan-patch-bordado-55x7cm\/"},"modified":"2026-03-06T08:21:57","modified_gmt":"2026-03-06T11:21:57","slug":"m0208-055e-molon-labe-spartan-patch-bordado-55x7cm","status":"publish","type":"product","link":"https:\/\/br44.com\/br\/product\/m0208-055e-molon-labe-spartan-patch-bordado-55x7cm\/","title":{"rendered":"M0208-055E Molon Labe Spartan Patch Bordado 5,5x7cm"},"content":{"rendered":"<p><span style=\"color: #111111; font-family: Lato, sans-serif; font-size: medium;\">\u00a0<\/span><\/p>\n<p><span style=\"color: #4a4a4a; font-family: Arial, Helvetica, sans-serif; font-size: 16px;\">Aut\u00eantico BR44 (Desde 1987)<\/span><\/p>\n<p data-start=\"26\" data-end=\"306\">Patch bordado<span class=\"Apple-converted-space\">\u00a0<\/span><strong data-start=\"40\" data-end=\"61\">Mono Labe Spartan<\/strong><span class=\"Apple-converted-space\">\u00a0<\/span>com design de<span class=\"Apple-converted-space\">\u00a0<\/span><strong data-start=\"76\" data-end=\"98\">capacete espartano<\/strong>, feito para quem curte um visual forte, cl\u00e1ssico e imponente. Bordado bem preenchido, com cores vivas (azul e vermelho) e contorno refor\u00e7ado em preto, garantindo destaque e \u00f3timo acabamento em qualquer pe\u00e7a.<\/p>\n<p data-start=\"308\" data-end=\"479\">Perfeito para personalizar<span class=\"Apple-converted-space\">\u00a0<\/span><strong data-start=\"335\" data-end=\"384\">jaquetas, coletes, mochilas, bon\u00e9s, camisetas<\/strong><span class=\"Apple-converted-space\">\u00a0<\/span>e outros acess\u00f3rios. Um patch que chama aten\u00e7\u00e3o e d\u00e1 um toque \u201ct\u00e1tico\u201d e estiloso no seu item.<\/p>\n<ul style=\"font-style: normal; font-weight: 400; letter-spacing: normal; text-align: start; text-indent: 0px; text-transform: none; white-space: normal; background-color: #ffffff; margin: 0px 0px 1.5em 1.5em; padding: 0px; color: #111111; font-family: Lato, sans-serif; font-size: 16px;\">\n<li>4\u00a0op\u00e7\u00f5es:<\/li>\n<li>1- Termo adesivo ou costura.<\/li>\n<li>2- Fecho de contaro.<\/li>\n<li>3- Chaveiro.<\/li>\n<li>4- Arquivo Matriz para bordar em m\u00e1quina eletr\u00f4nica, formato: DSB, DST, EXP, HUS, JEF, PCS, PES, SEW, VP3, XXX.<\/li>\n<\/ul>\n<p data-start=\"481\" data-end=\"508\"><strong data-start=\"481\" data-end=\"493\">Tamanho:<\/strong><span class=\"Apple-converted-space\">\u00a0<\/span><strong data-start=\"494\" data-end=\"508\">5,5 x 7 cm<\/strong><\/p>\n<p data-start=\"510\" data-end=\"526\"><strong data-start=\"510\" data-end=\"524\">Destaques:<\/strong><\/p>\n<p data-start=\"529\" data-end=\"577\">Bordado de alta qualidade, rico em detalhes<\/p>\n<ul data-start=\"527\" data-end=\"712\" data-is-last-node=\"\" data-is-=\"\">\n<li data-start=\"527\" data-end=\"577\">\n<p data-start=\"529\" data-end=\"577\">Design Spartan + escrita \u201cMono Labe\u201d<\/p>\n<\/li>\n<li data-start=\"623\" data-end=\"668\">\n<p data-start=\"625\" data-end=\"668\">Contorno refor\u00e7ado e alta durabilidade<\/p>\n<\/li>\n<li data-start=\"669\" data-end=\"712\" data-is-last-node=\"\">\n<p data-start=\"671\" data-end=\"712\" data-is-last-node=\"\">Ideal para roupas, mochilas e cole\u00e7\u00f5es<\/p>\n<\/li>\n<\/ul>\n","protected":false},"excerpt":{"rendered":"<p>\u00a0 Aut\u00eantico BR44 (Desde 1987) Patch bordado\u00a0Mono Labe Spartan\u00a0com design de\u00a0capacete espartano, feito para quem curte um visual forte, cl\u00e1ssico e imponente. Bordado bem preenchido, com cores vivas (azul e vermelho) e contorno refor\u00e7ado em preto, garantindo destaque e \u00f3timo acabamento em qualquer pe\u00e7a. Perfeito para personalizar\u00a0jaquetas, coletes, mochilas, bon\u00e9s, camisetas\u00a0e outros acess\u00f3rios. Um patch&#8230;<\/p>\n","protected":false},"featured_media":15691,"comment_status":"open","ping_status":"closed","template":"","meta":{"_kadence_starter_templates_imported_post":false,"_kad_post_transparent":"default","_kad_post_title":"","_kad_post_layout":"default","_kad_post_sidebar_id":"","_kad_post_content_style":"default","_kad_post_vertical_padding":"default","_kad_post_feature":"","_kad_post_feature_position":"","_kad_post_header":false,"_kad_post_footer":false,"_kad_post_classname":""},"product_brand":[],"product_cat":[23,16],"product_tag":[178],"class_list":{"0":"post-15693","1":"product","2":"type-product","3":"status-publish","4":"has-post-thumbnail","6":"product_cat-militar","7":"product_cat-bordado","8":"product_tag-militar","9":"product_shipping_class-light","11":"first","12":"onbackorder","13":"shipping-taxable","14":"purchasable","15":"product-type-variable","16":"entry","17":"content-bg","18":"loop-entry"},"_links":{"self":[{"href":"https:\/\/br44.com\/br\/wp-json\/wp\/v2\/product\/15693","targetHints":{"allow":["GET"]}}],"collection":[{"href":"https:\/\/br44.com\/br\/wp-json\/wp\/v2\/product"}],"about":[{"href":"https:\/\/br44.com\/br\/wp-json\/wp\/v2\/types\/product"}],"replies":[{"embeddable":true,"href":"https:\/\/br44.com\/br\/wp-json\/wp\/v2\/comments?post=15693"}],"wp:featuredmedia":[{"embeddable":true,"href":"https:\/\/br44.com\/br\/wp-json\/wp\/v2\/media\/15691"}],"wp:attachment":[{"href":"https:\/\/br44.com\/br\/wp-json\/wp\/v2\/media?parent=15693"}],"wp:term":[{"taxonomy":"product_brand","embeddable":true,"href":"https:\/\/br44.com\/br\/wp-json\/wp\/v2\/product_brand?post=15693"},{"taxonomy":"product_cat","embeddable":true,"href":"https:\/\/br44.com\/br\/wp-json\/wp\/v2\/product_cat?post=15693"},{"taxonomy":"product_tag","embeddable":true,"href":"https:\/\/br44.com\/br\/wp-json\/wp\/v2\/product_tag?post=15693"}],"curies":[{"name":"wp","href":"https:\/\/api.w.org\/{rel}","templated":true}]}}