{"id":15668,"date":"2026-03-04T10:28:54","date_gmt":"2026-03-04T13:28:54","guid":{"rendered":"https:\/\/br44.com\/br\/product\/am0228-035e-kanji-aikido-patch-bordado-35x9cm\/"},"modified":"2026-03-04T13:41:50","modified_gmt":"2026-03-04T16:41:50","slug":"am0228-035e-kanji-aikido-patch-bordado-35x9cm","status":"publish","type":"product","link":"https:\/\/br44.com\/br\/product\/am0228-035e-kanji-aikido-patch-bordado-35x9cm\/","title":{"rendered":"AM0228-035E Kanji Aikido Patch Bordado 3,5x9cm"},"content":{"rendered":"<p><span style=\"vertical-align: inherit;\">Aut\u00eantico BR44 (Desde 1987)<\/span><\/p>\n<p>Patch bordado de alta qualidade, ideal para personalizar faixas de artes marciais, kimonos, mochilas, jaquetas e outros itens. Possui acabamento bem definido, visual marcante e estilo tradicional com caracteres orientais, trazendo um toque aut\u00eantico e diferenciado para o uniforme ou acess\u00f3rio.<\/p>\n<p data-start=\"365\" data-end=\"539\">Produzido com bordado resistente e \u00f3timo n\u00edvel de detalhe, \u00e9 uma pe\u00e7a indicada para quem busca personalidade, durabilidade e um visual mais forte no dia a dia ou nos treinos.<\/p>\n<p data-start=\"541\" data-end=\"587\"><strong data-start=\"541\" data-end=\"553\">Tamanho:<\/strong> <strong data-start=\"554\" data-end=\"587\">3,5 cm x 9 cm (1.38&#8243; x 3.54&#8243;)<\/strong><\/p>\n<ul data-start=\"606\" data-end=\"765\">\n<li data-start=\"606\" data-end=\"635\">\n<p data-start=\"608\" data-end=\"635\">Bordado de alta qualidade<\/p>\n<\/li>\n<li data-start=\"636\" data-end=\"656\">\n<p data-start=\"638\" data-end=\"656\">\u00d3timo acabamento<\/p>\n<\/li>\n<li data-start=\"657\" data-end=\"690\">\n<p data-start=\"659\" data-end=\"690\">Visual estiloso e tradicional<\/p>\n<\/li>\n<li data-start=\"691\" data-end=\"737\">\n<p data-start=\"693\" data-end=\"737\">Ideal para artes marciais e personaliza\u00e7\u00e3o<\/p>\n<\/li>\n<li data-start=\"738\" data-end=\"765\">\n<p data-start=\"740\" data-end=\"765\">Pe\u00e7a resistente e dur\u00e1vel<\/p>\n<\/li>\n<\/ul>\n","protected":false},"excerpt":{"rendered":"<p>Aut\u00eantico BR44 (Desde 1987) Patch bordado de alta qualidade, ideal para personalizar faixas de artes marciais, kimonos, mochilas, jaquetas e outros itens. Possui acabamento bem definido, visual marcante e estilo tradicional com caracteres orientais, trazendo um toque aut\u00eantico e diferenciado para o uniforme ou acess\u00f3rio. Produzido com bordado resistente e \u00f3timo n\u00edvel de detalhe, \u00e9&#8230;<\/p>\n","protected":false},"featured_media":15673,"comment_status":"open","ping_status":"closed","template":"","meta":{"_kadence_starter_templates_imported_post":false,"_kad_post_transparent":"default","_kad_post_title":"","_kad_post_layout":"default","_kad_post_sidebar_id":"","_kad_post_content_style":"default","_kad_post_vertical_padding":"default","_kad_post_feature":"","_kad_post_feature_position":"","_kad_post_header":false,"_kad_post_footer":false,"_kad_post_classname":""},"product_brand":[],"product_cat":[18,16],"product_tag":[177,129],"class_list":{"0":"post-15668","1":"product","2":"type-product","3":"status-publish","4":"has-post-thumbnail","6":"product_cat-arte-marcial","7":"product_cat-bordado","8":"product_tag-aikido","9":"product_tag-artes-marciais","10":"product_shipping_class-light","12":"first","13":"instock","14":"shipping-taxable","15":"purchasable","16":"product-type-variable","17":"entry","18":"content-bg","19":"loop-entry"},"_links":{"self":[{"href":"https:\/\/br44.com\/br\/wp-json\/wp\/v2\/product\/15668","targetHints":{"allow":["GET"]}}],"collection":[{"href":"https:\/\/br44.com\/br\/wp-json\/wp\/v2\/product"}],"about":[{"href":"https:\/\/br44.com\/br\/wp-json\/wp\/v2\/types\/product"}],"replies":[{"embeddable":true,"href":"https:\/\/br44.com\/br\/wp-json\/wp\/v2\/comments?post=15668"}],"wp:featuredmedia":[{"embeddable":true,"href":"https:\/\/br44.com\/br\/wp-json\/wp\/v2\/media\/15673"}],"wp:attachment":[{"href":"https:\/\/br44.com\/br\/wp-json\/wp\/v2\/media?parent=15668"}],"wp:term":[{"taxonomy":"product_brand","embeddable":true,"href":"https:\/\/br44.com\/br\/wp-json\/wp\/v2\/product_brand?post=15668"},{"taxonomy":"product_cat","embeddable":true,"href":"https:\/\/br44.com\/br\/wp-json\/wp\/v2\/product_cat?post=15668"},{"taxonomy":"product_tag","embeddable":true,"href":"https:\/\/br44.com\/br\/wp-json\/wp\/v2\/product_tag?post=15668"}],"curies":[{"name":"wp","href":"https:\/\/api.w.org\/{rel}","templated":true}]}}