{"id":15644,"date":"2026-02-27T19:35:48","date_gmt":"2026-02-27T22:35:48","guid":{"rendered":"https:\/\/br44.com\/br\/product\/tbr089-170-brasil-copa-do-mundo-bandeira-bordado-17x9cm\/"},"modified":"2026-02-27T19:56:29","modified_gmt":"2026-02-27T22:56:29","slug":"tbr089-170-brasil-copa-do-mundo-bandeira-bordado-17x9cm","status":"publish","type":"product","link":"https:\/\/br44.com\/br\/product\/tbr089-170-brasil-copa-do-mundo-bandeira-bordado-17x9cm\/","title":{"rendered":"TBR089-170 Brasil Copa do Mundo Bandeira Bordado 17x9cm"},"content":{"rendered":"<p><span style=\"color: #4a4a4a; font-family: Arial, Helvetica, sans-serif; font-size: 16px;\">Aut\u00eantico BR44 (Desde 1987)<\/span><\/p>\n<p>Mostre sua paix\u00e3o pelo Brasil em grande estilo. Patch bordado BRASIL com bandeira e estrelas, inspirado no clima de Copa do Mundo, perfeito para aplica\u00e7\u00e3o em blusas, jaquetas, mochilas e bon\u00e9s. Pe\u00e7a com visual marcante, \u00f3timo acabamento e tamanho ideal para destacar sem ficar exagerado.<\/p>\n<ul>\n<li data-start=\"836\" data-end=\"872\">\n<p data-start=\"838\" data-end=\"872\">Tamanho:<span class=\"Apple-converted-space\">\u00a0<\/span>17 cm x 9 cm;<\/p>\n<\/li>\n<li data-start=\"873\" data-end=\"921\">\n<p data-start=\"875\" data-end=\"921\">Acabamento:<span class=\"Apple-converted-space\">\u00a0<\/span>bordado de alta qualidade;<\/p>\n<\/li>\n<li data-start=\"922\" data-end=\"989\">\n<p data-start=\"924\" data-end=\"989\">Aplica\u00e7\u00e3o:<span class=\"Apple-converted-space\">\u00a0<\/span>ideal para blusas, regatas, jaquetas, moletons e mochilas;<\/p>\n<\/li>\n<li data-start=\"922\" data-end=\"989\"><span style=\"font-family: -webkit-standard; font-size: medium;\">Perfeito para quem vive a paix\u00e3o pelo Brasil e o esp\u00edrito da Copa do Mundo.<\/span><\/li>\n<\/ul>\n","protected":false},"excerpt":{"rendered":"<p>Aut\u00eantico BR44 (Desde 1987) Mostre sua paix\u00e3o pelo Brasil em grande estilo. Patch bordado BRASIL com bandeira e estrelas, inspirado no clima de Copa do Mundo, perfeito para aplica\u00e7\u00e3o em blusas, jaquetas, mochilas e bon\u00e9s. Pe\u00e7a com visual marcante, \u00f3timo acabamento e tamanho ideal para destacar sem ficar exagerado. Tamanho:\u00a017 cm x 9 cm; Acabamento:\u00a0bordado&#8230;<\/p>\n","protected":false},"featured_media":15648,"comment_status":"open","ping_status":"closed","template":"","meta":{"_kadence_starter_templates_imported_post":false,"_kad_post_transparent":"default","_kad_post_title":"","_kad_post_layout":"default","_kad_post_sidebar_id":"","_kad_post_content_style":"default","_kad_post_vertical_padding":"default","_kad_post_feature":"","_kad_post_feature_position":"","_kad_post_header":false,"_kad_post_footer":false,"_kad_post_classname":""},"product_brand":[],"product_cat":[22,16],"product_tag":[132,173,174],"class_list":{"0":"post-15644","1":"product","2":"type-product","3":"status-publish","4":"has-post-thumbnail","6":"product_cat-futebol","7":"product_cat-bordado","8":"product_tag-brasil","9":"product_tag-copa-do-mundo","10":"product_tag-futebol","11":"product_shipping_class-light","13":"first","14":"onbackorder","15":"shipping-taxable","16":"purchasable","17":"product-type-variable","18":"entry","19":"content-bg","20":"loop-entry"},"_links":{"self":[{"href":"https:\/\/br44.com\/br\/wp-json\/wp\/v2\/product\/15644","targetHints":{"allow":["GET"]}}],"collection":[{"href":"https:\/\/br44.com\/br\/wp-json\/wp\/v2\/product"}],"about":[{"href":"https:\/\/br44.com\/br\/wp-json\/wp\/v2\/types\/product"}],"replies":[{"embeddable":true,"href":"https:\/\/br44.com\/br\/wp-json\/wp\/v2\/comments?post=15644"}],"wp:featuredmedia":[{"embeddable":true,"href":"https:\/\/br44.com\/br\/wp-json\/wp\/v2\/media\/15648"}],"wp:attachment":[{"href":"https:\/\/br44.com\/br\/wp-json\/wp\/v2\/media?parent=15644"}],"wp:term":[{"taxonomy":"product_brand","embeddable":true,"href":"https:\/\/br44.com\/br\/wp-json\/wp\/v2\/product_brand?post=15644"},{"taxonomy":"product_cat","embeddable":true,"href":"https:\/\/br44.com\/br\/wp-json\/wp\/v2\/product_cat?post=15644"},{"taxonomy":"product_tag","embeddable":true,"href":"https:\/\/br44.com\/br\/wp-json\/wp\/v2\/product_tag?post=15644"}],"curies":[{"name":"wp","href":"https:\/\/api.w.org\/{rel}","templated":true}]}}