{"id":15543,"date":"2026-01-21T08:39:38","date_gmt":"2026-01-21T11:39:38","guid":{"rendered":"https:\/\/br44.com\/br\/product\/am0036-050c-kanji-karate-patch-bordado-50x144cm\/"},"modified":"2026-01-21T09:02:06","modified_gmt":"2026-01-21T12:02:06","slug":"am0036-050c-kanji-karate-patch-bordado-50x144cm","status":"publish","type":"product","link":"https:\/\/br44.com\/br\/product\/am0036-050c-kanji-karate-patch-bordado-50x144cm\/","title":{"rendered":"AM0036-050C Kanji Karate Patch Bordado 5,0&#215;14,4cm"},"content":{"rendered":"<p><span style=\"color: #111111; font-family: Lato, sans-serif; font-size: 16px;\">Aut\u00eantico BR44 (Desde 1987)<\/span><\/p>\n<p class=\"p1\"><span class=\"s1\">Patch Bordado Kanji Japon\u00eas<\/span><\/p>\n<p class=\"p1\">\u00a0Tamanho: 5,0 cm x 14,4 cm.<\/p>\n<p class=\"p1\"><span class=\"s1\">Patch bordado com\u00a0<\/span><span class=\"s2\">kanji japon\u00eas utilizado no karat\u00ea<\/span><span class=\"s1\">, ideal para praticantes, atletas e admiradores das artes marciais japonesas. Perfeito para aplica\u00e7\u00e3o em\u00a0<\/span><span class=\"s2\">kimonos (gi), mochilas, bolsas, jaquetas, bon\u00e9s e acess\u00f3rios<\/span><span class=\"s1\">, trazendo identidade, tradi\u00e7\u00e3o e estilo marcial.<\/span><\/p>\n<p class=\"p1\"><span class=\"s1\">Produzido com bordado de alta qualidade, possui excelente acabamento, resist\u00eancia e durabilidade, suportando o uso di\u00e1rio e treinamentos.<\/span><\/p>\n<p class=\"p1\"><span class=\"s2\">&#8211;\u00a0<\/span><span class=\"s1\">Material:<\/span><span class=\"s2\">\u00a0Tecido bordado;<\/span><\/p>\n<p class=\"p1\"><span class=\"s2\">&#8211;\u00a0<\/span><span class=\"s1\">Aplica\u00e7\u00e3o:<\/span><span class=\"s2\">\u00a0Costura ou termo adesivo;<\/span><\/p>\n<p class=\"p1\"><span class=\"s2\">&#8211;\u00a0<\/span><span style=\"color: #333333; font-family: Georgia, 'Times New Roman', 'Bitstream Charter', Times, serif; font-size: 16px;\">Arquivo Matriz para bordar em m\u00e1quina eletr\u00f4nica, formato: DSB, DST, EXP, HUS, JEF, PCS, PES, SEW, VP3, XXX.<\/span><\/p>\n<p><span class=\"s2\">Para roupas,\u00a0<\/span>Kimono de karat\u00ea (gi), mochilas, bolsas, jaquetas, bon\u00e9s;<\/p>\n","protected":false},"excerpt":{"rendered":"<p>Aut\u00eantico BR44 (Desde 1987) Patch Bordado Kanji Japon\u00eas \u00a0Tamanho: 5,0 cm x 14,4 cm. Patch bordado com\u00a0kanji japon\u00eas utilizado no karat\u00ea, ideal para praticantes, atletas e admiradores das artes marciais japonesas. Perfeito para aplica\u00e7\u00e3o em\u00a0kimonos (gi), mochilas, bolsas, jaquetas, bon\u00e9s e acess\u00f3rios, trazendo identidade, tradi\u00e7\u00e3o e estilo marcial. Produzido com bordado de alta qualidade, possui&#8230;<\/p>\n","protected":false},"featured_media":15546,"comment_status":"open","ping_status":"closed","template":"","meta":{"_kadence_starter_templates_imported_post":false,"_kad_post_transparent":"default","_kad_post_title":"","_kad_post_layout":"default","_kad_post_sidebar_id":"","_kad_post_content_style":"default","_kad_post_vertical_padding":"default","_kad_post_feature":"","_kad_post_feature_position":"","_kad_post_header":false,"_kad_post_footer":false,"_kad_post_classname":""},"product_brand":[],"product_cat":[18,16],"product_tag":[129,134],"class_list":{"0":"post-15543","1":"product","2":"type-product","3":"status-publish","4":"has-post-thumbnail","6":"product_cat-arte-marcial","7":"product_cat-bordado","8":"product_tag-artes-marciais","9":"product_tag-karate","10":"product_shipping_class-light","12":"first","13":"instock","14":"shipping-taxable","15":"purchasable","16":"product-type-variable","17":"entry","18":"content-bg","19":"loop-entry"},"_links":{"self":[{"href":"https:\/\/br44.com\/br\/wp-json\/wp\/v2\/product\/15543","targetHints":{"allow":["GET"]}}],"collection":[{"href":"https:\/\/br44.com\/br\/wp-json\/wp\/v2\/product"}],"about":[{"href":"https:\/\/br44.com\/br\/wp-json\/wp\/v2\/types\/product"}],"replies":[{"embeddable":true,"href":"https:\/\/br44.com\/br\/wp-json\/wp\/v2\/comments?post=15543"}],"wp:featuredmedia":[{"embeddable":true,"href":"https:\/\/br44.com\/br\/wp-json\/wp\/v2\/media\/15546"}],"wp:attachment":[{"href":"https:\/\/br44.com\/br\/wp-json\/wp\/v2\/media?parent=15543"}],"wp:term":[{"taxonomy":"product_brand","embeddable":true,"href":"https:\/\/br44.com\/br\/wp-json\/wp\/v2\/product_brand?post=15543"},{"taxonomy":"product_cat","embeddable":true,"href":"https:\/\/br44.com\/br\/wp-json\/wp\/v2\/product_cat?post=15543"},{"taxonomy":"product_tag","embeddable":true,"href":"https:\/\/br44.com\/br\/wp-json\/wp\/v2\/product_tag?post=15543"}],"curies":[{"name":"wp","href":"https:\/\/api.w.org\/{rel}","templated":true}]}}