{"id":15523,"date":"2026-01-19T08:59:28","date_gmt":"2026-01-19T11:59:28","guid":{"rendered":"https:\/\/br44.com\/br\/product\/v0039-005-nome-curso-personalizado-patch-termo-adesivo\/"},"modified":"2026-04-06T07:50:43","modified_gmt":"2026-04-06T10:50:43","slug":"v0039-005-nome-curso-personalizado-patch-termo-adesivo","status":"publish","type":"product","link":"https:\/\/br44.com\/br\/product\/v0039-005-nome-curso-personalizado-patch-termo-adesivo\/","title":{"rendered":"V0057-001 Nome Curso Personalizado Patch Termo Adesivo"},"content":{"rendered":"<div>Patch bordado personalizado com nome e curso universit\u00e1rio, ideal para estudantes que querem levar sua identidade acad\u00eamica para mochilas, estojos, jaquetas ou jalecos.<\/div>\n<div><\/div>\n<div>Produzido com bordado de alta qualidade, acabamento preciso e visual moderno, \u00e9 perfeito para cursos como Nutri\u00e7\u00e3o, Medicina, Enfermagem, Direito, Engenharia, Psicologia, entre outros.<\/div>\n<div><\/div>\n<div>&#8211; Caracter\u00edsticas:<\/div>\n<div>\u2022Patch bordado de alta durabilidade<\/div>\n<div>\u2022Personaliza\u00e7\u00e3o com nome + curso<\/div>\n<div>\u2022Ideal para mochilas, bolsas, jalecos, jaquetas e estojos<\/div>\n<div>\u2022Visual limpo, elegante e universit\u00e1rio<\/div>\n<div>&#8211; Medidas:<\/div>\n<div>(Sob medida, conforme o nome e o curso \u2014 tamanho semelhante ao da imagem (aprox. 9,1 cm x 3,5 cm)<\/div>\n","protected":false},"excerpt":{"rendered":"<p>Patch bordado personalizado com nome e curso universit\u00e1rio, ideal para estudantes que querem levar sua identidade acad\u00eamica para mochilas, estojos, jaquetas ou jalecos. Produzido com bordado de alta qualidade, acabamento preciso e visual moderno, \u00e9 perfeito para cursos como Nutri\u00e7\u00e3o, Medicina, Enfermagem, Direito, Engenharia, Psicologia, entre outros. &#8211; Caracter\u00edsticas: \u2022Patch bordado de alta durabilidade \u2022Personaliza\u00e7\u00e3o&#8230;<\/p>\n","protected":false},"featured_media":15526,"comment_status":"open","ping_status":"closed","template":"","meta":{"_kadence_starter_templates_imported_post":false,"_kad_post_transparent":"default","_kad_post_title":"","_kad_post_layout":"default","_kad_post_sidebar_id":"","_kad_post_content_style":"default","_kad_post_vertical_padding":"default","_kad_post_feature":"","_kad_post_feature_position":"","_kad_post_header":false,"_kad_post_footer":false,"_kad_post_classname":""},"product_brand":[],"product_cat":[16,24],"product_tag":[147,170],"class_list":{"0":"post-15523","1":"product","2":"type-product","3":"status-publish","4":"has-post-thumbnail","6":"product_cat-bordado","7":"product_cat-variados","8":"product_tag-personalizado","9":"product_tag-universitario","10":"product_shipping_class-light","12":"first","13":"instock","14":"shipping-taxable","15":"purchasable","16":"product-type-variable","17":"entry","18":"content-bg","19":"loop-entry"},"_links":{"self":[{"href":"https:\/\/br44.com\/br\/wp-json\/wp\/v2\/product\/15523","targetHints":{"allow":["GET"]}}],"collection":[{"href":"https:\/\/br44.com\/br\/wp-json\/wp\/v2\/product"}],"about":[{"href":"https:\/\/br44.com\/br\/wp-json\/wp\/v2\/types\/product"}],"replies":[{"embeddable":true,"href":"https:\/\/br44.com\/br\/wp-json\/wp\/v2\/comments?post=15523"}],"wp:featuredmedia":[{"embeddable":true,"href":"https:\/\/br44.com\/br\/wp-json\/wp\/v2\/media\/15526"}],"wp:attachment":[{"href":"https:\/\/br44.com\/br\/wp-json\/wp\/v2\/media?parent=15523"}],"wp:term":[{"taxonomy":"product_brand","embeddable":true,"href":"https:\/\/br44.com\/br\/wp-json\/wp\/v2\/product_brand?post=15523"},{"taxonomy":"product_cat","embeddable":true,"href":"https:\/\/br44.com\/br\/wp-json\/wp\/v2\/product_cat?post=15523"},{"taxonomy":"product_tag","embeddable":true,"href":"https:\/\/br44.com\/br\/wp-json\/wp\/v2\/product_tag?post=15523"}],"curies":[{"name":"wp","href":"https:\/\/api.w.org\/{rel}","templated":true}]}}