{"id":15457,"date":"2025-12-18T09:20:29","date_gmt":"2025-12-18T12:20:29","guid":{"rendered":"https:\/\/br44.com\/br\/product\/dgv002-01-truth-and-freedom-direita-patriota-patch-bordado-91x91cm\/"},"modified":"2026-03-23T14:31:00","modified_gmt":"2026-03-23T17:31:00","slug":"dgv002-01-truth-and-freedom-direita-patriota-patch-bordado-91x91cm","status":"publish","type":"product","link":"https:\/\/br44.com\/br\/product\/dgv002-01-truth-and-freedom-direita-patriota-patch-bordado-91x91cm\/","title":{"rendered":"DGV002-01 Truth and Freedom Direita Patriota Patch Bordado 9,1&#215;9,1cm"},"content":{"rendered":"<h1 style=\"font-size: 24px; margin: 0px 0px 0px 16px; font-family: Gilroy; color: #495769; padding: 0px; letter-spacing: 0.5px;\"><span id=\"nomeProdutoHeader\">Truth and Freedom Direita Patriota Patch Bordado 9,1&#215;9,1cm<\/span><\/h1>\n<p class=\"p1\"><span class=\"s1\">Patch bordado redondo com visual patri\u00f3tico e estilo t\u00e1tico, apresentando arte gr\u00e1fica inspirada em lideran\u00e7a e valores como verdade e liberdade. Produzido com bordado de alta qualidade, cores contrastantes em preto, dourado e branco, e acabamento refor\u00e7ado nas bordas, garantindo excelente durabilidade.<\/span><\/p>\n<p class=\"p1\"><span class=\"s1\">Ideal para aplica\u00e7\u00e3o em jaquetas, mochilas, coletes e equipamentos t\u00e1ticos, agregando personalidade e identidade ao seu equipamento ou vestu\u00e1rio.<\/span><\/p>\n<p class=\"p1\"><span class=\"s2\">Tamanho:<\/span><\/p>\n<p class=\"p1\"><span class=\"s1\">\u2022 Di\u00e2metro: <\/span><span class=\"s2\">9,1 cm<\/span><\/p>\n<p class=\"p1\"><span class=\"s2\">Fixa\u00e7\u00e3o:<\/span><\/p>\n<p class=\"p1\"><span class=\"s1\">\u2022 Termo adesivo para aplica\u00e7\u00e3o com ferro<\/span><\/p>\n<p class=\"p1\"><span class=\"s1\">\u2022 Tamb\u00e9m pode ser costurado<\/span><\/p>\n<p class=\"p1\"><span class=\"s1\">Produto resistente, com \u00f3timo n\u00edvel de detalhes e acabamento profissional.<\/span><\/p>\n","protected":false},"excerpt":{"rendered":"<p>Truth and Freedom Direita Patriota Patch Bordado 9,1&#215;9,1cm Patch bordado redondo com visual patri\u00f3tico e estilo t\u00e1tico, apresentando arte gr\u00e1fica inspirada em lideran\u00e7a e valores como verdade e liberdade. Produzido com bordado de alta qualidade, cores contrastantes em preto, dourado e branco, e acabamento refor\u00e7ado nas bordas, garantindo excelente durabilidade. Ideal para aplica\u00e7\u00e3o em jaquetas,&#8230;<\/p>\n","protected":false},"featured_media":15463,"comment_status":"open","ping_status":"closed","template":"","meta":{"_kadence_starter_templates_imported_post":false,"_kad_post_transparent":"default","_kad_post_title":"","_kad_post_layout":"default","_kad_post_sidebar_id":"","_kad_post_content_style":"default","_kad_post_vertical_padding":"default","_kad_post_feature":"","_kad_post_feature_position":"","_kad_post_header":false,"_kad_post_footer":false,"_kad_post_classname":""},"product_brand":[],"product_cat":[16],"product_tag":[138],"class_list":{"0":"post-15457","1":"product","2":"type-product","3":"status-publish","4":"has-post-thumbnail","6":"product_cat-bordado","7":"product_tag-motoclube","8":"product_shipping_class-light","10":"first","11":"instock","12":"shipping-taxable","13":"purchasable","14":"product-type-variable","15":"entry","16":"content-bg","17":"loop-entry"},"_links":{"self":[{"href":"https:\/\/br44.com\/br\/wp-json\/wp\/v2\/product\/15457","targetHints":{"allow":["GET"]}}],"collection":[{"href":"https:\/\/br44.com\/br\/wp-json\/wp\/v2\/product"}],"about":[{"href":"https:\/\/br44.com\/br\/wp-json\/wp\/v2\/types\/product"}],"replies":[{"embeddable":true,"href":"https:\/\/br44.com\/br\/wp-json\/wp\/v2\/comments?post=15457"}],"wp:featuredmedia":[{"embeddable":true,"href":"https:\/\/br44.com\/br\/wp-json\/wp\/v2\/media\/15463"}],"wp:attachment":[{"href":"https:\/\/br44.com\/br\/wp-json\/wp\/v2\/media?parent=15457"}],"wp:term":[{"taxonomy":"product_brand","embeddable":true,"href":"https:\/\/br44.com\/br\/wp-json\/wp\/v2\/product_brand?post=15457"},{"taxonomy":"product_cat","embeddable":true,"href":"https:\/\/br44.com\/br\/wp-json\/wp\/v2\/product_cat?post=15457"},{"taxonomy":"product_tag","embeddable":true,"href":"https:\/\/br44.com\/br\/wp-json\/wp\/v2\/product_tag?post=15457"}],"curies":[{"name":"wp","href":"https:\/\/api.w.org\/{rel}","templated":true}]}}