{"id":15440,"date":"2025-12-17T16:11:12","date_gmt":"2025-12-17T19:11:12","guid":{"rendered":"https:\/\/br44.com\/br\/product\/dgv005-01-top-mito-patriota-patch-bordado-133x47cm\/"},"modified":"2026-02-18T19:43:56","modified_gmt":"2026-02-18T22:43:56","slug":"dgv005-01-top-mito-patriota-patch-bordado-133x47cm","status":"publish","type":"product","link":"https:\/\/br44.com\/br\/product\/dgv005-01-top-mito-patriota-patch-bordado-133x47cm\/","title":{"rendered":"DGV005-01 Top Mito Patriota Patch Bordado 13,3&#215;4,7cm"},"content":{"rendered":"<p class=\"p1\"><span class=\"s1\">Patch Bordado \u201cTop Mito\u201d<\/span><\/p>\n<p class=\"p1\"><span class=\"s2\">Patch bordado de alta qualidade, inspirado no visual cl\u00e1ssico dos emblemas de avia\u00e7\u00e3o militar no estilo <\/span><span class=\"s3\">Top Gun<\/span><span class=\"s2\">. Possui um design marcante, com est\u00e9tica patri\u00f3tica e forte influ\u00eancia t\u00e1tica e motocicl\u00edstica.<\/span><\/p>\n<p class=\"p1\"><span class=\"s2\">Produzido com bordado refor\u00e7ado e acabamento premium, garantindo resist\u00eancia, durabilidade e excelente defini\u00e7\u00e3o dos detalhes.<\/span><\/p>\n<p class=\"p1\"><span class=\"s2\">&#8211;\u00a0<\/span><span class=\"s1\">Tamanho:<\/span><span class=\"s2\"> 13,3 \u00d7 4,7 cm<\/span><\/p>\n<p class=\"p1\"><span class=\"s2\">&#8211;\u00a0<\/span><span class=\"s1\">Aplica\u00e7\u00e3o:<\/span><span class=\"s2\"> termo adesivo ou costura<\/span><\/p>\n<p class=\"p1\"><span class=\"s2\">&#8211;\u00a0<\/span><span class=\"s1\">Indicado para:<\/span><span class=\"s2\"> jaquetas, coletes, mochilas, bon\u00e9s, bolsas e equipamentos t\u00e1ticos<\/span><\/p>\n<p class=\"p1\"><span class=\"s2\">&#8211;\u00a0<\/span><span class=\"s1\">Estilo:<\/span><span class=\"s2\"> avia\u00e7\u00e3o \/ militar \/ patri\u00f3tico<\/span><\/p>\n<p class=\"p1\"><span class=\"s2\">&#8211;\u00a0<\/span><span class=\"s1\">Acabamento:<\/span><span class=\"s2\"> patch totalmente bordado, alta qualidade<\/span><\/p>\n<p class=\"p1\"><span class=\"s2\">Ideal para personalizar suas pe\u00e7as e expressar atitude, identidade e estilo.<\/span><\/p>\n","protected":false},"excerpt":{"rendered":"<p>Patch Bordado \u201cTop Mito\u201d Patch bordado de alta qualidade, inspirado no visual cl\u00e1ssico dos emblemas de avia\u00e7\u00e3o militar no estilo Top Gun. Possui um design marcante, com est\u00e9tica patri\u00f3tica e forte influ\u00eancia t\u00e1tica e motocicl\u00edstica. Produzido com bordado refor\u00e7ado e acabamento premium, garantindo resist\u00eancia, durabilidade e excelente defini\u00e7\u00e3o dos detalhes. &#8211;\u00a0Tamanho: 13,3 \u00d7 4,7 cm&#8230;<\/p>\n","protected":false},"featured_media":15447,"comment_status":"open","ping_status":"closed","template":"","meta":{"_kadence_starter_templates_imported_post":false,"_kad_post_transparent":"default","_kad_post_title":"","_kad_post_layout":"default","_kad_post_sidebar_id":"","_kad_post_content_style":"default","_kad_post_vertical_padding":"default","_kad_post_feature":"","_kad_post_feature_position":"","_kad_post_header":false,"_kad_post_footer":false,"_kad_post_classname":""},"product_brand":[],"product_cat":[16],"product_tag":[],"class_list":{"0":"post-15440","1":"product","2":"type-product","3":"status-publish","4":"has-post-thumbnail","6":"product_cat-bordado","7":"product_shipping_class-light","9":"first","10":"instock","11":"shipping-taxable","12":"purchasable","13":"product-type-variable","14":"entry","15":"content-bg","16":"loop-entry"},"_links":{"self":[{"href":"https:\/\/br44.com\/br\/wp-json\/wp\/v2\/product\/15440","targetHints":{"allow":["GET"]}}],"collection":[{"href":"https:\/\/br44.com\/br\/wp-json\/wp\/v2\/product"}],"about":[{"href":"https:\/\/br44.com\/br\/wp-json\/wp\/v2\/types\/product"}],"replies":[{"embeddable":true,"href":"https:\/\/br44.com\/br\/wp-json\/wp\/v2\/comments?post=15440"}],"wp:featuredmedia":[{"embeddable":true,"href":"https:\/\/br44.com\/br\/wp-json\/wp\/v2\/media\/15447"}],"wp:attachment":[{"href":"https:\/\/br44.com\/br\/wp-json\/wp\/v2\/media?parent=15440"}],"wp:term":[{"taxonomy":"product_brand","embeddable":true,"href":"https:\/\/br44.com\/br\/wp-json\/wp\/v2\/product_brand?post=15440"},{"taxonomy":"product_cat","embeddable":true,"href":"https:\/\/br44.com\/br\/wp-json\/wp\/v2\/product_cat?post=15440"},{"taxonomy":"product_tag","embeddable":true,"href":"https:\/\/br44.com\/br\/wp-json\/wp\/v2\/product_tag?post=15440"}],"curies":[{"name":"wp","href":"https:\/\/api.w.org\/{rel}","templated":true}]}}