{"id":15432,"date":"2025-12-17T12:56:39","date_gmt":"2025-12-17T15:56:39","guid":{"rendered":"https:\/\/br44.com\/br\/product\/dgv003-02-b-22-tarja-patriota-patch-bordado10x75cm\/"},"modified":"2026-02-24T14:48:43","modified_gmt":"2026-02-24T17:48:43","slug":"dgv003-02-b-22-tarja-patriota-patch-bordado10x75cm","status":"publish","type":"product","link":"https:\/\/br44.com\/br\/product\/dgv003-02-b-22-tarja-patriota-patch-bordado10x75cm\/","title":{"rendered":"DGV003-02 Tarja Patriota Patch Bordado 11&#215;2,7cm"},"content":{"rendered":"<p>Patch Bordado Tarja<span id=\"nomeProdutoHeader\">\u00a0Patriota<\/span><\/p>\n<p class=\"p1\"><span class=\"s1\">Patch bordado curvo de alta qualidade, ideal para personaliza\u00e7\u00e3o de jaquetas, coletes, mochilas, bon\u00e9s e outros itens t\u00e1ticos ou casuais. Possui acabamento refor\u00e7ado, bordado detalhado e excelente durabilidade.<\/span><\/p>\n<p class=\"p1\"><span class=\"s2\">Caracter\u00edsticas:<\/span><\/p>\n<ul>\n<li>\n<p class=\"p1\"><span class=\"s1\">Patch bordado<\/span><\/p>\n<\/li>\n<li>\n<p class=\"p1\"><span class=\"s1\">Formato curvo<\/span><\/p>\n<\/li>\n<li>\n<p class=\"p1\"><span class=\"s1\">Acabamento refor\u00e7ado nas bordas<\/span><\/p>\n<\/li>\n<li>\n<p class=\"p1\"><span class=\"s1\">Aplica\u00e7\u00e3o por costura ou termo adesivo (se aplic\u00e1vel)<\/span><\/p>\n<\/li>\n<\/ul>\n<p class=\"p1\"><span class=\"s2\">Medidas:<\/span><\/p>\n<ul>\n<li>\n<p class=\"p1\"><span class=\"s1\">Comprimento:\u00a0<\/span><span class=\"s2\">11 cm<\/span><\/p>\n<\/li>\n<li>\n<p class=\"p1\"><span class=\"s1\">Altura:\u00a0<\/span><span class=\"s2\">2,7 cm<\/span><\/p>\n<\/li>\n<\/ul>\n<p class=\"p1\"><span class=\"s1\">Produto ideal para quem busca um visual marcante, exclusivo e resistente.<\/span><\/p>\n","protected":false},"excerpt":{"rendered":"<p>Patch Bordado Tarja\u00a0Patriota Patch bordado curvo de alta qualidade, ideal para personaliza\u00e7\u00e3o de jaquetas, coletes, mochilas, bon\u00e9s e outros itens t\u00e1ticos ou casuais. Possui acabamento refor\u00e7ado, bordado detalhado e excelente durabilidade. Caracter\u00edsticas: Patch bordado Formato curvo Acabamento refor\u00e7ado nas bordas Aplica\u00e7\u00e3o por costura ou termo adesivo (se aplic\u00e1vel) Medidas: Comprimento:\u00a011 cm Altura:\u00a02,7 cm Produto ideal&#8230;<\/p>\n","protected":false},"featured_media":15439,"comment_status":"open","ping_status":"closed","template":"","meta":{"_kadence_starter_templates_imported_post":false,"_kad_post_transparent":"default","_kad_post_title":"","_kad_post_layout":"default","_kad_post_sidebar_id":"","_kad_post_content_style":"default","_kad_post_vertical_padding":"default","_kad_post_feature":"","_kad_post_feature_position":"","_kad_post_header":false,"_kad_post_footer":false,"_kad_post_classname":""},"product_brand":[],"product_cat":[16],"product_tag":[],"class_list":{"0":"post-15432","1":"product","2":"type-product","3":"status-publish","4":"has-post-thumbnail","6":"product_cat-bordado","7":"product_shipping_class-light","9":"first","10":"instock","11":"shipping-taxable","12":"purchasable","13":"product-type-variable","14":"entry","15":"content-bg","16":"loop-entry"},"_links":{"self":[{"href":"https:\/\/br44.com\/br\/wp-json\/wp\/v2\/product\/15432","targetHints":{"allow":["GET"]}}],"collection":[{"href":"https:\/\/br44.com\/br\/wp-json\/wp\/v2\/product"}],"about":[{"href":"https:\/\/br44.com\/br\/wp-json\/wp\/v2\/types\/product"}],"replies":[{"embeddable":true,"href":"https:\/\/br44.com\/br\/wp-json\/wp\/v2\/comments?post=15432"}],"wp:featuredmedia":[{"embeddable":true,"href":"https:\/\/br44.com\/br\/wp-json\/wp\/v2\/media\/15439"}],"wp:attachment":[{"href":"https:\/\/br44.com\/br\/wp-json\/wp\/v2\/media?parent=15432"}],"wp:term":[{"taxonomy":"product_brand","embeddable":true,"href":"https:\/\/br44.com\/br\/wp-json\/wp\/v2\/product_brand?post=15432"},{"taxonomy":"product_cat","embeddable":true,"href":"https:\/\/br44.com\/br\/wp-json\/wp\/v2\/product_cat?post=15432"},{"taxonomy":"product_tag","embeddable":true,"href":"https:\/\/br44.com\/br\/wp-json\/wp\/v2\/product_tag?post=15432"}],"curies":[{"name":"wp","href":"https:\/\/api.w.org\/{rel}","templated":true}]}}