{"id":15393,"date":"2025-12-15T10:07:32","date_gmt":"2025-12-15T13:07:32","guid":{"rendered":"https:\/\/br44.com\/br\/product\/tar991-001-tarja-area-51-patch-bordado-9-x-25\/"},"modified":"2026-03-05T10:13:50","modified_gmt":"2026-03-05T13:13:50","slug":"tar991-001-tarja-area-51-patch-bordado-9-x-25","status":"publish","type":"product","link":"https:\/\/br44.com\/br\/product\/tar991-001-tarja-area-51-patch-bordado-9-x-25\/","title":{"rendered":"TAR991-001 Tarja \u00c1rea 51 Patch Bordado 9 x 2,5"},"content":{"rendered":"<p class=\"p1\" style=\"color: #4a4a4a; font-family: Arial, Helvetica, sans-serif; font-size: 16px;\"><span class=\"s1\">Aut\u00eantico BR44 (Desde 1987)<\/span><\/p>\n<p class=\"p1\" style=\"color: #4a4a4a; font-family: Arial, Helvetica, sans-serif; font-size: 16px;\"><span class=\"s1\">Patch Bordado \u2013 Area 51 (9 \u00d7 2,5 cm)<\/span><\/p>\n<p class=\"p1\" style=\"color: #4a4a4a; font-family: Arial, Helvetica, sans-serif; font-size: 16px;\"><span class=\"s2\">Patch bordado inspirado na ic\u00f4nica\u00a0<\/span><span class=\"s3\">Area 51<\/span><span class=\"s2\">, s\u00edmbolo de mist\u00e9rio, teorias secretas e cultura pop. Ideal para quem curte refer\u00eancias militares, conspirat\u00f3rias e um estilo urbano com personalidade.<\/span><\/p>\n<p style=\"margin-bottom: 20px; font-size: 16px; padding: 0px; border: 0px; line-height: inherit; vertical-align: baseline; font-family: Arial, Helvetica, sans-serif; color: #4a4a4a;\">4 op\u00e7\u00f5es:<\/p>\n<p style=\"margin-bottom: 20px; font-size: 16px; padding: 0px; border: 0px; line-height: inherit; vertical-align: baseline; font-family: Arial, Helvetica, sans-serif; color: #4a4a4a;\">1- Termo adesivo ou costura.<\/p>\n<p style=\"margin-bottom: 20px; font-size: 16px; padding: 0px; border: 0px; line-height: inherit; vertical-align: baseline; font-family: Arial, Helvetica, sans-serif; color: #4a4a4a;\">2- Fecho de contato.<\/p>\n<p style=\"margin-bottom: 20px; font-size: 16px; padding: 0px; border: 0px; line-height: inherit; vertical-align: baseline; font-family: Arial, Helvetica, sans-serif; color: #4a4a4a;\">3- Chaveiro.<\/p>\n<p style=\"margin-bottom: 20px; font-size: 16px; padding: 0px; border: 0px; line-height: inherit; vertical-align: baseline; font-family: Arial, Helvetica, sans-serif; color: #4a4a4a;\">4- Arquivo Matriz para bordar em m\u00e1quina eletr\u00f4nica, formato: DSB, DST, EXP, HUS, JEF, PCS, PES, SEW, VP3, XXX.<\/p>\n<p class=\"p1\"><span class=\"s1\">&#8211; Caracter\u00edsticas:<\/span><\/p>\n<ul>\n<li>\n<p class=\"p1\"><span class=\"s1\">Tamanho:<\/span><span class=\"s2\"> 9 \u00d7 2,5 cm<\/span><\/p>\n<\/li>\n<li>\n<p class=\"p1\"><span class=\"s1\">Patch totalmente bordado<\/span><\/p>\n<\/li>\n<li>\n<p class=\"p1\"><span class=\"s1\">Design minimalista e marcante<\/span><\/p>\n<\/li>\n<li>\n<p class=\"p1\"><span class=\"s1\">Ideal para jaquetas, mochilas, bon\u00e9s, coletes e acess\u00f3rios<\/span><\/p>\n<\/li>\n<li>\n<p class=\"p1\"><span class=\"s1\">Acabamento resistente e de alta qualidade<\/span><\/p>\n<p>&nbsp;<\/li>\n<\/ul>\n<p style=\"margin-bottom: 20px; font-size: 16px; padding: 0px; border: 0px; line-height: inherit; vertical-align: baseline; font-family: Arial, Helvetica, sans-serif; color: #4a4a4a;\">Temos a melhor qualidade e o melhor atendimento do mercado.<\/p>\n<p style=\"margin-bottom: 20px; font-size: 16px; padding: 0px; border: 0px; line-height: inherit; vertical-align: baseline; font-family: Arial, Helvetica, sans-serif; color: #4a4a4a;\">Clique em comprar e conhe\u00e7a nosso trabalho.<\/p>\n","protected":false},"excerpt":{"rendered":"<p>Aut\u00eantico BR44 (Desde 1987) Patch Bordado \u2013 Area 51 (9 \u00d7 2,5 cm) Patch bordado inspirado na ic\u00f4nica\u00a0Area 51, s\u00edmbolo de mist\u00e9rio, teorias secretas e cultura pop. Ideal para quem curte refer\u00eancias militares, conspirat\u00f3rias e um estilo urbano com personalidade. 4 op\u00e7\u00f5es: 1- Termo adesivo ou costura. 2- Fecho de contato. 3- Chaveiro. 4- Arquivo&#8230;<\/p>\n","protected":false},"featured_media":15402,"comment_status":"open","ping_status":"closed","template":"","meta":{"_kadence_starter_templates_imported_post":false,"_kad_post_transparent":"default","_kad_post_title":"","_kad_post_layout":"default","_kad_post_sidebar_id":"","_kad_post_content_style":"default","_kad_post_vertical_padding":"default","_kad_post_feature":"","_kad_post_feature_position":"","_kad_post_header":false,"_kad_post_footer":false,"_kad_post_classname":""},"product_brand":[],"product_cat":[16,76],"product_tag":[],"class_list":{"0":"post-15393","1":"product","2":"type-product","3":"status-publish","4":"has-post-thumbnail","6":"product_cat-bordado","7":"product_cat-tarja-faixa","9":"first","10":"instock","11":"shipping-taxable","12":"purchasable","13":"product-type-variable","14":"entry","15":"content-bg","16":"loop-entry"},"_links":{"self":[{"href":"https:\/\/br44.com\/br\/wp-json\/wp\/v2\/product\/15393","targetHints":{"allow":["GET"]}}],"collection":[{"href":"https:\/\/br44.com\/br\/wp-json\/wp\/v2\/product"}],"about":[{"href":"https:\/\/br44.com\/br\/wp-json\/wp\/v2\/types\/product"}],"replies":[{"embeddable":true,"href":"https:\/\/br44.com\/br\/wp-json\/wp\/v2\/comments?post=15393"}],"wp:featuredmedia":[{"embeddable":true,"href":"https:\/\/br44.com\/br\/wp-json\/wp\/v2\/media\/15402"}],"wp:attachment":[{"href":"https:\/\/br44.com\/br\/wp-json\/wp\/v2\/media?parent=15393"}],"wp:term":[{"taxonomy":"product_brand","embeddable":true,"href":"https:\/\/br44.com\/br\/wp-json\/wp\/v2\/product_brand?post=15393"},{"taxonomy":"product_cat","embeddable":true,"href":"https:\/\/br44.com\/br\/wp-json\/wp\/v2\/product_cat?post=15393"},{"taxonomy":"product_tag","embeddable":true,"href":"https:\/\/br44.com\/br\/wp-json\/wp\/v2\/product_tag?post=15393"}],"curies":[{"name":"wp","href":"https:\/\/api.w.org\/{rel}","templated":true}]}}