{"id":15371,"date":"2025-12-12T08:32:29","date_gmt":"2025-12-12T11:32:29","guid":{"rendered":"https:\/\/br44.com\/br\/product\/m0149-002-dont-tread-on-me-patch-bordado-7x6cm\/"},"modified":"2026-04-08T07:22:59","modified_gmt":"2026-04-08T10:22:59","slug":"m0149-002-dont-tread-on-me-patch-bordado-7x6cm","status":"publish","type":"product","link":"https:\/\/br44.com\/br\/product\/m0149-002-dont-tread-on-me-patch-bordado-7x6cm\/","title":{"rendered":"M0149-002 Don&#8217;t Tread On Me Patch Bordado 7x6cm"},"content":{"rendered":"<p class=\"p1\"><span class=\"s1\">Patch Bordado \u2013 Don\u2019t Tread On Me 7 cm x 6 cm<\/span><\/p>\n<p class=\"p1\"><span class=\"s2\">Patch bordado inspirado no cl\u00e1ssico s\u00edmbolo <\/span><span class=\"s3\">\u201cDon\u2019t Tread On Me\u201d<\/span><span class=\"s2\">, trazendo uma cobra cascavel em tom militar sobre um fundo preto. O visual \u00e9 totalmente t\u00e1tico, com cores s\u00f3brias e discretas, perfeito para quem gosta de um estilo mais militar, minimalista ou robusto.<\/span><\/p>\n<p class=\"p1\"><span class=\"s2\">&#8211;\u00a0<\/span><span class=\"s1\">Caracter\u00edsticas:<\/span><\/p>\n<ul>\n<li>\n<p class=\"p1\"><span class=\"s1\">Tamanho:<\/span><span class=\"s2\"> 7 cm x 6 cm<\/span><\/p>\n<\/li>\n<li>\n<p class=\"p1\"><span class=\"s1\">Patch totalmente bordado<\/span><\/p>\n<\/li>\n<li>\n<p class=\"p1\"><span class=\"s1\">Design t\u00e1tico em tons de preto, cinza e marrom<\/span><\/p>\n<\/li>\n<li>\n<p class=\"p1\"><span class=\"s1\">Ideal para jaquetas, mochilas, coletes, bon\u00e9s e acess\u00f3rios<\/span><\/p>\n<\/li>\n<li>\n<p class=\"p1\"><span class=\"s1\">Acabamento resistente e de alta qualidade<\/span><\/p>\n<\/li>\n<\/ul>\n<p>&nbsp;<\/p>\n","protected":false},"excerpt":{"rendered":"<p>Patch Bordado \u2013 Don\u2019t Tread On Me 7 cm x 6 cm Patch bordado inspirado no cl\u00e1ssico s\u00edmbolo \u201cDon\u2019t Tread On Me\u201d, trazendo uma cobra cascavel em tom militar sobre um fundo preto. O visual \u00e9 totalmente t\u00e1tico, com cores s\u00f3brias e discretas, perfeito para quem gosta de um estilo mais militar, minimalista ou robusto&#8230;.<\/p>\n","protected":false},"featured_media":15379,"comment_status":"open","ping_status":"closed","template":"","meta":{"_kadence_starter_templates_imported_post":false,"_kad_post_transparent":"default","_kad_post_title":"","_kad_post_layout":"default","_kad_post_sidebar_id":"","_kad_post_content_style":"default","_kad_post_vertical_padding":"default","_kad_post_feature":"","_kad_post_feature_position":"","_kad_post_header":false,"_kad_post_footer":false,"_kad_post_classname":""},"product_brand":[],"product_cat":[23,16],"product_tag":[124],"class_list":{"0":"post-15371","1":"product","2":"type-product","3":"status-publish","4":"has-post-thumbnail","6":"product_cat-militar","7":"product_cat-bordado","8":"product_tag-military","9":"product_shipping_class-light","11":"first","12":"instock","13":"shipping-taxable","14":"purchasable","15":"product-type-variable","16":"entry","17":"content-bg","18":"loop-entry"},"_links":{"self":[{"href":"https:\/\/br44.com\/br\/wp-json\/wp\/v2\/product\/15371","targetHints":{"allow":["GET"]}}],"collection":[{"href":"https:\/\/br44.com\/br\/wp-json\/wp\/v2\/product"}],"about":[{"href":"https:\/\/br44.com\/br\/wp-json\/wp\/v2\/types\/product"}],"replies":[{"embeddable":true,"href":"https:\/\/br44.com\/br\/wp-json\/wp\/v2\/comments?post=15371"}],"wp:featuredmedia":[{"embeddable":true,"href":"https:\/\/br44.com\/br\/wp-json\/wp\/v2\/media\/15379"}],"wp:attachment":[{"href":"https:\/\/br44.com\/br\/wp-json\/wp\/v2\/media?parent=15371"}],"wp:term":[{"taxonomy":"product_brand","embeddable":true,"href":"https:\/\/br44.com\/br\/wp-json\/wp\/v2\/product_brand?post=15371"},{"taxonomy":"product_cat","embeddable":true,"href":"https:\/\/br44.com\/br\/wp-json\/wp\/v2\/product_cat?post=15371"},{"taxonomy":"product_tag","embeddable":true,"href":"https:\/\/br44.com\/br\/wp-json\/wp\/v2\/product_tag?post=15371"}],"curies":[{"name":"wp","href":"https:\/\/api.w.org\/{rel}","templated":true}]}}