{"id":15360,"date":"2025-12-11T14:52:38","date_gmt":"2025-12-11T17:52:38","guid":{"rendered":"https:\/\/br44.com\/br\/product\/m0149-001-dont-tread-on-me-patch-bordado-7x6cm\/"},"modified":"2026-04-13T07:30:19","modified_gmt":"2026-04-13T10:30:19","slug":"m0149-001-dont-tread-on-me-patch-bordado-7x6cm","status":"publish","type":"product","link":"https:\/\/br44.com\/br\/product\/m0149-001-dont-tread-on-me-patch-bordado-7x6cm\/","title":{"rendered":"M0149-001 Don&#8217;t Tread On Me Patch Bordado 7x6cm"},"content":{"rendered":"<h3><span class=\"s1\">Patch Bordado \u2013 Don\u2019t Tread On Me | 7 \u00d7 6 cm<\/span><\/h3>\n<p class=\"p3\"><span class=\"s2\">Patch bordado inspirado no ic\u00f4nico s\u00edmbolo <\/span><span class=\"s3\">\u201cDon\u2019t Tread On Me\u201d<\/span><span class=\"s2\">, trazendo uma cobra cascavel em posi\u00e7\u00e3o de ataque sobre uma base verde, com fundo amarelo vibrante. A frase aparece em destaque na parte superior, refor\u00e7ando o visual marcante e hist\u00f3rico do emblema.<\/span><\/p>\n<p class=\"p3\"><span class=\"s2\">&#8211;\u00a0<\/span><span class=\"s3\">Caracter\u00edsticas:<\/span><\/p>\n<ul>\n<li>\n<p class=\"p1\"><span class=\"s1\">Tamanho:<\/span><span class=\"s2\"> 7 cm \u00d7 6 cm<\/span><\/p>\n<\/li>\n<li>\n<p class=\"p1\"><span class=\"s1\">Patch totalmente bordado<\/span><\/p>\n<\/li>\n<li>\n<p class=\"p1\"><span class=\"s1\">Cores fortes: amarelo, preto, verde e tons terrosos<\/span><\/p>\n<\/li>\n<li>\n<p class=\"p1\"><span class=\"s1\">Design com cobra cascavel detalhada<\/span><\/p>\n<\/li>\n<li>\n<p class=\"p1\"><span class=\"s1\">Pode ser costurado ou aplicado com cola<\/span><\/p>\n<\/li>\n<li>\n<p class=\"p1\"><span class=\"s1\">Acabamento resistente e de alta qualidade<\/span><\/p>\n<\/li>\n<\/ul>\n<p class=\"p3\"><span class=\"s2\">Perfeito para jaquetas, mochilas, coletes t\u00e1ticos, uniformes ou para quem gosta de s\u00edmbolos cl\u00e1ssicos e ousados!<\/span><\/p>\n","protected":false},"excerpt":{"rendered":"<p>Patch Bordado \u2013 Don\u2019t Tread On Me | 7 \u00d7 6 cm Patch bordado inspirado no ic\u00f4nico s\u00edmbolo \u201cDon\u2019t Tread On Me\u201d, trazendo uma cobra cascavel em posi\u00e7\u00e3o de ataque sobre uma base verde, com fundo amarelo vibrante. A frase aparece em destaque na parte superior, refor\u00e7ando o visual marcante e hist\u00f3rico do emblema. &#8211;\u00a0Caracter\u00edsticas:&#8230;<\/p>\n","protected":false},"featured_media":15367,"comment_status":"open","ping_status":"closed","template":"","meta":{"_kadence_starter_templates_imported_post":false,"_kad_post_transparent":"default","_kad_post_title":"","_kad_post_layout":"default","_kad_post_sidebar_id":"","_kad_post_content_style":"default","_kad_post_vertical_padding":"default","_kad_post_feature":"","_kad_post_feature_position":"","_kad_post_header":false,"_kad_post_footer":false,"_kad_post_classname":""},"product_brand":[],"product_cat":[16],"product_tag":[124],"class_list":{"0":"post-15360","1":"product","2":"type-product","3":"status-publish","4":"has-post-thumbnail","6":"product_cat-bordado","7":"product_tag-military","8":"product_shipping_class-light","10":"first","11":"instock","12":"shipping-taxable","13":"purchasable","14":"product-type-variable","15":"entry","16":"content-bg","17":"loop-entry"},"_links":{"self":[{"href":"https:\/\/br44.com\/br\/wp-json\/wp\/v2\/product\/15360","targetHints":{"allow":["GET"]}}],"collection":[{"href":"https:\/\/br44.com\/br\/wp-json\/wp\/v2\/product"}],"about":[{"href":"https:\/\/br44.com\/br\/wp-json\/wp\/v2\/types\/product"}],"replies":[{"embeddable":true,"href":"https:\/\/br44.com\/br\/wp-json\/wp\/v2\/comments?post=15360"}],"wp:featuredmedia":[{"embeddable":true,"href":"https:\/\/br44.com\/br\/wp-json\/wp\/v2\/media\/15367"}],"wp:attachment":[{"href":"https:\/\/br44.com\/br\/wp-json\/wp\/v2\/media?parent=15360"}],"wp:term":[{"taxonomy":"product_brand","embeddable":true,"href":"https:\/\/br44.com\/br\/wp-json\/wp\/v2\/product_brand?post=15360"},{"taxonomy":"product_cat","embeddable":true,"href":"https:\/\/br44.com\/br\/wp-json\/wp\/v2\/product_cat?post=15360"},{"taxonomy":"product_tag","embeddable":true,"href":"https:\/\/br44.com\/br\/wp-json\/wp\/v2\/product_tag?post=15360"}],"curies":[{"name":"wp","href":"https:\/\/api.w.org\/{rel}","templated":true}]}}