{"id":15328,"date":"2025-11-12T10:46:40","date_gmt":"2025-11-12T13:46:40","guid":{"rendered":"https:\/\/br44.com\/br\/product\/m0215-068c-atirador-desportivo-cac-patch-bordado-7x9cm\/"},"modified":"2026-04-02T07:15:22","modified_gmt":"2026-04-02T10:15:22","slug":"m0215-068c-atirador-desportivo-cac-patch-bordado-7x9cm","status":"publish","type":"product","link":"https:\/\/br44.com\/br\/product\/m0215-068c-atirador-desportivo-cac-patch-bordado-7x9cm\/","title":{"rendered":"M0215-068C Atirador Desportivo CAC Patch Bordado 7x9cm"},"content":{"rendered":"<p>Fabricante: BR44 patch<\/p>\n<p>Tamanho: 7<span id=\"nomeProdutoHeader\">\u00a0x 9 cm.<\/span><\/p>\n<p>Patch bordado bordado CAC de alta qualidade, ideal para sua Jaqueta, mochila ou bon\u00e9. Mostre sua paix\u00e3o pelo tiro esportivo e pela ca\u00e7a.<\/p>\n<p>Temos qualidade e estilo em um s\u00f3 produto. Adquira agora seu patch CAC e destaque-se.<\/p>\n","protected":false},"excerpt":{"rendered":"<p>Fabricante: BR44 patch Tamanho: 7\u00a0x 9 cm. Patch bordado bordado CAC de alta qualidade, ideal para sua Jaqueta, mochila ou bon\u00e9. Mostre sua paix\u00e3o pelo tiro esportivo e pela ca\u00e7a. Temos qualidade e estilo em um s\u00f3 produto. Adquira agora seu patch CAC e destaque-se.<\/p>\n","protected":false},"featured_media":15342,"comment_status":"open","ping_status":"closed","template":"","meta":{"_kadence_starter_templates_imported_post":false,"_kad_post_transparent":"default","_kad_post_title":"","_kad_post_layout":"default","_kad_post_sidebar_id":"","_kad_post_content_style":"default","_kad_post_vertical_padding":"default","_kad_post_feature":"","_kad_post_feature_position":"","_kad_post_header":false,"_kad_post_footer":false,"_kad_post_classname":""},"product_brand":[],"product_cat":[23,16],"product_tag":[124],"class_list":{"0":"post-15328","1":"product","2":"type-product","3":"status-publish","4":"has-post-thumbnail","6":"product_cat-militar","7":"product_cat-bordado","8":"product_tag-military","9":"product_shipping_class-light","11":"first","12":"instock","13":"shipping-taxable","14":"purchasable","15":"product-type-variable","16":"entry","17":"content-bg","18":"loop-entry"},"_links":{"self":[{"href":"https:\/\/br44.com\/br\/wp-json\/wp\/v2\/product\/15328","targetHints":{"allow":["GET"]}}],"collection":[{"href":"https:\/\/br44.com\/br\/wp-json\/wp\/v2\/product"}],"about":[{"href":"https:\/\/br44.com\/br\/wp-json\/wp\/v2\/types\/product"}],"replies":[{"embeddable":true,"href":"https:\/\/br44.com\/br\/wp-json\/wp\/v2\/comments?post=15328"}],"wp:featuredmedia":[{"embeddable":true,"href":"https:\/\/br44.com\/br\/wp-json\/wp\/v2\/media\/15342"}],"wp:attachment":[{"href":"https:\/\/br44.com\/br\/wp-json\/wp\/v2\/media?parent=15328"}],"wp:term":[{"taxonomy":"product_brand","embeddable":true,"href":"https:\/\/br44.com\/br\/wp-json\/wp\/v2\/product_brand?post=15328"},{"taxonomy":"product_cat","embeddable":true,"href":"https:\/\/br44.com\/br\/wp-json\/wp\/v2\/product_cat?post=15328"},{"taxonomy":"product_tag","embeddable":true,"href":"https:\/\/br44.com\/br\/wp-json\/wp\/v2\/product_tag?post=15328"}],"curies":[{"name":"wp","href":"https:\/\/api.w.org\/{rel}","templated":true}]}}