{"id":15181,"date":"2025-09-26T07:53:59","date_gmt":"2025-09-26T10:53:59","guid":{"rendered":"https:\/\/br44.com\/br\/product\/v0049-001-curativo-fofo-patch-bordado-90x90cm\/"},"modified":"2026-02-23T10:22:23","modified_gmt":"2026-02-23T13:22:23","slug":"v0049-001-curativo-fofo-patch-bordado-90x90cm","status":"publish","type":"product","link":"https:\/\/br44.com\/br\/product\/v0049-001-curativo-fofo-patch-bordado-90x90cm\/","title":{"rendered":"V0049-001 Curativo Fofo Patch Bordado 9,0&#215;9,0cm"},"content":{"rendered":"<p class=\"p1\"><span class=\"s1\">Aut\u00eantico BR44 (Desde 1987)<\/span><\/p>\n<p class=\"p1\"><span class=\"s1\">Patch Bordado \u2013 Curativo Fofo<\/span><\/p>\n<p class=\"p1\"><span class=\"s2\">Adicione um detalhe criativo e delicado \u00e0s suas pe\u00e7as com este patch bordado de curativo fofo.<\/span><\/p>\n<p class=\"p1\"><span class=\"s2\">Ideal para customizar jaquetas, mochilas, bon\u00e9s, cal\u00e7as e muito mais. F\u00e1cil de costurar ou colar, deixando qualquer item \u00fanico e cheio de charme.<\/span><\/p>\n<p class=\"p1\"><span class=\"s2\">\u00a0Tamanho: 9,0 x 9,0 cm.<\/span><\/p>\n<p class=\"p1\"><span class=\"s2\">\u00a0Material: bordado de alta qualidade<\/span><\/p>\n<p class=\"p1\"><span class=\"s2\">\u00a0Perfeito para personaliza\u00e7\u00e3o criativa e delicada<\/span><\/p>\n","protected":false},"excerpt":{"rendered":"<p>Aut\u00eantico BR44 (Desde 1987) Patch Bordado \u2013 Curativo Fofo Adicione um detalhe criativo e delicado \u00e0s suas pe\u00e7as com este patch bordado de curativo fofo. Ideal para customizar jaquetas, mochilas, bon\u00e9s, cal\u00e7as e muito mais. F\u00e1cil de costurar ou colar, deixando qualquer item \u00fanico e cheio de charme. \u00a0Tamanho: 9,0 x 9,0 cm. \u00a0Material: bordado&#8230;<\/p>\n","protected":false},"featured_media":15185,"comment_status":"open","ping_status":"closed","template":"","meta":{"_kadence_starter_templates_imported_post":false,"_kad_post_transparent":"default","_kad_post_title":"","_kad_post_layout":"default","_kad_post_sidebar_id":"","_kad_post_content_style":"default","_kad_post_vertical_padding":"default","_kad_post_feature":"","_kad_post_feature_position":"","_kad_post_header":false,"_kad_post_footer":false,"_kad_post_classname":""},"product_brand":[],"product_cat":[16,24],"product_tag":[164],"class_list":{"0":"post-15181","1":"product","2":"type-product","3":"status-publish","4":"has-post-thumbnail","6":"product_cat-bordado","7":"product_cat-variados","8":"product_tag-curativo-fofo","9":"product_shipping_class-light","11":"first","12":"instock","13":"shipping-taxable","14":"purchasable","15":"product-type-variable","16":"entry","17":"content-bg","18":"loop-entry"},"_links":{"self":[{"href":"https:\/\/br44.com\/br\/wp-json\/wp\/v2\/product\/15181","targetHints":{"allow":["GET"]}}],"collection":[{"href":"https:\/\/br44.com\/br\/wp-json\/wp\/v2\/product"}],"about":[{"href":"https:\/\/br44.com\/br\/wp-json\/wp\/v2\/types\/product"}],"replies":[{"embeddable":true,"href":"https:\/\/br44.com\/br\/wp-json\/wp\/v2\/comments?post=15181"}],"wp:featuredmedia":[{"embeddable":true,"href":"https:\/\/br44.com\/br\/wp-json\/wp\/v2\/media\/15185"}],"wp:attachment":[{"href":"https:\/\/br44.com\/br\/wp-json\/wp\/v2\/media?parent=15181"}],"wp:term":[{"taxonomy":"product_brand","embeddable":true,"href":"https:\/\/br44.com\/br\/wp-json\/wp\/v2\/product_brand?post=15181"},{"taxonomy":"product_cat","embeddable":true,"href":"https:\/\/br44.com\/br\/wp-json\/wp\/v2\/product_cat?post=15181"},{"taxonomy":"product_tag","embeddable":true,"href":"https:\/\/br44.com\/br\/wp-json\/wp\/v2\/product_tag?post=15181"}],"curies":[{"name":"wp","href":"https:\/\/api.w.org\/{rel}","templated":true}]}}