{"id":15175,"date":"2025-09-25T15:54:53","date_gmt":"2025-09-25T18:54:53","guid":{"rendered":"https:\/\/br44.com\/br\/product\/v0056-001-raio-patch-bordado-70x35cm\/"},"modified":"2026-04-14T07:25:46","modified_gmt":"2026-04-14T10:25:46","slug":"v0056-001-raio-patch-bordado-70x35cm","status":"publish","type":"product","link":"https:\/\/br44.com\/br\/product\/v0056-001-raio-patch-bordado-70x35cm\/","title":{"rendered":"V0056-001 Raio Patch Bordado 7,0&#215;3,5cm"},"content":{"rendered":"<p class=\"p1\"><span class=\"s1\">Aut\u00eantico BR44 (Desde 1987)<\/span><\/p>\n<p class=\"p1\"><span class=\"s1\">Patch Bordado \u2013 Raio<\/span><\/p>\n<p class=\"p1\"><span class=\"s2\">D\u00ea um toque marcante e cheio de energia \u00e0s suas roupas e acess\u00f3rios com este patch bordado de raio.<\/span><\/p>\n<p class=\"p1\"><span class=\"s2\">Ideal para aplicar em jaquetas, mochilas, bon\u00e9s, cal\u00e7as e muito mais. F\u00e1cil de costurar ou colar, transformando qualquer pe\u00e7a em algo \u00fanico e poderoso.<\/span><\/p>\n<p class=\"p1\"><span class=\"s2\">\u00a0Tamanho: 7,0 x 3,5 cm.<\/span><\/p>\n<p class=\"p1\"><span class=\"s2\">\u00a0Material: bordado de alta qualidade<\/span><\/p>\n<p class=\"p1\"><span class=\"s2\">\u00a0Perfeito para customiza\u00e7\u00e3o criativa e ousada<\/span><\/p>\n","protected":false},"excerpt":{"rendered":"<p>Aut\u00eantico BR44 (Desde 1987) Patch Bordado \u2013 Raio D\u00ea um toque marcante e cheio de energia \u00e0s suas roupas e acess\u00f3rios com este patch bordado de raio. Ideal para aplicar em jaquetas, mochilas, bon\u00e9s, cal\u00e7as e muito mais. F\u00e1cil de costurar ou colar, transformando qualquer pe\u00e7a em algo \u00fanico e poderoso. \u00a0Tamanho: 7,0 x 3,5&#8230;<\/p>\n","protected":false},"featured_media":15178,"comment_status":"open","ping_status":"closed","template":"","meta":{"_kadence_starter_templates_imported_post":false,"_kad_post_transparent":"default","_kad_post_title":"","_kad_post_layout":"default","_kad_post_sidebar_id":"","_kad_post_content_style":"default","_kad_post_vertical_padding":"default","_kad_post_feature":"","_kad_post_feature_position":"","_kad_post_header":false,"_kad_post_footer":false,"_kad_post_classname":""},"product_brand":[],"product_cat":[16,24],"product_tag":[163],"class_list":{"0":"post-15175","1":"product","2":"type-product","3":"status-publish","4":"has-post-thumbnail","6":"product_cat-bordado","7":"product_cat-variados","8":"product_tag-raio","9":"product_shipping_class-light","11":"first","12":"instock","13":"shipping-taxable","14":"purchasable","15":"product-type-variable","16":"entry","17":"content-bg","18":"loop-entry"},"_links":{"self":[{"href":"https:\/\/br44.com\/br\/wp-json\/wp\/v2\/product\/15175","targetHints":{"allow":["GET"]}}],"collection":[{"href":"https:\/\/br44.com\/br\/wp-json\/wp\/v2\/product"}],"about":[{"href":"https:\/\/br44.com\/br\/wp-json\/wp\/v2\/types\/product"}],"replies":[{"embeddable":true,"href":"https:\/\/br44.com\/br\/wp-json\/wp\/v2\/comments?post=15175"}],"wp:featuredmedia":[{"embeddable":true,"href":"https:\/\/br44.com\/br\/wp-json\/wp\/v2\/media\/15178"}],"wp:attachment":[{"href":"https:\/\/br44.com\/br\/wp-json\/wp\/v2\/media?parent=15175"}],"wp:term":[{"taxonomy":"product_brand","embeddable":true,"href":"https:\/\/br44.com\/br\/wp-json\/wp\/v2\/product_brand?post=15175"},{"taxonomy":"product_cat","embeddable":true,"href":"https:\/\/br44.com\/br\/wp-json\/wp\/v2\/product_cat?post=15175"},{"taxonomy":"product_tag","embeddable":true,"href":"https:\/\/br44.com\/br\/wp-json\/wp\/v2\/product_tag?post=15175"}],"curies":[{"name":"wp","href":"https:\/\/api.w.org\/{rel}","templated":true}]}}