{"id":15162,"date":"2025-09-25T09:57:59","date_gmt":"2025-09-25T12:57:59","guid":{"rendered":"https:\/\/br44.com\/br\/product\/v0055-001-carinha-divertidade-patch-bordado-68x68cm\/"},"modified":"2026-02-23T10:57:47","modified_gmt":"2026-02-23T13:57:47","slug":"v0055-001-carinha-divertidade-patch-bordado-68x68cm","status":"publish","type":"product","link":"https:\/\/br44.com\/br\/product\/v0055-001-carinha-divertidade-patch-bordado-68x68cm\/","title":{"rendered":"V0055-001 Carinha Divertida Patch Bordado"},"content":{"rendered":"<p class=\"p1\" style=\"font-size: 16px; color: #111111; font-family: Lato, sans-serif;\"><span class=\"s1\"><span style=\"color: #4a4a4a; font-family: Arial, Helvetica, sans-serif;\">Aut\u00eantico BR44 (Desde 1987)<\/span><\/span><\/p>\n<p class=\"p1\"><span class=\"s1\">Patch Bordado \u2013 Carinha Mostrando a L\u00edngua<\/span><\/p>\n<p class=\"p1\"><span class=\"s2\">D\u00ea um toque divertido e descontra\u00eddo \u00e0s suas roupas e acess\u00f3rios com este patch bordado de carinha mostrando a l\u00edngua.<\/span><\/p>\n<p class=\"p1\"><span class=\"s2\">Perfeito para aplicar em jaquetas, mochilas, bon\u00e9s, cal\u00e7as e muito mais. F\u00e1cil de costurar ou colar, transformando qualquer pe\u00e7a em algo \u00fanico e cheio de personalidade.<\/span><\/p>\n<p class=\"p1\"><span class=\"s2\">\u00a0Tamanho: 6,8 x 6,8 cm.<\/span><\/p>\n<p class=\"p1\"><span class=\"s2\">\u00a0Material: bordado de alta qualidade<\/span><\/p>\n<p class=\"p1\"><span class=\"s2\">\u00a0Ideal para customiza\u00e7\u00e3o criativa e bem-humorada<\/span><\/p>\n","protected":false},"excerpt":{"rendered":"<p>Aut\u00eantico BR44 (Desde 1987) Patch Bordado \u2013 Carinha Mostrando a L\u00edngua D\u00ea um toque divertido e descontra\u00eddo \u00e0s suas roupas e acess\u00f3rios com este patch bordado de carinha mostrando a l\u00edngua. Perfeito para aplicar em jaquetas, mochilas, bon\u00e9s, cal\u00e7as e muito mais. F\u00e1cil de costurar ou colar, transformando qualquer pe\u00e7a em algo \u00fanico e cheio&#8230;<\/p>\n","protected":false},"featured_media":15166,"comment_status":"open","ping_status":"closed","template":"","meta":{"_kadence_starter_templates_imported_post":false,"_kad_post_transparent":"default","_kad_post_title":"","_kad_post_layout":"default","_kad_post_sidebar_id":"","_kad_post_content_style":"default","_kad_post_vertical_padding":"default","_kad_post_feature":"","_kad_post_feature_position":"","_kad_post_header":false,"_kad_post_footer":false,"_kad_post_classname":""},"product_brand":[],"product_cat":[16,24],"product_tag":[],"class_list":{"0":"post-15162","1":"product","2":"type-product","3":"status-publish","4":"has-post-thumbnail","6":"product_cat-bordado","7":"product_cat-variados","8":"product_shipping_class-light","10":"first","11":"instock","12":"shipping-taxable","13":"purchasable","14":"product-type-variable","15":"entry","16":"content-bg","17":"loop-entry"},"_links":{"self":[{"href":"https:\/\/br44.com\/br\/wp-json\/wp\/v2\/product\/15162","targetHints":{"allow":["GET"]}}],"collection":[{"href":"https:\/\/br44.com\/br\/wp-json\/wp\/v2\/product"}],"about":[{"href":"https:\/\/br44.com\/br\/wp-json\/wp\/v2\/types\/product"}],"replies":[{"embeddable":true,"href":"https:\/\/br44.com\/br\/wp-json\/wp\/v2\/comments?post=15162"}],"wp:featuredmedia":[{"embeddable":true,"href":"https:\/\/br44.com\/br\/wp-json\/wp\/v2\/media\/15166"}],"wp:attachment":[{"href":"https:\/\/br44.com\/br\/wp-json\/wp\/v2\/media?parent=15162"}],"wp:term":[{"taxonomy":"product_brand","embeddable":true,"href":"https:\/\/br44.com\/br\/wp-json\/wp\/v2\/product_brand?post=15162"},{"taxonomy":"product_cat","embeddable":true,"href":"https:\/\/br44.com\/br\/wp-json\/wp\/v2\/product_cat?post=15162"},{"taxonomy":"product_tag","embeddable":true,"href":"https:\/\/br44.com\/br\/wp-json\/wp\/v2\/product_tag?post=15162"}],"curies":[{"name":"wp","href":"https:\/\/api.w.org\/{rel}","templated":true}]}}