{"id":15150,"date":"2025-09-24T10:10:49","date_gmt":"2025-09-24T13:10:49","guid":{"rendered":"https:\/\/br44.com\/br\/product\/v0048-001-carinha-sorrindo-patch-bordado-68x68cm\/"},"modified":"2025-11-26T07:16:35","modified_gmt":"2025-11-26T10:16:35","slug":"v0048-001-carinha-sorrindo-patch-bordado-68x68cm","status":"publish","type":"product","link":"https:\/\/br44.com\/br\/product\/v0048-001-carinha-sorrindo-patch-bordado-68x68cm\/","title":{"rendered":"V0048-001 Carinha Sorrindo Patch Bordado 6,8&#215;6,8cm"},"content":{"rendered":"<p class=\"p1\"><span class=\"s1\"><span style=\"color: #4a4a4a; font-family: Arial, Helvetica, sans-serif; font-size: 16px;\">Aut\u00eantico BR44 (Desde 1987)<\/span><\/span><\/p>\n<p class=\"p1\"><span class=\"s1\">Patch Bordado \u2013 Carinha Sorrindo<\/span><span class=\"s2\">\u00a0<\/span><\/p>\n<p class=\"p1\"><span class=\"s2\">Deixe suas roupas e acess\u00f3rios mais alegres com este patch bordado de carinha sorrindo.<\/span><\/p>\n<p class=\"p1\"><span class=\"s2\">Perfeito para dar um toque divertido em jaquetas, mochilas, bon\u00e9s, cal\u00e7as e muito mais. F\u00e1cil de costurar ou colar, garantindo uma personaliza\u00e7\u00e3o \u00fanica e cheia de estilo.<\/span><\/p>\n<p class=\"p1\"><span class=\"s2\">Tamanho: 6,8 x 6,8 cm.<\/span><\/p>\n<p class=\"p1\"><span class=\"s2\">\u00a0Material: bordado de alta qualidade<\/span><\/p>\n<p class=\"p1\"><span class=\"s2\">\u00a0Ideal para customiza\u00e7\u00e3o criativa e descontra\u00edda<\/span><\/p>\n","protected":false},"excerpt":{"rendered":"<p>Aut\u00eantico BR44 (Desde 1987) Patch Bordado \u2013 Carinha Sorrindo\u00a0 Deixe suas roupas e acess\u00f3rios mais alegres com este patch bordado de carinha sorrindo. Perfeito para dar um toque divertido em jaquetas, mochilas, bon\u00e9s, cal\u00e7as e muito mais. F\u00e1cil de costurar ou colar, garantindo uma personaliza\u00e7\u00e3o \u00fanica e cheia de estilo. Tamanho: 6,8 x 6,8 cm&#8230;.<\/p>\n","protected":false},"featured_media":15154,"comment_status":"open","ping_status":"closed","template":"","meta":{"_kadence_starter_templates_imported_post":false,"_kad_post_transparent":"default","_kad_post_title":"","_kad_post_layout":"default","_kad_post_sidebar_id":"","_kad_post_content_style":"default","_kad_post_vertical_padding":"default","_kad_post_feature":"","_kad_post_feature_position":"","_kad_post_header":false,"_kad_post_footer":false,"_kad_post_classname":""},"product_brand":[],"product_cat":[16,24],"product_tag":[161],"class_list":{"0":"post-15150","1":"product","2":"type-product","3":"status-publish","4":"has-post-thumbnail","6":"product_cat-bordado","7":"product_cat-variados","8":"product_tag-carinha-sorrindo","9":"product_shipping_class-light","11":"first","12":"instock","13":"shipping-taxable","14":"purchasable","15":"product-type-variable","16":"entry","17":"content-bg","18":"loop-entry"},"_links":{"self":[{"href":"https:\/\/br44.com\/br\/wp-json\/wp\/v2\/product\/15150","targetHints":{"allow":["GET"]}}],"collection":[{"href":"https:\/\/br44.com\/br\/wp-json\/wp\/v2\/product"}],"about":[{"href":"https:\/\/br44.com\/br\/wp-json\/wp\/v2\/types\/product"}],"replies":[{"embeddable":true,"href":"https:\/\/br44.com\/br\/wp-json\/wp\/v2\/comments?post=15150"}],"wp:featuredmedia":[{"embeddable":true,"href":"https:\/\/br44.com\/br\/wp-json\/wp\/v2\/media\/15154"}],"wp:attachment":[{"href":"https:\/\/br44.com\/br\/wp-json\/wp\/v2\/media?parent=15150"}],"wp:term":[{"taxonomy":"product_brand","embeddable":true,"href":"https:\/\/br44.com\/br\/wp-json\/wp\/v2\/product_brand?post=15150"},{"taxonomy":"product_cat","embeddable":true,"href":"https:\/\/br44.com\/br\/wp-json\/wp\/v2\/product_cat?post=15150"},{"taxonomy":"product_tag","embeddable":true,"href":"https:\/\/br44.com\/br\/wp-json\/wp\/v2\/product_tag?post=15150"}],"curies":[{"name":"wp","href":"https:\/\/api.w.org\/{rel}","templated":true}]}}