{"id":15144,"date":"2025-09-24T08:32:04","date_gmt":"2025-09-24T11:32:04","guid":{"rendered":"https:\/\/br44.com\/br\/product\/v0044-001-camera-digital-patch-bordado-78x60cm\/"},"modified":"2026-02-23T13:37:21","modified_gmt":"2026-02-23T16:37:21","slug":"v0044-001-camera-digital-patch-bordado-78x60cm","status":"publish","type":"product","link":"https:\/\/br44.com\/br\/product\/v0044-001-camera-digital-patch-bordado-78x60cm\/","title":{"rendered":"V0044-001 C\u00e2mera Digital Patch Bordado 5,7&#215;7,0cm"},"content":{"rendered":"<p><span style=\"color: #111111; font-family: Lato, sans-serif; font-size: medium;\">\u00a0<\/span><\/p>\n<p><span style=\"color: #4a4a4a; font-family: Arial, Helvetica, sans-serif; font-size: 16px;\">Aut\u00eantico BR44 (Desde 1987)<\/span><\/p>\n<p class=\"p1\"><span class=\"s1\">Patch Bordado \u2013 C\u00e2mera Digital<\/span><\/p>\n<p class=\"p1\"><span class=\"s2\">Adicione estilo e criatividade \u00e0s suas pe\u00e7as com este patch bordado de c\u00e2mera digital.<\/span><\/p>\n<p class=\"p1\"><span class=\"s2\">Perfeito para amantes de fotografia, pode ser aplicado em jaquetas, mochilas, bon\u00e9s, cal\u00e7as e muito mais. F\u00e1cil de costurar ou colar, transformando qualquer item b\u00e1sico em algo \u00fanico e cheio de personalidade.<\/span><\/p>\n<p class=\"p1\"><span class=\"s2\"><span style=\"color: #4a4a4a; font-family: Arial, Helvetica, sans-serif; font-size: 16px;\">Tamanho: 5,7 x 7,0 cm.<\/span><\/span><\/p>\n<p class=\"p1\"><span class=\"s2\">Material: bordado de alta qualidade<\/span><\/p>\n<p class=\"p1\"><span class=\"s2\">Ideal para fot\u00f3grafos e apaixonados por imagens<\/span><\/p>\n","protected":false},"excerpt":{"rendered":"<p>\u00a0 Aut\u00eantico BR44 (Desde 1987) Patch Bordado \u2013 C\u00e2mera Digital Adicione estilo e criatividade \u00e0s suas pe\u00e7as com este patch bordado de c\u00e2mera digital. Perfeito para amantes de fotografia, pode ser aplicado em jaquetas, mochilas, bon\u00e9s, cal\u00e7as e muito mais. F\u00e1cil de costurar ou colar, transformando qualquer item b\u00e1sico em algo \u00fanico e cheio de&#8230;<\/p>\n","protected":false},"featured_media":15149,"comment_status":"open","ping_status":"closed","template":"","meta":{"_kadence_starter_templates_imported_post":false,"_kad_post_transparent":"default","_kad_post_title":"","_kad_post_layout":"default","_kad_post_sidebar_id":"","_kad_post_content_style":"default","_kad_post_vertical_padding":"default","_kad_post_feature":"","_kad_post_feature_position":"","_kad_post_header":false,"_kad_post_footer":false,"_kad_post_classname":""},"product_brand":[],"product_cat":[16,24],"product_tag":[160],"class_list":{"0":"post-15144","1":"product","2":"type-product","3":"status-publish","4":"has-post-thumbnail","6":"product_cat-bordado","7":"product_cat-variados","8":"product_tag-camera-digital","9":"product_shipping_class-light","11":"first","12":"instock","13":"shipping-taxable","14":"purchasable","15":"product-type-variable","16":"entry","17":"content-bg","18":"loop-entry"},"_links":{"self":[{"href":"https:\/\/br44.com\/br\/wp-json\/wp\/v2\/product\/15144","targetHints":{"allow":["GET"]}}],"collection":[{"href":"https:\/\/br44.com\/br\/wp-json\/wp\/v2\/product"}],"about":[{"href":"https:\/\/br44.com\/br\/wp-json\/wp\/v2\/types\/product"}],"replies":[{"embeddable":true,"href":"https:\/\/br44.com\/br\/wp-json\/wp\/v2\/comments?post=15144"}],"wp:featuredmedia":[{"embeddable":true,"href":"https:\/\/br44.com\/br\/wp-json\/wp\/v2\/media\/15149"}],"wp:attachment":[{"href":"https:\/\/br44.com\/br\/wp-json\/wp\/v2\/media?parent=15144"}],"wp:term":[{"taxonomy":"product_brand","embeddable":true,"href":"https:\/\/br44.com\/br\/wp-json\/wp\/v2\/product_brand?post=15144"},{"taxonomy":"product_cat","embeddable":true,"href":"https:\/\/br44.com\/br\/wp-json\/wp\/v2\/product_cat?post=15144"},{"taxonomy":"product_tag","embeddable":true,"href":"https:\/\/br44.com\/br\/wp-json\/wp\/v2\/product_tag?post=15144"}],"curies":[{"name":"wp","href":"https:\/\/api.w.org\/{rel}","templated":true}]}}