{"id":15137,"date":"2025-09-23T14:14:42","date_gmt":"2025-09-23T17:14:42","guid":{"rendered":"https:\/\/br44.com\/br\/product\/v0043-001-globo-terrestre-patch-bordado-78x60cm\/"},"modified":"2026-02-02T09:25:04","modified_gmt":"2026-02-02T12:25:04","slug":"v0043-001-globo-terrestre-patch-bordado-78x60cm","status":"publish","type":"product","link":"https:\/\/br44.com\/br\/product\/v0043-001-globo-terrestre-patch-bordado-78x60cm\/","title":{"rendered":"V0043-001 Globo Terrestre Patch Bordado 7,8&#215;6,0cm"},"content":{"rendered":"<p><span style=\"color: #111111; font-family: Lato, sans-serif; font-size: medium;\">\u00a0<\/span><\/p>\n<p><span style=\"color: #4a4a4a; font-family: Arial, Helvetica, sans-serif; font-size: 16px;\">Aut\u00eantico BR44 (Desde 1987)<\/span><\/p>\n<p class=\"p1\"><span class=\"s1\">Patch Bordado \u2013 Globo Terrestre<\/span><\/p>\n<p class=\"p1\"><span class=\"s2\">Deixe suas roupas e acess\u00f3rios com um ar criativo e cheio de personalidade com este patch bordado de globo terrestre.<\/span><\/p>\n<p class=\"p1\"><span class=\"s2\">Perfeito para quem ama viajar ou se inspirar no mundo. Pode ser aplicado em jaquetas, mochilas, bon\u00e9s, cal\u00e7as e muito mais. F\u00e1cil de costurar ou colar, dando um visual \u00fanico e aut\u00eantico.<\/span><\/p>\n<p class=\"p1\"><span class=\"s2\">Tamanho: 7,8 x 6,0 cm.<\/span><\/p>\n<p class=\"p1\"><span class=\"s2\">\u00a0Material: bordado de alta qualidade<\/span><\/p>\n<p class=\"p1\"><span class=\"s2\">\u00a0Ideal para customiza\u00e7\u00e3o com estilo<\/span><\/p>\n","protected":false},"excerpt":{"rendered":"<p>\u00a0 Aut\u00eantico BR44 (Desde 1987) Patch Bordado \u2013 Globo Terrestre Deixe suas roupas e acess\u00f3rios com um ar criativo e cheio de personalidade com este patch bordado de globo terrestre. Perfeito para quem ama viajar ou se inspirar no mundo. Pode ser aplicado em jaquetas, mochilas, bon\u00e9s, cal\u00e7as e muito mais. F\u00e1cil de costurar ou&#8230;<\/p>\n","protected":false},"featured_media":15142,"comment_status":"open","ping_status":"closed","template":"","meta":{"_kadence_starter_templates_imported_post":false,"_kad_post_transparent":"default","_kad_post_title":"","_kad_post_layout":"default","_kad_post_sidebar_id":"","_kad_post_content_style":"default","_kad_post_vertical_padding":"default","_kad_post_feature":"","_kad_post_feature_position":"","_kad_post_header":false,"_kad_post_footer":false,"_kad_post_classname":""},"product_brand":[],"product_cat":[16,24],"product_tag":[159],"class_list":{"0":"post-15137","1":"product","2":"type-product","3":"status-publish","4":"has-post-thumbnail","6":"product_cat-bordado","7":"product_cat-variados","8":"product_tag-globo-terrestre","9":"product_shipping_class-light","11":"first","12":"instock","13":"shipping-taxable","14":"purchasable","15":"product-type-variable","16":"entry","17":"content-bg","18":"loop-entry"},"_links":{"self":[{"href":"https:\/\/br44.com\/br\/wp-json\/wp\/v2\/product\/15137","targetHints":{"allow":["GET"]}}],"collection":[{"href":"https:\/\/br44.com\/br\/wp-json\/wp\/v2\/product"}],"about":[{"href":"https:\/\/br44.com\/br\/wp-json\/wp\/v2\/types\/product"}],"replies":[{"embeddable":true,"href":"https:\/\/br44.com\/br\/wp-json\/wp\/v2\/comments?post=15137"}],"wp:featuredmedia":[{"embeddable":true,"href":"https:\/\/br44.com\/br\/wp-json\/wp\/v2\/media\/15142"}],"wp:attachment":[{"href":"https:\/\/br44.com\/br\/wp-json\/wp\/v2\/media?parent=15137"}],"wp:term":[{"taxonomy":"product_brand","embeddable":true,"href":"https:\/\/br44.com\/br\/wp-json\/wp\/v2\/product_brand?post=15137"},{"taxonomy":"product_cat","embeddable":true,"href":"https:\/\/br44.com\/br\/wp-json\/wp\/v2\/product_cat?post=15137"},{"taxonomy":"product_tag","embeddable":true,"href":"https:\/\/br44.com\/br\/wp-json\/wp\/v2\/product_tag?post=15137"}],"curies":[{"name":"wp","href":"https:\/\/api.w.org\/{rel}","templated":true}]}}