{"id":14698,"date":"2025-08-06T10:26:37","date_gmt":"2025-08-06T13:26:37","guid":{"rendered":"https:\/\/br44.com\/br\/product\/eml022-cobra-vai-fumar-patch-bordado-7x57cm\/"},"modified":"2026-04-24T07:17:54","modified_gmt":"2026-04-24T10:17:54","slug":"eml022-cobra-vai-fumar-patch-bordado-7x57cm","status":"publish","type":"product","link":"https:\/\/br44.com\/br\/product\/eml022-cobra-vai-fumar-patch-bordado-7x57cm\/","title":{"rendered":"EML022 Cobra Vai Fumar Patch Bordado 7&#215;5,7cm"},"content":{"rendered":"<p><span style=\"color: #111111; font-family: Lato, sans-serif; font-size: medium;\">\u00a0<\/span><\/p>\n<p><span style=\"color: #4a4a4a; font-family: Arial, Helvetica, sans-serif; font-size: 16px;\">Aut\u00eantico BR44 (Desde 1987)<\/span><\/p>\n<p style=\"font-size: 16px; margin-bottom: 20px; padding: 0px; border: 0px; line-height: inherit; vertical-align: baseline; font-family: Arial, Helvetica, sans-serif; color: #4a4a4a;\">Tamanho: 7 x 5,7 cm.<\/p>\n<p style=\"font-size: 16px; margin-bottom: 20px; padding: 0px; border: 0px; line-height: inherit; vertical-align: baseline; font-family: Arial, Helvetica, sans-serif; color: #4a4a4a;\">3 op\u00e7\u00f5es:<\/p>\n<p style=\"font-size: 16px; margin-bottom: 20px; padding: 0px; border: 0px; line-height: inherit; vertical-align: baseline; font-family: Arial, Helvetica, sans-serif; color: #4a4a4a;\">1- Termo adesivo ou costura.<\/p>\n<p style=\"font-size: 16px; margin-bottom: 20px; padding: 0px; border: 0px; line-height: inherit; vertical-align: baseline; font-family: Arial, Helvetica, sans-serif; color: #4a4a4a;\">2- Fecho de contato.<\/p>\n<p style=\"font-size: 16px; margin-bottom: 20px; padding: 0px; border: 0px; line-height: inherit; vertical-align: baseline; font-family: Arial, Helvetica, sans-serif; color: #4a4a4a;\">3- Arquivo Matriz para bordar em m\u00e1quina eletr\u00f4nica, formato: DSB, DST, EXP, HUS, JEF, PCS, PES, SEW, VP3, XXX.<\/p>\n<p style=\"font-size: 16px; margin-bottom: 20px; padding: 0px; border: 0px; line-height: inherit; vertical-align: baseline; font-family: Arial, Helvetica, sans-serif; color: #4a4a4a;\">Bordado de alta qualidade.100% BORDADO, resistente as lavagens e ao desbotamento, bordado com fios de poli\u00e9ster de alto brilho.<\/p>\n<p style=\"font-size: 16px; margin-bottom: 20px; padding: 0px; border: 0px; line-height: inherit; vertical-align: baseline; font-family: Arial, Helvetica, sans-serif; color: #4a4a4a;\">Sugest\u00f5es de uso: Aplicar em bon\u00e9s, chap\u00e9us, quimonos, camisas, mochilas e equipamentos t\u00e1ticos. ou qualquer outra pe\u00e7a de roupa para dar o seu toque pessoal e \u00fanico.<\/p>\n<p style=\"font-size: 16px; margin-bottom: 20px; padding: 0px; border: 0px; line-height: inherit; vertical-align: baseline; font-family: Arial, Helvetica, sans-serif; color: #4a4a4a;\">Temos a melhor qualidade e o melhor atendimento do mercado.<\/p>\n<p style=\"font-size: 16px; margin-bottom: 20px; padding: 0px; border: 0px; line-height: inherit; vertical-align: baseline; font-family: Arial, Helvetica, sans-serif; color: #4a4a4a;\">Clique em comprar e conhe\u00e7a nosso trabalho.<\/p>\n","protected":false},"excerpt":{"rendered":"<p>\u00a0 Aut\u00eantico BR44 (Desde 1987) Tamanho: 7 x 5,7 cm. 3 op\u00e7\u00f5es: 1- Termo adesivo ou costura. 2- Fecho de contato. 3- Arquivo Matriz para bordar em m\u00e1quina eletr\u00f4nica, formato: DSB, DST, EXP, HUS, JEF, PCS, PES, SEW, VP3, XXX. Bordado de alta qualidade.100% BORDADO, resistente as lavagens e ao desbotamento, bordado com fios de&#8230;<\/p>\n","protected":false},"featured_media":14702,"comment_status":"open","ping_status":"closed","template":"","meta":{"_kadence_starter_templates_imported_post":false,"_kad_post_transparent":"default","_kad_post_title":"","_kad_post_layout":"default","_kad_post_sidebar_id":"","_kad_post_content_style":"default","_kad_post_vertical_padding":"default","_kad_post_feature":"","_kad_post_feature_position":"","_kad_post_header":false,"_kad_post_footer":false,"_kad_post_classname":""},"product_brand":[],"product_cat":[23,16],"product_tag":[124],"class_list":{"0":"post-14698","1":"product","2":"type-product","3":"status-publish","4":"has-post-thumbnail","6":"product_cat-militar","7":"product_cat-bordado","8":"product_tag-military","9":"product_shipping_class-light","11":"first","12":"instock","13":"shipping-taxable","14":"purchasable","15":"product-type-variable","16":"entry","17":"content-bg","18":"loop-entry"},"_links":{"self":[{"href":"https:\/\/br44.com\/br\/wp-json\/wp\/v2\/product\/14698","targetHints":{"allow":["GET"]}}],"collection":[{"href":"https:\/\/br44.com\/br\/wp-json\/wp\/v2\/product"}],"about":[{"href":"https:\/\/br44.com\/br\/wp-json\/wp\/v2\/types\/product"}],"replies":[{"embeddable":true,"href":"https:\/\/br44.com\/br\/wp-json\/wp\/v2\/comments?post=14698"}],"wp:featuredmedia":[{"embeddable":true,"href":"https:\/\/br44.com\/br\/wp-json\/wp\/v2\/media\/14702"}],"wp:attachment":[{"href":"https:\/\/br44.com\/br\/wp-json\/wp\/v2\/media?parent=14698"}],"wp:term":[{"taxonomy":"product_brand","embeddable":true,"href":"https:\/\/br44.com\/br\/wp-json\/wp\/v2\/product_brand?post=14698"},{"taxonomy":"product_cat","embeddable":true,"href":"https:\/\/br44.com\/br\/wp-json\/wp\/v2\/product_cat?post=14698"},{"taxonomy":"product_tag","embeddable":true,"href":"https:\/\/br44.com\/br\/wp-json\/wp\/v2\/product_tag?post=14698"}],"curies":[{"name":"wp","href":"https:\/\/api.w.org\/{rel}","templated":true}]}}