{"id":14634,"date":"2025-07-25T12:04:30","date_gmt":"2025-07-25T15:04:30","guid":{"rendered":"https:\/\/br44.com\/br\/product\/bandeiras-racer-car046t-patch-bordado-para-macacao-kart\/"},"modified":"2026-02-17T09:49:01","modified_gmt":"2026-02-17T12:49:01","slug":"bandeiras-racer-car046t-patch-bordado-para-macacao-kart","status":"publish","type":"product","link":"https:\/\/br44.com\/br\/product\/bandeiras-racer-car046t-patch-bordado-para-macacao-kart\/","title":{"rendered":"Bandeiras Racer CAR046T Patch Bordado para Macac\u00e3o Kart"},"content":{"rendered":"<p>Fabricante: BR44 (Desde 1987)<\/p>\n<p>Modelo: Bandeiras corrida kart<\/p>\n<p>Tamanho: (10\u00d76,5 cm.) (3,94\u00d72,56 in.)<\/p>\n<p>Patch bordado termo adesivo, pode ser fixado com ferro quente ou costura.<\/p>\n<p>Ideal para, macac\u00e3o de corrida, camisa, colete, jaqueta, kimono e outros.<\/p>\n","protected":false},"excerpt":{"rendered":"<p>Fabricante: BR44 (Desde 1987) Modelo: Bandeiras corrida kart Tamanho: (10\u00d76,5 cm.) (3,94\u00d72,56 in.) Patch bordado termo adesivo, pode ser fixado com ferro quente ou costura. Ideal para, macac\u00e3o de corrida, camisa, colete, jaqueta, kimono e outros.<\/p>\n","protected":false},"featured_media":14641,"comment_status":"open","ping_status":"closed","template":"","meta":{"_kadence_starter_templates_imported_post":false,"_kad_post_transparent":"default","_kad_post_title":"","_kad_post_layout":"default","_kad_post_sidebar_id":"","_kad_post_content_style":"default","_kad_post_vertical_padding":"default","_kad_post_feature":"","_kad_post_feature_position":"","_kad_post_header":false,"_kad_post_footer":false,"_kad_post_classname":""},"product_brand":[],"product_cat":[16,21],"product_tag":[151],"class_list":{"0":"post-14634","1":"product","2":"type-product","3":"status-publish","4":"has-post-thumbnail","6":"product_cat-bordado","7":"product_cat-veiculos","8":"product_tag-kart","9":"product_shipping_class-light","11":"first","12":"instock","13":"shipping-taxable","14":"purchasable","15":"product-type-simple","16":"entry","17":"content-bg","18":"loop-entry"},"_links":{"self":[{"href":"https:\/\/br44.com\/br\/wp-json\/wp\/v2\/product\/14634","targetHints":{"allow":["GET"]}}],"collection":[{"href":"https:\/\/br44.com\/br\/wp-json\/wp\/v2\/product"}],"about":[{"href":"https:\/\/br44.com\/br\/wp-json\/wp\/v2\/types\/product"}],"replies":[{"embeddable":true,"href":"https:\/\/br44.com\/br\/wp-json\/wp\/v2\/comments?post=14634"}],"wp:featuredmedia":[{"embeddable":true,"href":"https:\/\/br44.com\/br\/wp-json\/wp\/v2\/media\/14641"}],"wp:attachment":[{"href":"https:\/\/br44.com\/br\/wp-json\/wp\/v2\/media?parent=14634"}],"wp:term":[{"taxonomy":"product_brand","embeddable":true,"href":"https:\/\/br44.com\/br\/wp-json\/wp\/v2\/product_brand?post=14634"},{"taxonomy":"product_cat","embeddable":true,"href":"https:\/\/br44.com\/br\/wp-json\/wp\/v2\/product_cat?post=14634"},{"taxonomy":"product_tag","embeddable":true,"href":"https:\/\/br44.com\/br\/wp-json\/wp\/v2\/product_tag?post=14634"}],"curies":[{"name":"wp","href":"https:\/\/api.w.org\/{rel}","templated":true}]}}