{"id":14430,"date":"2025-07-03T14:33:23","date_gmt":"2025-07-03T17:33:23","guid":{"rendered":"https:\/\/br44.com\/br\/product\/car071-001-quadrifolio-patch-bordado-76x76cm\/"},"modified":"2026-04-01T15:56:06","modified_gmt":"2026-04-01T18:56:06","slug":"car071-001-quadrifolio-patch-bordado-76x76cm","status":"publish","type":"product","link":"https:\/\/br44.com\/br\/product\/car071-001-quadrifolio-patch-bordado-76x76cm\/","title":{"rendered":"CAR071-001 Quadrif\u00f3lio Patch Bordado 7,6&#215;7,6cm"},"content":{"rendered":"<p><span style=\"color: #111111; font-family: Lato, sans-serif; font-size: medium;\">\u00a0<\/span><\/p>\n<p><span style=\"color: #4a4a4a; font-family: Arial, Helvetica, sans-serif; font-size: 16px;\">Aut\u00eantico BR44 (Desde 1987)<\/span><\/p>\n<p style=\"font-size: 16px; margin-bottom: 20px; padding: 0px; border: 0px; line-height: inherit; vertical-align: baseline; font-family: Arial, Helvetica, sans-serif; color: #4a4a4a;\">Tamanho: 7,6 x 7,6 cm.<\/p>\n<p style=\"font-size: 16px; margin-bottom: 20px; padding: 0px; border: 0px; line-height: inherit; vertical-align: baseline; font-family: Arial, Helvetica, sans-serif; color: #4a4a4a;\">4 op\u00e7\u00f5es:<\/p>\n<p style=\"font-size: 16px; margin-bottom: 20px; padding: 0px; border: 0px; line-height: inherit; vertical-align: baseline; font-family: Arial, Helvetica, sans-serif; color: #4a4a4a;\">1- Termo adesivo ou costura.<\/p>\n<p style=\"font-size: 16px; margin-bottom: 20px; padding: 0px; border: 0px; line-height: inherit; vertical-align: baseline; font-family: Arial, Helvetica, sans-serif; color: #4a4a4a;\">2- Fecho de contato.<\/p>\n<p style=\"font-size: 16px; margin-bottom: 20px; padding: 0px; border: 0px; line-height: inherit; vertical-align: baseline; font-family: Arial, Helvetica, sans-serif; color: #4a4a4a;\">3- Chaveiro.<\/p>\n<p style=\"font-size: 16px; margin-bottom: 20px; padding: 0px; border: 0px; line-height: inherit; vertical-align: baseline; font-family: Arial, Helvetica, sans-serif; color: #4a4a4a;\">4- Arquivo Matriz para bordar em m\u00e1quina eletr\u00f4nica, formato: DSB, DST, EXP, HUS, JEF, PCS, PES, SEW, VP3, XXX.<\/p>\n<p style=\"font-size: 16px; margin-bottom: 20px; padding: 0px; border: 0px; line-height: inherit; vertical-align: baseline; font-family: Arial, Helvetica, sans-serif; color: #4a4a4a;\">Bordado de alta qualidade.100% BORDADO, resistente as lavagens e ao desbotamento, bordado com fios de poli\u00e9ster de alto brilho.<\/p>\n<p style=\"font-size: 16px; margin-bottom: 20px; padding: 0px; border: 0px; line-height: inherit; vertical-align: baseline; font-family: Arial, Helvetica, sans-serif; color: #4a4a4a;\">Sugest\u00f5es de uso: Aplicar em bon\u00e9s, chap\u00e9us, quimonos, camisas, mochilas e equipamentos t\u00e1ticos. ou qualquer outra pe\u00e7a de roupa para dar o seu toque pessoal e \u00fanico.<\/p>\n<p style=\"font-size: 16px; margin-bottom: 20px; padding: 0px; border: 0px; line-height: inherit; vertical-align: baseline; font-family: Arial, Helvetica, sans-serif; color: #4a4a4a;\">Temos a melhor qualidade e o melhor atendimento do mercado.<\/p>\n<p style=\"font-size: 16px; margin-bottom: 20px; padding: 0px; border: 0px; line-height: inherit; vertical-align: baseline; font-family: Arial, Helvetica, sans-serif; color: #4a4a4a;\">Clique em comprar e conhe\u00e7a nosso trabalho.<\/p>\n","protected":false},"excerpt":{"rendered":"<p>\u00a0 Aut\u00eantico BR44 (Desde 1987) Tamanho: 7,6 x 7,6 cm. 4 op\u00e7\u00f5es: 1- Termo adesivo ou costura. 2- Fecho de contato. 3- Chaveiro. 4- Arquivo Matriz para bordar em m\u00e1quina eletr\u00f4nica, formato: DSB, DST, EXP, HUS, JEF, PCS, PES, SEW, VP3, XXX. Bordado de alta qualidade.100% BORDADO, resistente as lavagens e ao desbotamento, bordado com&#8230;<\/p>\n","protected":false},"featured_media":14439,"comment_status":"open","ping_status":"closed","template":"","meta":{"_kadence_starter_templates_imported_post":false,"_kad_post_transparent":"default","_kad_post_title":"","_kad_post_layout":"default","_kad_post_sidebar_id":"","_kad_post_content_style":"default","_kad_post_vertical_padding":"default","_kad_post_feature":"","_kad_post_feature_position":"","_kad_post_header":false,"_kad_post_footer":false,"_kad_post_classname":""},"product_brand":[],"product_cat":[16,21],"product_tag":[],"class_list":{"0":"post-14430","1":"product","2":"type-product","3":"status-publish","4":"has-post-thumbnail","6":"product_cat-bordado","7":"product_cat-veiculos","8":"product_shipping_class-light","10":"first","11":"instock","12":"shipping-taxable","13":"purchasable","14":"product-type-variable","15":"entry","16":"content-bg","17":"loop-entry"},"_links":{"self":[{"href":"https:\/\/br44.com\/br\/wp-json\/wp\/v2\/product\/14430","targetHints":{"allow":["GET"]}}],"collection":[{"href":"https:\/\/br44.com\/br\/wp-json\/wp\/v2\/product"}],"about":[{"href":"https:\/\/br44.com\/br\/wp-json\/wp\/v2\/types\/product"}],"replies":[{"embeddable":true,"href":"https:\/\/br44.com\/br\/wp-json\/wp\/v2\/comments?post=14430"}],"wp:featuredmedia":[{"embeddable":true,"href":"https:\/\/br44.com\/br\/wp-json\/wp\/v2\/media\/14439"}],"wp:attachment":[{"href":"https:\/\/br44.com\/br\/wp-json\/wp\/v2\/media?parent=14430"}],"wp:term":[{"taxonomy":"product_brand","embeddable":true,"href":"https:\/\/br44.com\/br\/wp-json\/wp\/v2\/product_brand?post=14430"},{"taxonomy":"product_cat","embeddable":true,"href":"https:\/\/br44.com\/br\/wp-json\/wp\/v2\/product_cat?post=14430"},{"taxonomy":"product_tag","embeddable":true,"href":"https:\/\/br44.com\/br\/wp-json\/wp\/v2\/product_tag?post=14430"}],"curies":[{"name":"wp","href":"https:\/\/api.w.org\/{rel}","templated":true}]}}