{"id":13944,"date":"2025-04-29T09:14:24","date_gmt":"2025-04-29T12:14:24","guid":{"rendered":"https:\/\/br44.com\/br\/product\/v0013-001-i-love-cats-patch-bordado-7x62cm\/"},"modified":"2025-05-12T21:24:44","modified_gmt":"2025-05-13T00:24:44","slug":"v0013-001-i-love-cats-patch-bordado-7x62cm","status":"publish","type":"product","link":"https:\/\/br44.com\/br\/product\/v0013-001-i-love-cats-patch-bordado-7x62cm\/","title":{"rendered":"V0013-001 I Love Cats Patch Bordado 6,5&#215;7,3cm"},"content":{"rendered":"<p>Aut\u00eantico BR44 (Desde 1987)<\/p>\n<p>4 op\u00e7\u00f5es:<\/p>\n<p>1- Termo adesivo ou costura.<\/p>\n<p>2- Fecho de contato. (DISPON\u00cdVEL EM BREVE)<\/p>\n<p>3- Chaveiro. (DISPON\u00cdVEL EM BREVE)<\/p>\n<p>4- Arquivo Matriz para bordar em m\u00e1quina eletr\u00f4nica, formato: DSB, DST, EXP, HUS, JEF, PCS, PES, SEW, VP3, XXX.<\/p>\n<p>Patch Bordado \u201cI \u2665 CATS\u201d \u2013 Personalize com Amor por Gatinhos!<\/p>\n<p>Mostre ao mundo o seu amor pelos felinos com este patch bordado super fofo e estiloso! Com a frase \u201cI \u2665 CATS\u201d, ele \u00e9 perfeito para quem \u00e9 apaixonado por gatos e quer expressar isso no look. O cora\u00e7\u00e3o vermelho vibrante d\u00e1 o destaque ideal, enquanto o bordado de alta qualidade garante durabilidade e charme.<\/p>\n<p>Detalhes do Produto:<\/p>\n<p>Tamanho aproximado: 6,5 cm x 7,3 cm;<\/p>\n<p>Material: Bordado no veludo branco com acabamento refor\u00e7ado;<\/p>\n<p>F\u00e1cil de aplicar: pode ser costurado ou colado com termocolante;<\/p>\n<p>Ideal para jaquetas, mochilas, camisetas, bon\u00e9s e muito mais!<\/p>\n<p>Transforme suas pe\u00e7as b\u00e1sicas em itens cheios de personalidade \u2013 adicione o patch \u201cI \u2665 CATS\u201d \u00e0 sua cole\u00e7\u00e3o agora!L EM BREVE)<\/p>\n<p>3- Chaveiro. (DISPON\u00cdVEL EM BREVE)<\/p>\n<p>4- Arquivo Matriz para bordar em m\u00e1quina eletr\u00f4nica, formato: DSB, DST, EXP, HUS, JEF, PCS, PES, SEW, VP3, XXX.<\/p>\n<p class=\"\" data-start=\"134\" data-end=\"178\">Patch Bordado \u201cI \u2665 CATS\u201d \u2013 Personalize com Amor por Gatinhos!<\/p>\n<p class=\"\" data-start=\"134\" data-end=\"178\">Mostre ao mundo o seu amor pelos felinos com este patch bordado super fofo e estiloso! Com a frase \u201cI \u2665 CATS\u201d, ele \u00e9 perfeito para quem \u00e9 apaixonado por gatos e quer expressar isso no look. O cora\u00e7\u00e3o vermelho vibrante d\u00e1 o destaque ideal, enquanto o bordado de alta qualidade garante durabilidade e charme.<\/p>\n<p class=\"\" data-start=\"134\" data-end=\"178\">Detalhes do Produto:<\/p>\n<p class=\"\" data-start=\"134\" data-end=\"178\">Tamanho aproximado: 6,5 cm x 7,3 cm;<\/p>\n<p class=\"\" data-start=\"134\" data-end=\"178\">Material: Tecido bordado com acabamento refor\u00e7ado;<\/p>\n<p class=\"\" data-start=\"134\" data-end=\"178\">F\u00e1cil de aplicar: pode ser costurado ou colado com termocolante;<\/p>\n<p class=\"\" data-start=\"134\" data-end=\"178\">Ideal para jaquetas, mochilas, camisetas, bon\u00e9s e muito mais!<\/p>\n<p class=\"\" data-start=\"134\" data-end=\"178\">Transforme suas pe\u00e7as b\u00e1sicas em itens cheios de personalidade \u2013 adicione o patch \u201cI \u2665 CATS\u201d \u00e0 sua cole\u00e7\u00e3o agora!<\/p>\n","protected":false},"excerpt":{"rendered":"<p>Aut\u00eantico BR44 (Desde 1987) 4 op\u00e7\u00f5es: 1- Termo adesivo ou costura. 2- Fecho de contato. (DISPON\u00cdVEL EM BREVE) 3- Chaveiro. (DISPON\u00cdVEL EM BREVE) 4- Arquivo Matriz para bordar em m\u00e1quina eletr\u00f4nica, formato: DSB, DST, EXP, HUS, JEF, PCS, PES, SEW, VP3, XXX. Patch Bordado \u201cI \u2665 CATS\u201d \u2013 Personalize com Amor por Gatinhos! Mostre ao&#8230;<\/p>\n","protected":false},"featured_media":13953,"comment_status":"open","ping_status":"closed","template":"","meta":{"_kadence_starter_templates_imported_post":false,"_kad_post_transparent":"default","_kad_post_title":"","_kad_post_layout":"default","_kad_post_sidebar_id":"","_kad_post_content_style":"default","_kad_post_vertical_padding":"default","_kad_post_feature":"","_kad_post_feature_position":"","_kad_post_header":false,"_kad_post_footer":false,"_kad_post_classname":""},"product_brand":[],"product_cat":[16,24],"product_tag":[],"class_list":{"0":"post-13944","1":"product","2":"type-product","3":"status-publish","4":"has-post-thumbnail","6":"product_cat-bordado","7":"product_cat-variados","8":"product_shipping_class-light","10":"first","11":"instock","12":"shipping-taxable","13":"purchasable","14":"product-type-variable","15":"entry","16":"content-bg","17":"loop-entry"},"_links":{"self":[{"href":"https:\/\/br44.com\/br\/wp-json\/wp\/v2\/product\/13944","targetHints":{"allow":["GET"]}}],"collection":[{"href":"https:\/\/br44.com\/br\/wp-json\/wp\/v2\/product"}],"about":[{"href":"https:\/\/br44.com\/br\/wp-json\/wp\/v2\/types\/product"}],"replies":[{"embeddable":true,"href":"https:\/\/br44.com\/br\/wp-json\/wp\/v2\/comments?post=13944"}],"wp:featuredmedia":[{"embeddable":true,"href":"https:\/\/br44.com\/br\/wp-json\/wp\/v2\/media\/13953"}],"wp:attachment":[{"href":"https:\/\/br44.com\/br\/wp-json\/wp\/v2\/media?parent=13944"}],"wp:term":[{"taxonomy":"product_brand","embeddable":true,"href":"https:\/\/br44.com\/br\/wp-json\/wp\/v2\/product_brand?post=13944"},{"taxonomy":"product_cat","embeddable":true,"href":"https:\/\/br44.com\/br\/wp-json\/wp\/v2\/product_cat?post=13944"},{"taxonomy":"product_tag","embeddable":true,"href":"https:\/\/br44.com\/br\/wp-json\/wp\/v2\/product_tag?post=13944"}],"curies":[{"name":"wp","href":"https:\/\/api.w.org\/{rel}","templated":true}]}}