{"id":13933,"date":"2025-04-28T16:12:14","date_gmt":"2025-04-28T19:12:14","guid":{"rendered":"https:\/\/br44.com\/br\/product\/v0011-001-i-love-dogs-patch-bordado-72x50cm\/"},"modified":"2025-07-25T09:12:29","modified_gmt":"2025-07-25T12:12:29","slug":"v0011-001-i-love-dogs-patch-bordado-72x50cm","status":"publish","type":"product","link":"https:\/\/br44.com\/br\/product\/v0011-001-i-love-dogs-patch-bordado-72x50cm\/","title":{"rendered":"V0011-001 I Love Dogs Patch Bordado 7&#215;6,2cm"},"content":{"rendered":"<p>Aut\u00eantico BR44 (Desde 1987)<\/p>\n<p>4 op\u00e7\u00f5es:<\/p>\n<p>1- Termo adesivo ou costura.<\/p>\n<p>2- Fecho de contato. (DISPON\u00cdVEL EM BREVE)<\/p>\n<p>3- Chaveiro. (DISPON\u00cdVEL EM BREVE)<\/p>\n<p>4- Arquivo Matriz para bordar em m\u00e1quina eletr\u00f4nica, formato: DSB, DST, EXP, HUS, JEF, PCS, PES, SEW, VP3, XXX.<\/p>\n<p class=\"\" data-start=\"134\" data-end=\"178\"><strong data-start=\"134\" data-end=\"178\">Patch Bordado \u201cI \u2764\ufe0f Dogs\u201d \u2013 Termocolante<\/strong><\/p>\n<p class=\"\" data-start=\"180\" data-end=\"459\">Mostre todo o seu amor pelos c\u00e3es com esse patch super fofo! O \u201cI \u2764\ufe0f Dogs\u201d \u00e9 perfeito para quem \u00e9 apaixonado por pets e quer levar essa paix\u00e3o para o look do dia a dia. Com bordado de alta qualidade e aplica\u00e7\u00e3o f\u00e1cil, \u00e9 ideal para customizar roupas e acess\u00f3rios de maneira \u00fanica.<\/p>\n<ul data-start=\"461\" data-end=\"714\">\n<li class=\"\" data-start=\"461\" data-end=\"511\">\n<p class=\"\" data-start=\"463\" data-end=\"511\"><strong data-start=\"463\" data-end=\"475\">Tamanho:<\/strong>\u00a0Aproximadamente 7 cm x 6,2 cm;<\/p>\n<\/li>\n<li class=\"\" data-start=\"512\" data-end=\"579\">\n<p class=\"\" data-start=\"514\" data-end=\"579\"><strong data-start=\"514\" data-end=\"528\">Aplica\u00e7\u00e3o:<\/strong>\u00a0Termocolante (basta aplicar com ferro de passar ou costurar);<\/p>\n<\/li>\n<li class=\"\" data-start=\"580\" data-end=\"637\">\n<p class=\"\" data-start=\"582\" data-end=\"637\"><strong data-start=\"582\" data-end=\"595\">Material:<\/strong> Bordado no veludo branco com acabamento refor\u00e7ado;<\/p>\n<\/li>\n<li class=\"\" data-start=\"638\" data-end=\"714\">\n<p class=\"\" data-start=\"640\" data-end=\"714\"><strong data-start=\"640\" data-end=\"655\">Ideal para:<\/strong>\u00a0Jaquetas, mochilas, bon\u00e9s, cal\u00e7as, bolsas e projetos DIY;<\/p>\n<\/li>\n<\/ul>\n<p class=\"\" data-start=\"716\" data-end=\"803\">D\u00ea um toque especial \u00e0s suas pe\u00e7as e declare seu amor pelos dogs com muito estilo! ????\u2764\ufe0f<\/p>\n","protected":false},"excerpt":{"rendered":"<p>Aut\u00eantico BR44 (Desde 1987) 4 op\u00e7\u00f5es: 1- Termo adesivo ou costura. 2- Fecho de contato. (DISPON\u00cdVEL EM BREVE) 3- Chaveiro. (DISPON\u00cdVEL EM BREVE) 4- Arquivo Matriz para bordar em m\u00e1quina eletr\u00f4nica, formato: DSB, DST, EXP, HUS, JEF, PCS, PES, SEW, VP3, XXX. Patch Bordado \u201cI \u2764\ufe0f Dogs\u201d \u2013 Termocolante Mostre todo o seu amor pelos&#8230;<\/p>\n","protected":false},"featured_media":13943,"comment_status":"open","ping_status":"closed","template":"","meta":{"_kadence_starter_templates_imported_post":false,"_kad_post_transparent":"default","_kad_post_title":"","_kad_post_layout":"default","_kad_post_sidebar_id":"","_kad_post_content_style":"default","_kad_post_vertical_padding":"default","_kad_post_feature":"","_kad_post_feature_position":"","_kad_post_header":false,"_kad_post_footer":false,"_kad_post_classname":""},"product_brand":[],"product_cat":[16,24],"product_tag":[],"class_list":{"0":"post-13933","1":"product","2":"type-product","3":"status-publish","4":"has-post-thumbnail","6":"product_cat-bordado","7":"product_cat-variados","8":"product_shipping_class-light","10":"first","11":"instock","12":"shipping-taxable","13":"purchasable","14":"product-type-variable","15":"entry","16":"content-bg","17":"loop-entry"},"_links":{"self":[{"href":"https:\/\/br44.com\/br\/wp-json\/wp\/v2\/product\/13933","targetHints":{"allow":["GET"]}}],"collection":[{"href":"https:\/\/br44.com\/br\/wp-json\/wp\/v2\/product"}],"about":[{"href":"https:\/\/br44.com\/br\/wp-json\/wp\/v2\/types\/product"}],"replies":[{"embeddable":true,"href":"https:\/\/br44.com\/br\/wp-json\/wp\/v2\/comments?post=13933"}],"wp:featuredmedia":[{"embeddable":true,"href":"https:\/\/br44.com\/br\/wp-json\/wp\/v2\/media\/13943"}],"wp:attachment":[{"href":"https:\/\/br44.com\/br\/wp-json\/wp\/v2\/media?parent=13933"}],"wp:term":[{"taxonomy":"product_brand","embeddable":true,"href":"https:\/\/br44.com\/br\/wp-json\/wp\/v2\/product_brand?post=13933"},{"taxonomy":"product_cat","embeddable":true,"href":"https:\/\/br44.com\/br\/wp-json\/wp\/v2\/product_cat?post=13933"},{"taxonomy":"product_tag","embeddable":true,"href":"https:\/\/br44.com\/br\/wp-json\/wp\/v2\/product_tag?post=13933"}],"curies":[{"name":"wp","href":"https:\/\/api.w.org\/{rel}","templated":true}]}}